{"id":264513,"date":"2022-12-01T11:39:56","date_gmt":"2022-12-01T10:39:56","guid":{"rendered":"http:\/\/dev.claret.cat\/producte\/la-vida-de-jesus-busca-y-encuentra-sara-y-simon\/"},"modified":"2026-02-25T17:35:55","modified_gmt":"2026-02-25T16:35:55","slug":"la-vida-de-jesus-busca-y-encuentra-sara-y-simon-9788432162213","status":"publish","type":"product","link":"https:\/\/www.claret.cat\/es\/libro\/la-vida-de-jesus-busca-y-encuentra-sara-y-simon-9788432162213\/","title":{"rendered":"LA VIDA DE JES\u00daS. BUSCA Y ENCUENTRA &#8211; SARA Y SIM\u00d3N"},"content":{"rendered":"<p>Una manera l\u00fadica de descubrir la vida de Jes\u00fas, a trav\u00e9s de un Busca y encuentra in\u00e9dito.<\/p>\n","protected":false},"excerpt":{"rendered":"<p>SUTTER, GEERT DE<\/p>\n","protected":false},"featured_media":379905,"template":"","meta":{"_acf_changed":false,"om_disable_all_campaigns":false,"rs_blank_template":"","rs_page_bg_color":"","slide_template_v7":"","inline_featured_image":false,"_monsterinsights_skip_tracking":false,"_monsterinsights_sitenote_active":false,"_monsterinsights_sitenote_note":"","_monsterinsights_sitenote_category":0},"product_brand":[],"product_cat":[227,389,230,391],"product_tag":[],"class_list":{"0":"post-264513","1":"product","2":"type-product","3":"status-publish","4":"has-post-thumbnail","6":"product_cat-formacio","7":"product_cat-formacion","8":"product_cat-jocs-cancons-i-dances","9":"product_cat-juegos-canciones-y-danzas","11":"first","12":"instock","13":"taxable","14":"shipping-taxable","15":"purchasable","16":"product-type-simple"},"acf":{"autor":"SUTTER, GEERT DE","codart":"843216221","libros-coleccion":"FORA DE COL.LECCI\u00d3","ediciones":"1","encuadernacion":"Carton\u00e9","fecha_de_publicacion":"07\/11\/2022","novedad":"1","paginas":"34","subtitulo":"BUSCA Y ENCUENTRA","orden":"0","portada":"0","idioma":"spa","editorial":[{"ID":6348,"post_author":"3","post_date":"2022-07-28 17:50:16","post_date_gmt":"2022-07-28 15:50:16","post_content":"","post_title":"Rialp","post_excerpt":"","post_status":"publish","comment_status":"closed","ping_status":"closed","post_password":"","post_name":"rialp","to_ping":"","pinged":"","post_modified":"2022-07-28 17:50:16","post_modified_gmt":"2022-07-28 15:50:16","post_content_filtered":"","post_parent":0,"guid":"http:\/\/dev.claret.cat\/editorial\/rialp\/","menu_order":0,"post_type":"editorial","post_mime_type":"","comment_count":"0","filter":"raw"}],"autores-libros":[{"ID":263504,"post_author":"3","post_date":"2022-12-01 11:18:02","post_date_gmt":"2022-12-01 10:18:02","post_content":"","post_title":"GEERT DE SUTTER","post_excerpt":"","post_status":"publish","comment_status":"closed","ping_status":"closed","post_password":"","post_name":"geert-de-sutter","to_ping":"","pinged":"","post_modified":"2022-12-01 11:18:02","post_modified_gmt":"2022-12-01 10:18:02","post_content_filtered":"","post_parent":0,"guid":"http:\/\/dev.claret.cat\/autor\/geert-de-sutter\/","menu_order":0,"post_type":"autor","post_mime_type":"","comment_count":"0","filter":"raw"}],"booktrailer":"","resenas":""},"aioseo_notices":[],"_links":{"self":[{"href":"https:\/\/www.claret.cat\/es\/wp-json\/wp\/v2\/product\/264513","targetHints":{"allow":["GET"]}}],"collection":[{"href":"https:\/\/www.claret.cat\/es\/wp-json\/wp\/v2\/product"}],"about":[{"href":"https:\/\/www.claret.cat\/es\/wp-json\/wp\/v2\/types\/product"}],"wp:featuredmedia":[{"embeddable":true,"href":"https:\/\/www.claret.cat\/es\/wp-json\/wp\/v2\/media\/379905"}],"wp:attachment":[{"href":"https:\/\/www.claret.cat\/es\/wp-json\/wp\/v2\/media?parent=264513"}],"wp:term":[{"taxonomy":"product_brand","embeddable":true,"href":"https:\/\/www.claret.cat\/es\/wp-json\/wp\/v2\/product_brand?post=264513"},{"taxonomy":"product_cat","embeddable":true,"href":"https:\/\/www.claret.cat\/es\/wp-json\/wp\/v2\/product_cat?post=264513"},{"taxonomy":"product_tag","embeddable":true,"href":"https:\/\/www.claret.cat\/es\/wp-json\/wp\/v2\/product_tag?post=264513"}],"curies":[{"name":"wp","href":"https:\/\/api.w.org\/{rel}","templated":true}]}}