{"id":264587,"date":"2022-12-01T11:41:58","date_gmt":"2022-12-01T10:41:58","guid":{"rendered":"http:\/\/dev.claret.cat\/producte\/manual-de-oracion\/"},"modified":"2026-02-26T17:55:10","modified_gmt":"2026-02-26T16:55:10","slug":"manual-de-oracion-9788430121397","status":"publish","type":"product","link":"https:\/\/www.claret.cat\/es\/libro\/manual-de-oracion-9788430121397\/","title":{"rendered":"MANUAL DE ORACI\u00d3N"},"content":{"rendered":"<p>Jalics no defrauda jam\u00e1s. Sus apuntes, incluso los de apariencia m\u00e1s modesta, ayudan a conectar con el propio coraz\u00f3n y despiertan a la vida. Este segundo volumen de su Opera omnia, a pesar de ser un texto primerizo, muestra con sus intuiciones el talante de este hombre bueno que se fue convirtiendo en maestro espiritual. Es cierto que la propuesta m\u00e1s definitiva se encuentra en Ejercicios de contemplaci\u00f3n, pero no es posible captar toda su riqueza si se desgajan del resto de escritos. Las nueve propuestas para el entrenamiento espiritual de este manual ofrecen al lector, de forma amena y did\u00e1ctica, las distintas formas que la tradici\u00f3n cristiana sugiere para relacionarse con Dios. En \u00e9l se parte de la recitaci\u00f3n de plegarias y la lectura de la Biblia, y se pasa por el coloquio, la relajaci\u00f3n, el recogimiento, el discernimiento y, por supuesto, la oraci\u00f3n en com\u00fan.<\/p>\n","protected":false},"excerpt":{"rendered":"<p>JALICS, FRANZ<\/p>\n","protected":false},"featured_media":393705,"template":"","meta":{"_acf_changed":false,"om_disable_all_campaigns":false,"rs_blank_template":"","rs_page_bg_color":"","slide_template_v7":"","inline_featured_image":false,"_monsterinsights_skip_tracking":false,"_monsterinsights_sitenote_active":false,"_monsterinsights_sitenote_note":"","_monsterinsights_sitenote_category":0},"product_brand":[],"product_cat":[485,232,396,247],"product_tag":[],"class_list":{"0":"post-264587","1":"product","2":"type-product","3":"status-publish","4":"has-post-thumbnail","6":"product_cat-autores-espiritualidad-1_espiritualidad","7":"product_cat-autors-espiritualitat","8":"product_cat-oracion","9":"product_cat-pregaria","11":"first","12":"instock","13":"taxable","14":"shipping-taxable","15":"purchasable","16":"product-type-simple"},"acf":{"autor":"JALICS, FRANZ","codart":"843012139","libros-coleccion":"","ediciones":"1","encuadernacion":"R\u00fastica","fecha_de_publicacion":"02\/11\/2022","novedad":"1","paginas":"160","subtitulo":"NUEVE PROPUESTAS PARA EL ENTRENAMIENTO ESPIRITUAL","orden":"0","portada":"1","idioma":"spa","editorial":[{"ID":6364,"post_author":"3","post_date":"2022-07-28 17:50:36","post_date_gmt":"2022-07-28 15:50:36","post_content":"","post_title":"S\u00edgueme","post_excerpt":"","post_status":"publish","comment_status":"closed","ping_status":"closed","post_password":"","post_name":"sigueme","to_ping":"","pinged":"","post_modified":"2022-07-28 17:50:36","post_modified_gmt":"2022-07-28 15:50:36","post_content_filtered":"","post_parent":0,"guid":"http:\/\/dev.claret.cat\/editorial\/sigueme\/","menu_order":0,"post_type":"editorial","post_mime_type":"","comment_count":"0","filter":"raw"}],"autores-libros":[{"ID":156378,"post_author":"3","post_date":"2022-10-14 15:20:20","post_date_gmt":"2022-10-14 13:20:20","post_content":"","post_title":"FRANZ JALICS","post_excerpt":"","post_status":"publish","comment_status":"closed","ping_status":"closed","post_password":"","post_name":"franz-jalics","to_ping":"","pinged":"","post_modified":"2022-10-14 15:20:20","post_modified_gmt":"2022-10-14 13:20:20","post_content_filtered":"","post_parent":0,"guid":"http:\/\/dev.claret.cat\/autor\/franz-jalics\/","menu_order":0,"post_type":"autor","post_mime_type":"","comment_count":"0","filter":"raw"}],"booktrailer":"","resenas":""},"aioseo_notices":[],"_links":{"self":[{"href":"https:\/\/www.claret.cat\/es\/wp-json\/wp\/v2\/product\/264587","targetHints":{"allow":["GET"]}}],"collection":[{"href":"https:\/\/www.claret.cat\/es\/wp-json\/wp\/v2\/product"}],"about":[{"href":"https:\/\/www.claret.cat\/es\/wp-json\/wp\/v2\/types\/product"}],"wp:featuredmedia":[{"embeddable":true,"href":"https:\/\/www.claret.cat\/es\/wp-json\/wp\/v2\/media\/393705"}],"wp:attachment":[{"href":"https:\/\/www.claret.cat\/es\/wp-json\/wp\/v2\/media?parent=264587"}],"wp:term":[{"taxonomy":"product_brand","embeddable":true,"href":"https:\/\/www.claret.cat\/es\/wp-json\/wp\/v2\/product_brand?post=264587"},{"taxonomy":"product_cat","embeddable":true,"href":"https:\/\/www.claret.cat\/es\/wp-json\/wp\/v2\/product_cat?post=264587"},{"taxonomy":"product_tag","embeddable":true,"href":"https:\/\/www.claret.cat\/es\/wp-json\/wp\/v2\/product_tag?post=264587"}],"curies":[{"name":"wp","href":"https:\/\/api.w.org\/{rel}","templated":true}]}}