{"id":264602,"date":"2022-12-01T11:42:20","date_gmt":"2022-12-01T10:42:20","guid":{"rendered":"http:\/\/dev.claret.cat\/producte\/el-espiritu-de-la-navidad\/"},"modified":"2025-05-29T13:50:20","modified_gmt":"2025-05-29T11:50:20","slug":"el-espiritu-de-la-navidad-9788418153808","status":"publish","type":"product","link":"https:\/\/www.claret.cat\/es\/libro\/el-espiritu-de-la-navidad-9788418153808\/","title":{"rendered":"EL ESP\u00cdRITU DE LA NAVIDAD"},"content":{"rendered":"<p>Recopilaci\u00f3n plenamente navide\u00f1a, emocionante, honda y divertida de todos los escritos del gran G.K. Chesterton acerca de la Navidad. Segunda edici\u00f3n ampliada.<\/p>\n<p>Ning\u00fan escritor podr\u00eda representar mejor que el gran G.K. Chesterton la figura de Pap\u00e1 Noel, por su descomunal volumen y su aire de feroc\u00edsima bondad. Pero no solo f\u00edsicamente, tambi\u00e9n en lo intelectual y emotivo ha sido Chesterton el m\u00e1s decidido, gozoso e insistente palad\u00edn de la Navidad, a la que dedic\u00f3 art\u00edculos y ensayos, cuentos y poemas e incluso una breve obra de teatro. Para disfrutar de esta navide\u00f1a, exhaustiva y sorprendente recopilaci\u00f3n, mucho m\u00e1s amplia que la editada en 1984 por Marie Smith y ahora por vez primera editada en Espa\u00f1a, no hace falta, en puridad, ser cristiano o especialmente religioso sino tan solo saber leer y formar parte de \u00abla raza humana\u00bb, esa misma a la que seg\u00fan el universalista y muy universal Chesterton pertenec\u00eda (y seguramente a\u00fan pertenece) la mayor parte de sus lectores.<\/p>\n","protected":false},"excerpt":{"rendered":"<p>CHESTERTON, GILBERT KEITH<\/p>\n","protected":false},"featured_media":327920,"template":"","meta":{"_acf_changed":false,"om_disable_all_campaigns":false,"rs_blank_template":"","rs_page_bg_color":"","slide_template_v7":"","inline_featured_image":false,"_monsterinsights_skip_tracking":false,"_monsterinsights_sitenote_active":false,"_monsterinsights_sitenote_note":"","_monsterinsights_sitenote_category":0},"product_brand":[],"product_cat":[509,279,399,253],"product_tag":[],"class_list":{"0":"post-264602","1":"product","2":"type-product","3":"status-publish","4":"has-post-thumbnail","6":"product_cat-antropologia-teologica-teologia-1_espiritualidad","7":"product_cat-antropologia-teologica","8":"product_cat-any-liturgic-liturgia-1_espiritualidad","9":"product_cat-any-liturgic","11":"first","12":"instock","13":"taxable","14":"shipping-taxable","15":"purchasable","16":"product-type-simple"},"acf":{"autor":"CHESTERTON, GILBERT KEITH","codart":"841815380","libros-coleccion":"Cl\u00e1sicos y Modernos","ediciones":"1","encuadernacion":"R\u00fastica","fecha_de_publicacion":"01\/11\/2022","novedad":"1","paginas":"252","subtitulo":"CUENTOS, POEMAS Y ART\u00cdCULOS","orden":"0","portada":"0","idioma":"spa","editorial":[{"ID":147808,"post_author":"3","post_date":"2022-10-14 11:53:22","post_date_gmt":"2022-10-14 09:53:22","post_content":"","post_title":"Ediciones Espuela de Plata","post_excerpt":"","post_status":"publish","comment_status":"closed","ping_status":"closed","post_password":"","post_name":"ediciones-espuela-de-plata","to_ping":"","pinged":"","post_modified":"2022-10-14 11:53:22","post_modified_gmt":"2022-10-14 09:53:22","post_content_filtered":"","post_parent":0,"guid":"http:\/\/dev.claret.cat\/editorial\/ediciones-espuela-de-plata\/","menu_order":0,"post_type":"editorial","post_mime_type":"","comment_count":"0","filter":"raw"}],"autores-libros":[{"ID":156882,"post_author":"3","post_date":"2022-10-14 15:24:23","post_date_gmt":"2022-10-14 13:24:23","post_content":"","post_title":"GILBERT KEITH CHESTERTON","post_excerpt":"","post_status":"publish","comment_status":"closed","ping_status":"closed","post_password":"","post_name":"gilbert-keith-chesterton","to_ping":"","pinged":"","post_modified":"2022-10-14 15:24:23","post_modified_gmt":"2022-10-14 13:24:23","post_content_filtered":"","post_parent":0,"guid":"http:\/\/dev.claret.cat\/autor\/gilbert-keith-chesterton\/","menu_order":0,"post_type":"autor","post_mime_type":"","comment_count":"0","filter":"raw"}],"traductores-libros":"","ilustradores-libros":"","formato":"","linkebook":"","precioebook":"","ebookportada":false,"ficha":"","muestra":"","presentacion":"","booktrailer":"","resenas":"","recomendamos":"","mas_vendido":""},"aioseo_notices":[],"_links":{"self":[{"href":"https:\/\/www.claret.cat\/es\/wp-json\/wp\/v2\/product\/264602","targetHints":{"allow":["GET"]}}],"collection":[{"href":"https:\/\/www.claret.cat\/es\/wp-json\/wp\/v2\/product"}],"about":[{"href":"https:\/\/www.claret.cat\/es\/wp-json\/wp\/v2\/types\/product"}],"wp:featuredmedia":[{"embeddable":true,"href":"https:\/\/www.claret.cat\/es\/wp-json\/wp\/v2\/media\/327920"}],"wp:attachment":[{"href":"https:\/\/www.claret.cat\/es\/wp-json\/wp\/v2\/media?parent=264602"}],"wp:term":[{"taxonomy":"product_brand","embeddable":true,"href":"https:\/\/www.claret.cat\/es\/wp-json\/wp\/v2\/product_brand?post=264602"},{"taxonomy":"product_cat","embeddable":true,"href":"https:\/\/www.claret.cat\/es\/wp-json\/wp\/v2\/product_cat?post=264602"},{"taxonomy":"product_tag","embeddable":true,"href":"https:\/\/www.claret.cat\/es\/wp-json\/wp\/v2\/product_tag?post=264602"}],"curies":[{"name":"wp","href":"https:\/\/api.w.org\/{rel}","templated":true}]}}