{"id":264608,"date":"2022-12-01T11:42:28","date_gmt":"2022-12-01T10:42:28","guid":{"rendered":"http:\/\/dev.claret.cat\/producte\/boulevard-libro-1-2\/"},"modified":"2023-10-06T07:11:00","modified_gmt":"2023-10-06T05:11:00","slug":"boulevard-libro-1-9788419241108","status":"publish","type":"product","link":"https:\/\/www.claret.cat\/es\/libro\/boulevard-libro-1-9788419241108\/","title":{"rendered":"BOULEVARD. LIBRO 1"},"content":{"rendered":"<p>Llega la edici\u00f3n de lujo del gran \u00e9xito que ha revolucionado la  literatura juvenil, el mayor fen\u00f3meno literario de los \u00faltimos a\u00f1os: BOULEVARD. Una preciosa edici\u00f3n especial con ilustraciones de las escenas m\u00e1s emotivas del libro \u00bfQUI\u00c9N DIJO QUE DESPU\u00c9S DE LA TORMENTA SALE EL SOL CUANDO PUEDE HABER UN RAYO? Luke Howland, lleno de problemas y sumido en una desesperaci\u00f3n profunda,  y Hasley Weigel, tan despistada como optimista, no se ajustan al prototipo de pareja perfecta. Como si cada uno fuese un cielo uno es tormenta y el otro un d\u00eda  soleado: \u00e9l es oscuridad. Ella un rayo de sol. Y, sin embargo, juntos deciden ponerle nombre a lo que hab\u00edan creado: un boulevard te\u00f1ido de tonos gris\u00e1ceos, celestes y azules el\u00e9ctricos prepar\u00e1ndose   para la tormenta. Ella era para \u00e9l y \u00e9l era para ella. Una historia de amor tan \u00fanica que te marcar\u00e1 para el resto de tus d\u00edas.<\/p>\n","protected":false},"excerpt":{"rendered":"<p>SALVADOR, FLOR M.<\/p>\n","protected":false},"featured_media":371268,"template":"","meta":{"_acf_changed":false,"om_disable_all_campaigns":false,"rs_blank_template":"","rs_page_bg_color":"","slide_template_v7":"","inline_featured_image":false,"_monsterinsights_skip_tracking":false,"_monsterinsights_sitenote_active":false,"_monsterinsights_sitenote_note":"","_monsterinsights_sitenote_category":0},"product_brand":[],"product_cat":[363],"product_tag":[],"class_list":{"0":"post-264608","1":"product","2":"type-product","3":"status-publish","4":"has-post-thumbnail","6":"product_cat-lecturas-por-adolescentes-12-18-anos","8":"first","9":"instock","10":"taxable","11":"shipping-taxable","12":"purchasable","13":"product-type-simple"},"acf":{"autor":"SALVADOR, FLOR M.","codart":"841924110","libros-coleccion":"FORA DE COL.LECCI\u00d3","ediciones":"1","encuadernacion":"Carton\u00e9","fecha_de_publicacion":"01\/11\/2022","novedad":"1","paginas":"0","subtitulo":"EDICI\u00d3N ESPECIAL ILUSTRADA","orden":"0","portada":"0","idioma":"spa","editorial":[{"ID":6310,"post_author":"3","post_date":"2022-07-28 17:49:26","post_date_gmt":"2022-07-28 15:49:26","post_content":"","post_title":"MONTENA","post_excerpt":"","post_status":"publish","comment_status":"closed","ping_status":"closed","post_password":"","post_name":"montena","to_ping":"","pinged":"","post_modified":"2022-07-28 17:49:26","post_modified_gmt":"2022-07-28 15:49:26","post_content_filtered":"","post_parent":0,"guid":"http:\/\/dev.claret.cat\/editorial\/montena\/","menu_order":0,"post_type":"editorial","post_mime_type":"","comment_count":"0","filter":"raw"}],"autores-libros":[{"ID":5477,"post_author":"3","post_date":"2022-07-28 17:24:49","post_date_gmt":"2022-07-28 15:24:49","post_content":"","post_title":"FLOR M. SALVADOR","post_excerpt":"","post_status":"publish","comment_status":"closed","ping_status":"closed","post_password":"","post_name":"flor-m-salvador","to_ping":"","pinged":"","post_modified":"2022-07-28 17:24:49","post_modified_gmt":"2022-07-28 15:24:49","post_content_filtered":"","post_parent":0,"guid":"http:\/\/dev.claret.cat\/autor\/flor-m-salvador\/","menu_order":0,"post_type":"autor","post_mime_type":"","comment_count":"0","filter":"raw"}]},"aioseo_notices":[],"_links":{"self":[{"href":"https:\/\/www.claret.cat\/es\/wp-json\/wp\/v2\/product\/264608","targetHints":{"allow":["GET"]}}],"collection":[{"href":"https:\/\/www.claret.cat\/es\/wp-json\/wp\/v2\/product"}],"about":[{"href":"https:\/\/www.claret.cat\/es\/wp-json\/wp\/v2\/types\/product"}],"wp:featuredmedia":[{"embeddable":true,"href":"https:\/\/www.claret.cat\/es\/wp-json\/wp\/v2\/media\/371268"}],"wp:attachment":[{"href":"https:\/\/www.claret.cat\/es\/wp-json\/wp\/v2\/media?parent=264608"}],"wp:term":[{"taxonomy":"product_brand","embeddable":true,"href":"https:\/\/www.claret.cat\/es\/wp-json\/wp\/v2\/product_brand?post=264608"},{"taxonomy":"product_cat","embeddable":true,"href":"https:\/\/www.claret.cat\/es\/wp-json\/wp\/v2\/product_cat?post=264608"},{"taxonomy":"product_tag","embeddable":true,"href":"https:\/\/www.claret.cat\/es\/wp-json\/wp\/v2\/product_tag?post=264608"}],"curies":[{"name":"wp","href":"https:\/\/api.w.org\/{rel}","templated":true}]}}