{"id":26462,"date":"2022-10-02T10:45:04","date_gmt":"2022-10-02T08:45:04","guid":{"rendered":"http:\/\/dev.claret.cat\/producte\/atenas-de-cerca-4\/"},"modified":"2023-01-28T14:54:30","modified_gmt":"2023-01-28T13:54:30","slug":"atenas-de-cerca-4-9788408201366","status":"publish","type":"product","link":"https:\/\/www.claret.cat\/es\/libro\/atenas-de-cerca-4-9788408201366\/","title":{"rendered":"ATENAS DE CERCA 4"},"content":{"rendered":"<p>Desali\u00f1ada y elegante por igual, Atenas es una embriagadora mezcla de historia y vanguardia. La vida social y cultural discurre, sortea e impregna los monumentos antiguos, presididos desde lo alto por la magn\u00edfica Acr\u00f3polis. La energ\u00eda fluye en las galer\u00edas, los debates pol\u00edticos y el arte callejero. Descubrirla sobre la marcha recompensar\u00e1 al viajero.<\/p>\n","protected":false},"excerpt":{"rendered":"<p>O NEILL, ZORA<\/p>\n","protected":false},"featured_media":68022,"template":"","meta":{"_acf_changed":false,"om_disable_all_campaigns":false,"rs_blank_template":"","rs_page_bg_color":"","slide_template_v7":"","inline_featured_image":false,"_monsterinsights_skip_tracking":false,"_monsterinsights_sitenote_active":false,"_monsterinsights_sitenote_note":"","_monsterinsights_sitenote_category":0},"product_brand":[],"product_cat":[107],"product_tag":[],"class_list":{"0":"post-26462","1":"product","2":"type-product","3":"status-publish","4":"has-post-thumbnail","6":"product_cat-guies-de-viatge","8":"first","9":"instock","10":"taxable","11":"shipping-taxable","12":"purchasable","13":"product-type-simple"},"acf":{"autor":"O NEILL, ZORA","codart":"840820136","libros-coleccion":"GU\u00cdAS DE CERCA LONELY PLANET","ediciones":"1","encuadernacion":"R\u00fastica","fecha_de_publicacion":"01\/06\/2019","novedad":"1","paginas":"192","subtitulo":"","orden":"0","portada":"0","idioma":"spa","editorial":[{"ID":148207,"post_author":"3","post_date":"2022-10-14 11:56:28","post_date_gmt":"2022-10-14 09:56:28","post_content":"","post_title":"GeoPlaneta","post_excerpt":"","post_status":"publish","comment_status":"closed","ping_status":"closed","post_password":"","post_name":"geoplaneta","to_ping":"","pinged":"","post_modified":"2022-10-14 11:56:28","post_modified_gmt":"2022-10-14 09:56:28","post_content_filtered":"","post_parent":0,"guid":"http:\/\/dev.claret.cat\/editorial\/geoplaneta\/","menu_order":0,"post_type":"editorial","post_mime_type":"","comment_count":"0","filter":"raw"}],"autores-libros":[{"ID":171696,"post_author":"3","post_date":"2022-10-14 22:45:29","post_date_gmt":"2022-10-14 20:45:29","post_content":"","post_title":"ZORA O NEILL","post_excerpt":"","post_status":"publish","comment_status":"closed","ping_status":"closed","post_password":"","post_name":"zora-o-neill","to_ping":"","pinged":"","post_modified":"2022-10-14 22:45:29","post_modified_gmt":"2022-10-14 20:45:29","post_content_filtered":"","post_parent":0,"guid":"http:\/\/dev.claret.cat\/autor\/zora-o-neill\/","menu_order":0,"post_type":"autor","post_mime_type":"","comment_count":"0","filter":"raw"}]},"aioseo_notices":[],"_links":{"self":[{"href":"https:\/\/www.claret.cat\/es\/wp-json\/wp\/v2\/product\/26462","targetHints":{"allow":["GET"]}}],"collection":[{"href":"https:\/\/www.claret.cat\/es\/wp-json\/wp\/v2\/product"}],"about":[{"href":"https:\/\/www.claret.cat\/es\/wp-json\/wp\/v2\/types\/product"}],"wp:featuredmedia":[{"embeddable":true,"href":"https:\/\/www.claret.cat\/es\/wp-json\/wp\/v2\/media\/68022"}],"wp:attachment":[{"href":"https:\/\/www.claret.cat\/es\/wp-json\/wp\/v2\/media?parent=26462"}],"wp:term":[{"taxonomy":"product_brand","embeddable":true,"href":"https:\/\/www.claret.cat\/es\/wp-json\/wp\/v2\/product_brand?post=26462"},{"taxonomy":"product_cat","embeddable":true,"href":"https:\/\/www.claret.cat\/es\/wp-json\/wp\/v2\/product_cat?post=26462"},{"taxonomy":"product_tag","embeddable":true,"href":"https:\/\/www.claret.cat\/es\/wp-json\/wp\/v2\/product_tag?post=26462"}],"curies":[{"name":"wp","href":"https:\/\/api.w.org\/{rel}","templated":true}]}}