{"id":264644,"date":"2022-12-01T11:43:31","date_gmt":"2022-12-01T10:43:31","guid":{"rendered":"http:\/\/dev.claret.cat\/producte\/sagrada-familia-monumental-cat-nova-edicio\/"},"modified":"2023-10-06T07:11:14","modified_gmt":"2023-10-06T05:11:14","slug":"sagrada-familia-monumental-cat-nova-edicio-9788419239457","status":"publish","type":"product","link":"https:\/\/www.claret.cat\/es\/libro\/sagrada-familia-monumental-cat-nova-edicio-9788419239457\/","title":{"rendered":"SAGRADA FAM\u00cdLIA MONUMENTAL &#8211; CAT (NOVA EDICI\u00d3)"},"content":{"rendered":"<p>Aquest llibre proposa un recorregut visual in\u00e8dit per la<br \/>Sagrada Fam\u00edlia, el fascinant temple imaginat per Antoni<br \/>Gaud\u00ed, a la construcci\u00f3 del qual va dedicar una bona<br \/>part de la seva vida. A trav\u00e9s de les imatges i dels textos<br \/>que les acompanyen, la Sagrada Fam\u00edlia es presenta<br \/>en tota la seva complexitat i ambici\u00f3. La c\u00e0mera del<br \/>fot\u00f2graf s\u2019ha endinsat en racons fins ara desconeguts,<br \/>tant de les seves fa\u00e7anes i torres com del seu immens<br \/>interior, tot oferint sorprenents punts de vista que permeten<br \/>redescobrir, amb uns nous ulls, l\u2019obra mestra del<br \/>genial arquitecte catal\u00e0. Un viatge \u00fanic, en definitiva,<br \/>per una icona de la Barcelona del segle xxi.<\/p>\n","protected":false},"excerpt":{"rendered":"<p>VENTEO, DANIEL<\/p>\n","protected":false},"featured_media":389690,"template":"","meta":{"_acf_changed":false,"om_disable_all_campaigns":false,"rs_blank_template":"","rs_page_bg_color":"","slide_template_v7":"","inline_featured_image":false,"_monsterinsights_skip_tracking":false,"_monsterinsights_sitenote_active":false,"_monsterinsights_sitenote_note":"","_monsterinsights_sitenote_category":0},"product_brand":[],"product_cat":[110,105],"product_tag":[],"class_list":{"0":"post-264644","1":"product","2":"type-product","3":"status-publish","4":"has-post-thumbnail","6":"product_cat-art","7":"product_cat-regal","9":"first","10":"instock","11":"taxable","12":"shipping-taxable","13":"purchasable","14":"product-type-simple"},"acf":{"autor":"VENTEO, DANIEL","codart":"841923945","libros-coleccion":"","ediciones":"1","encuadernacion":"Carton\u00e9","fecha_de_publicacion":"01\/11\/2022","novedad":"1","paginas":"184","subtitulo":"","orden":"0","portada":"0","idioma":"cat","editorial":[{"ID":147967,"post_author":"3","post_date":"2022-10-14 11:54:36","post_date_gmt":"2022-10-14 09:54:36","post_content":"","post_title":"EDITORIAL EFAD\u00d3S SL","post_excerpt":"","post_status":"publish","comment_status":"closed","ping_status":"closed","post_password":"","post_name":"editorial-efados-sl","to_ping":"","pinged":"","post_modified":"2022-10-14 11:54:36","post_modified_gmt":"2022-10-14 09:54:36","post_content_filtered":"","post_parent":0,"guid":"http:\/\/dev.claret.cat\/editorial\/editorial-efados-sl\/","menu_order":0,"post_type":"editorial","post_mime_type":"","comment_count":"0","filter":"raw"}],"autores-libros":[{"ID":153644,"post_author":"3","post_date":"2022-10-14 14:58:23","post_date_gmt":"2022-10-14 12:58:23","post_content":"","post_title":"DANIEL VENTEO","post_excerpt":"","post_status":"publish","comment_status":"closed","ping_status":"closed","post_password":"","post_name":"daniel-venteo-2","to_ping":"","pinged":"","post_modified":"2022-10-14 14:58:23","post_modified_gmt":"2022-10-14 12:58:23","post_content_filtered":"","post_parent":0,"guid":"http:\/\/dev.claret.cat\/autor\/daniel-venteo-2\/","menu_order":0,"post_type":"autor","post_mime_type":"","comment_count":"0","filter":"raw"}]},"aioseo_notices":[],"_links":{"self":[{"href":"https:\/\/www.claret.cat\/es\/wp-json\/wp\/v2\/product\/264644","targetHints":{"allow":["GET"]}}],"collection":[{"href":"https:\/\/www.claret.cat\/es\/wp-json\/wp\/v2\/product"}],"about":[{"href":"https:\/\/www.claret.cat\/es\/wp-json\/wp\/v2\/types\/product"}],"wp:featuredmedia":[{"embeddable":true,"href":"https:\/\/www.claret.cat\/es\/wp-json\/wp\/v2\/media\/389690"}],"wp:attachment":[{"href":"https:\/\/www.claret.cat\/es\/wp-json\/wp\/v2\/media?parent=264644"}],"wp:term":[{"taxonomy":"product_brand","embeddable":true,"href":"https:\/\/www.claret.cat\/es\/wp-json\/wp\/v2\/product_brand?post=264644"},{"taxonomy":"product_cat","embeddable":true,"href":"https:\/\/www.claret.cat\/es\/wp-json\/wp\/v2\/product_cat?post=264644"},{"taxonomy":"product_tag","embeddable":true,"href":"https:\/\/www.claret.cat\/es\/wp-json\/wp\/v2\/product_tag?post=264644"}],"curies":[{"name":"wp","href":"https:\/\/api.w.org\/{rel}","templated":true}]}}