{"id":264689,"date":"2022-12-01T11:45:56","date_gmt":"2022-12-01T10:45:56","guid":{"rendered":"http:\/\/dev.claret.cat\/producte\/cims-borrascosos-2\/"},"modified":"2026-02-27T12:01:03","modified_gmt":"2026-02-27T11:01:03","slug":"cims-borrascosos-9788418908866","status":"publish","type":"product","link":"https:\/\/www.claret.cat\/es\/libro\/cims-borrascosos-9788418908866\/","title":{"rendered":"CIMS BORRASCOSOS"},"content":{"rendered":"<p>La hist\u00f2ria de l&#8221;esclat irrefrenable d&#8221;una passi\u00f3 volc\u00e1nica. <\/p>\n<p>Quan el senyor Loockwod arriba a Cims borrascosos per parlar amb el propietari d&#8221;aquesta finca, el senyor Heatcliff, el qual li ha llogat durant una temporada una altra propietat seva, la majordoma li explica la hist\u00f2ria d&#8221;aquestes cases i de les fam\u00edlies que hi vivien. <\/p>\n<p>A la mansi\u00f3 de Cims borrascosos, hi vivia abans el senyor Earnshaw amb dos fills: en Hindley i la Catherine. Despr\u00e9s d&#8221;un viatge, el pare va tornar a la finca amb un nen orfe que havia trobat pels carrers de Liverpool, que van anomenar Heathcliff i que, d&#8221;aleshores endavant, havia de ser tractat com un membre m\u00e9s de la fam\u00edlia. La Catherine i en Heathcliff, salvatges i fer\u00e9stecs, van esdevenir inseparables, i es passaven els dies corrent pels erms amb el vent a la cara. <\/p>\n<p>En morir el pare, en Hindley va heretar la mansi\u00f3 i va relegar en Heatcliff a la posici\u00f3 de servent, per la qual cosa, a banda de les humiliacions constants rebudes per part d&#8221;en Hindley, en Heathcliff es va anar convertint en un jove cada vegada m\u00e9s violent i tr\u00e0gic.<\/p>\n<p>Amb la intenci\u00f3 que la seva germana faci un bon matrimoni, en Hindley encoratja la Catherine a relacionar-se amb els seus elegants ve\u00efns, l&#8221;Edgar i la Isabella Linton, per\u00f2 ella no pot evitar sentir-se \u00edntimament lligada a en Heatchliff, per b\u00e9 que tamb\u00e9 se sent afalagada per les atencions del distingit Linton, un jove amable i bonhomi\u00f3s.<\/p>\n","protected":false},"excerpt":{"rendered":"<p>BRONT\u00cb, EMILY<\/p>\n","protected":false},"featured_media":310635,"template":"","meta":{"_acf_changed":false,"om_disable_all_campaigns":false,"rs_blank_template":"","rs_page_bg_color":"","slide_template_v7":"","inline_featured_image":false,"_monsterinsights_skip_tracking":false,"_monsterinsights_sitenote_active":false,"_monsterinsights_sitenote_note":"","_monsterinsights_sitenote_category":0},"product_brand":[],"product_cat":[354,123],"product_tag":[],"class_list":{"0":"post-264689","1":"product","2":"type-product","3":"status-publish","4":"has-post-thumbnail","6":"product_cat-clasica","7":"product_cat-classica","9":"first","10":"instock","11":"taxable","12":"shipping-taxable","13":"purchasable","14":"product-type-simple"},"acf":{"autor":"BRONT\u00cb, EMILY","codart":"841890886","libros-coleccion":"FORA DE COL.LECCI\u00d3","ediciones":"1","encuadernacion":"Carton\u00e9","fecha_de_publicacion":"01\/11\/2022","novedad":"1","paginas":"404","subtitulo":"","orden":"0","portada":"0","idioma":"cat","editorial":[{"ID":6392,"post_author":"3","post_date":"2022-07-28 17:51:10","post_date_gmt":"2022-07-28 15:51:10","post_content":"","post_title":"Viena","post_excerpt":"","post_status":"publish","comment_status":"closed","ping_status":"closed","post_password":"","post_name":"viena","to_ping":"","pinged":"","post_modified":"2022-07-28 17:51:10","post_modified_gmt":"2022-07-28 15:51:10","post_content_filtered":"","post_parent":0,"guid":"http:\/\/dev.claret.cat\/editorial\/viena\/","menu_order":0,"post_type":"editorial","post_mime_type":"","comment_count":"0","filter":"raw"}],"autores-libros":[{"ID":155005,"post_author":"3","post_date":"2022-10-14 15:09:24","post_date_gmt":"2022-10-14 13:09:24","post_content":"","post_title":"EMILY BRONTE","post_excerpt":"","post_status":"publish","comment_status":"closed","ping_status":"closed","post_password":"","post_name":"emily-bronte","to_ping":"","pinged":"","post_modified":"2022-10-14 15:09:24","post_modified_gmt":"2022-10-14 13:09:24","post_content_filtered":"","post_parent":0,"guid":"http:\/\/dev.claret.cat\/autor\/emily-bronte\/","menu_order":0,"post_type":"autor","post_mime_type":"","comment_count":"0","filter":"raw"}],"booktrailer":"","resenas":""},"aioseo_notices":[],"_links":{"self":[{"href":"https:\/\/www.claret.cat\/es\/wp-json\/wp\/v2\/product\/264689","targetHints":{"allow":["GET"]}}],"collection":[{"href":"https:\/\/www.claret.cat\/es\/wp-json\/wp\/v2\/product"}],"about":[{"href":"https:\/\/www.claret.cat\/es\/wp-json\/wp\/v2\/types\/product"}],"wp:featuredmedia":[{"embeddable":true,"href":"https:\/\/www.claret.cat\/es\/wp-json\/wp\/v2\/media\/310635"}],"wp:attachment":[{"href":"https:\/\/www.claret.cat\/es\/wp-json\/wp\/v2\/media?parent=264689"}],"wp:term":[{"taxonomy":"product_brand","embeddable":true,"href":"https:\/\/www.claret.cat\/es\/wp-json\/wp\/v2\/product_brand?post=264689"},{"taxonomy":"product_cat","embeddable":true,"href":"https:\/\/www.claret.cat\/es\/wp-json\/wp\/v2\/product_cat?post=264689"},{"taxonomy":"product_tag","embeddable":true,"href":"https:\/\/www.claret.cat\/es\/wp-json\/wp\/v2\/product_tag?post=264689"}],"curies":[{"name":"wp","href":"https:\/\/api.w.org\/{rel}","templated":true}]}}