{"id":264749,"date":"2022-12-01T11:47:44","date_gmt":"2022-12-01T10:47:44","guid":{"rendered":"http:\/\/dev.claret.cat\/producte\/agencia-quatre-potes-3-el-misteri-de-les-pilotes-robades\/"},"modified":"2025-10-20T18:09:17","modified_gmt":"2025-10-20T16:09:17","slug":"agencia-quatre-potes-3-el-misteri-de-les-pilotes-robades-9788413893549","status":"publish","type":"product","link":"https:\/\/www.claret.cat\/es\/libro\/agencia-quatre-potes-3-el-misteri-de-les-pilotes-robades-9788413893549\/","title":{"rendered":"AG\u00c8NCIA QUATRE POTES 3. EL MISTERI DE LES PILOTES ROBADES"},"content":{"rendered":"<p>El Gran Eslam, el torneig de tennis m\u00e9s important de Vilaquisso, est\u00e0 a punt de comen\u00e7ar&#8230; i no hi ha ni una sola pilota! Alg\u00fa les ha robat&#8230; per\u00f2 qui? Ha estat en Llebrer Federer? O potser l&#8217;Andre Agossi? I la Naomi Ossada no sembla que amagui alguna cosa?<br \/> Els Quatre Potes tenen el pla perfecte per enxampar el xori\u00e7o. I no el que es menja, precisament!<br \/> En Bordall i la Ullal no s&#8221;estan per roman\u00e7os i van de dret cap a la pista&#8230; de tennis! Aconseguiran ca\u00e7ar el lladregot abans no sigui massa tard?<\/p>\n","protected":false},"excerpt":{"rendered":"<p>TEMPLE, KATE \/ TEMPLE, JOL<\/p>\n","protected":false},"featured_media":264750,"template":"","meta":{"_acf_changed":false,"om_disable_all_campaigns":false,"rs_blank_template":"","rs_page_bg_color":"","slide_template_v7":"","inline_featured_image":false,"_monsterinsights_skip_tracking":false,"_monsterinsights_sitenote_active":false,"_monsterinsights_sitenote_note":"","_monsterinsights_sitenote_category":0},"product_brand":[],"product_cat":[132,362],"product_tag":[],"class_list":{"0":"post-264749","1":"product","2":"type-product","3":"status-publish","4":"has-post-thumbnail","6":"product_cat-lectures-per-preadolescents-6-12-anys","7":"product_cat-libros-preadolescentes-6-12-anos","9":"first","10":"instock","11":"taxable","12":"shipping-taxable","13":"purchasable","14":"product-type-simple"},"acf":{"autor":"TEMPLE, KATE \/ TEMPLE, JOL","codart":"841389354","libros-coleccion":"Lectors avan\u00e7ats","ediciones":"1","encuadernacion":"R\u00fastica","fecha_de_publicacion":"01\/11\/2022","novedad":"1","paginas":"176","subtitulo":"","orden":"0","portada":"0","idioma":"cat","editorial":[{"ID":6249,"post_author":"3","post_date":"2022-07-28 17:48:09","post_date_gmt":"2022-07-28 15:48:09","post_content":"","post_title":"Estrella Polar","post_excerpt":"","post_status":"publish","comment_status":"closed","ping_status":"closed","post_password":"","post_name":"estrella-polar","to_ping":"","pinged":"","post_modified":"2022-07-28 17:48:09","post_modified_gmt":"2022-07-28 15:48:09","post_content_filtered":"","post_parent":0,"guid":"http:\/\/dev.claret.cat\/editorial\/estrella-polar\/","menu_order":0,"post_type":"editorial","post_mime_type":"","comment_count":"0","filter":"raw"}],"autores-libros":[{"ID":263642,"post_author":"3","post_date":"2022-12-01 11:19:21","post_date_gmt":"2022-12-01 10:19:21","post_content":"","post_title":"KATE TEMPLE","post_excerpt":"","post_status":"publish","comment_status":"closed","ping_status":"closed","post_password":"","post_name":"kate-temple","to_ping":"","pinged":"","post_modified":"2022-12-01 11:19:21","post_modified_gmt":"2022-12-01 10:19:21","post_content_filtered":"","post_parent":0,"guid":"http:\/\/dev.claret.cat\/autor\/kate-temple\/","menu_order":0,"post_type":"autor","post_mime_type":"","comment_count":"0","filter":"raw"},{"ID":263592,"post_author":"3","post_date":"2022-12-01 11:18:52","post_date_gmt":"2022-12-01 10:18:52","post_content":"","post_title":"JOL TEMPLE","post_excerpt":"","post_status":"publish","comment_status":"closed","ping_status":"closed","post_password":"","post_name":"jol-temple","to_ping":"","pinged":"","post_modified":"2022-12-01 11:18:52","post_modified_gmt":"2022-12-01 10:18:52","post_content_filtered":"","post_parent":0,"guid":"http:\/\/dev.claret.cat\/autor\/jol-temple\/","menu_order":0,"post_type":"autor","post_mime_type":"","comment_count":"0","filter":"raw"}],"booktrailer":"","resenas":""},"aioseo_notices":[],"_links":{"self":[{"href":"https:\/\/www.claret.cat\/es\/wp-json\/wp\/v2\/product\/264749","targetHints":{"allow":["GET"]}}],"collection":[{"href":"https:\/\/www.claret.cat\/es\/wp-json\/wp\/v2\/product"}],"about":[{"href":"https:\/\/www.claret.cat\/es\/wp-json\/wp\/v2\/types\/product"}],"wp:featuredmedia":[{"embeddable":true,"href":"https:\/\/www.claret.cat\/es\/wp-json\/wp\/v2\/media\/264750"}],"wp:attachment":[{"href":"https:\/\/www.claret.cat\/es\/wp-json\/wp\/v2\/media?parent=264749"}],"wp:term":[{"taxonomy":"product_brand","embeddable":true,"href":"https:\/\/www.claret.cat\/es\/wp-json\/wp\/v2\/product_brand?post=264749"},{"taxonomy":"product_cat","embeddable":true,"href":"https:\/\/www.claret.cat\/es\/wp-json\/wp\/v2\/product_cat?post=264749"},{"taxonomy":"product_tag","embeddable":true,"href":"https:\/\/www.claret.cat\/es\/wp-json\/wp\/v2\/product_tag?post=264749"}],"curies":[{"name":"wp","href":"https:\/\/api.w.org\/{rel}","templated":true}]}}