{"id":264761,"date":"2022-12-01T11:48:03","date_gmt":"2022-12-01T10:48:03","guid":{"rendered":"http:\/\/dev.claret.cat\/producte\/tres-pequenos-monos-en-navidad\/"},"modified":"2023-10-06T07:13:57","modified_gmt":"2023-10-06T05:13:57","slug":"tres-pequenos-monos-en-navidad-9788419207975","status":"publish","type":"product","link":"https:\/\/www.claret.cat\/es\/libro\/tres-pequenos-monos-en-navidad-9788419207975\/","title":{"rendered":"TRES PEQUE\u00d1OS MONOS EN NAVIDAD"},"content":{"rendered":"<p> Ficha de lectura compartida<\/p>\n<p> Hilda Snibbs y sus tres peque\u00f1os monos: Tim, Sam y Lul\u00fa, van a pasar la Navidad con el t\u00edo Gilbert. \u00a1La diversi\u00f3n est\u00e1 asegurada en esta nueva aventura!<\/p>\n<p> El t\u00edo Gilbert vive en la abundancia y planea unas Navidades de lo m\u00e1s tradicional, con \u00e1rbol, adornos y regalos incluidos. Pero con estos tres traviesos monitos pueden pasar muchas cosas\u2026<\/p>\n","protected":false},"excerpt":{"rendered":"<p>BLAKE, QUENTIN<\/p>\n","protected":false},"featured_media":326164,"template":"","meta":{"_acf_changed":false,"om_disable_all_campaigns":false,"rs_blank_template":"","rs_page_bg_color":"","slide_template_v7":"","inline_featured_image":false,"_monsterinsights_skip_tracking":false,"_monsterinsights_sitenote_active":false,"_monsterinsights_sitenote_note":"","_monsterinsights_sitenote_category":0},"product_brand":[],"product_cat":[361],"product_tag":[],"class_list":{"0":"post-264761","1":"product","2":"type-product","3":"status-publish","4":"has-post-thumbnail","6":"product_cat-cuentos-para-ninos-0-6-anos","8":"first","9":"instock","10":"taxable","11":"shipping-taxable","12":"purchasable","13":"product-type-simple"},"acf":{"autor":"BLAKE, QUENTIN","codart":"841920797","libros-coleccion":"Siruela Ilustrada","ediciones":"1","encuadernacion":"Carton\u00e9","fecha_de_publicacion":"01\/11\/2022","novedad":"1","paginas":"32","subtitulo":"","orden":"0","portada":"0","idioma":"spa","editorial":[{"ID":6365,"post_author":"3","post_date":"2022-07-28 17:50:37","post_date_gmt":"2022-07-28 15:50:37","post_content":"","post_title":"Siruela","post_excerpt":"","post_status":"publish","comment_status":"closed","ping_status":"closed","post_password":"","post_name":"siruela","to_ping":"","pinged":"","post_modified":"2022-07-28 17:50:37","post_modified_gmt":"2022-07-28 15:50:37","post_content_filtered":"","post_parent":0,"guid":"http:\/\/dev.claret.cat\/editorial\/siruela\/","menu_order":0,"post_type":"editorial","post_mime_type":"","comment_count":"0","filter":"raw"}],"autores-libros":[{"ID":167450,"post_author":"3","post_date":"2022-10-14 18:11:18","post_date_gmt":"2022-10-14 16:11:18","post_content":"","post_title":"QUENTIN BLAKE","post_excerpt":"","post_status":"publish","comment_status":"closed","ping_status":"closed","post_password":"","post_name":"quentin-blake","to_ping":"","pinged":"","post_modified":"2022-10-14 18:11:18","post_modified_gmt":"2022-10-14 16:11:18","post_content_filtered":"","post_parent":0,"guid":"http:\/\/dev.claret.cat\/autor\/quentin-blake\/","menu_order":0,"post_type":"autor","post_mime_type":"","comment_count":"0","filter":"raw"}]},"aioseo_notices":[],"_links":{"self":[{"href":"https:\/\/www.claret.cat\/es\/wp-json\/wp\/v2\/product\/264761","targetHints":{"allow":["GET"]}}],"collection":[{"href":"https:\/\/www.claret.cat\/es\/wp-json\/wp\/v2\/product"}],"about":[{"href":"https:\/\/www.claret.cat\/es\/wp-json\/wp\/v2\/types\/product"}],"wp:featuredmedia":[{"embeddable":true,"href":"https:\/\/www.claret.cat\/es\/wp-json\/wp\/v2\/media\/326164"}],"wp:attachment":[{"href":"https:\/\/www.claret.cat\/es\/wp-json\/wp\/v2\/media?parent=264761"}],"wp:term":[{"taxonomy":"product_brand","embeddable":true,"href":"https:\/\/www.claret.cat\/es\/wp-json\/wp\/v2\/product_brand?post=264761"},{"taxonomy":"product_cat","embeddable":true,"href":"https:\/\/www.claret.cat\/es\/wp-json\/wp\/v2\/product_cat?post=264761"},{"taxonomy":"product_tag","embeddable":true,"href":"https:\/\/www.claret.cat\/es\/wp-json\/wp\/v2\/product_tag?post=264761"}],"curies":[{"name":"wp","href":"https:\/\/api.w.org\/{rel}","templated":true}]}}