{"id":264785,"date":"2022-12-01T11:48:39","date_gmt":"2022-12-01T10:48:39","guid":{"rendered":"http:\/\/dev.claret.cat\/producte\/contes-dhivern-de-lucia-mi-pediatra\/"},"modified":"2025-10-20T20:30:23","modified_gmt":"2025-10-20T18:30:23","slug":"contes-dhivern-de-lucia-mi-pediatra-9788413894171","status":"publish","type":"product","link":"https:\/\/www.claret.cat\/es\/libro\/contes-dhivern-de-lucia-mi-pediatra-9788413894171\/","title":{"rendered":"CONTES D&#8217;HIVERN DE LUC\u00cdA, MI PEDIATRA"},"content":{"rendered":"<p>Hola! Soc la Lola i torno a ser aqu\u00ed amb el meu germ\u00e0 Toni i la nostra pediatra favorita, la Luc\u00eda, aquest cop per donar la benvinguda a l&#8221;hivern. <br \/> Em costa respirar i no paro de tossir, i la Luc\u00eda, la meva pediatra, m&#8221;explica que tinc bronquitis, per\u00f2 que fent servir la trompeta m\u00e0gica i tossint ben fort aconseguir\u00e9 expulsar els microbis i els mocs que tinc als pulmons. Com que estic malalta, els avis venen a cuidar-me i la Luc\u00eda i jo expliquem a l&#8221;\u00e0via que no em refredar\u00e9 per anar descal\u00e7a per casa, perqu\u00e8\u2026 els microbis no entren pels peus! Quan em recupero, la mare ens duu a mi i a l&#8221;Alba, la meva millor amiga, que t\u00e9 s\u00edndrome de Down, a classe de pintura, on aprenem sobre la diversitat i la toler\u00e0ncia. Quan anem a donar les cartes als Reis d&#8221;Orient, els portem tamb\u00e9 tres bosses plenes de joguines que ja no fem servir, la roba que ens ha quedat petita i aliments f\u00e0cils de conservar per ajudar els m\u00e9s necessitats. La nostra generositat els ha agradat tant als Reis Mags que ens recompensen\u2026 amb una nevada! A m\u00e9s, tindr\u00e9 un somni en qu\u00e8 coneixer\u00e9 el ping\u00fc\u00ed Filip\u00ed i la import\u00e0ncia dels l\u00edmits.<br \/> La Luc\u00eda, mi pediatra ens presenta cinc contes perqu\u00e8 els infants entenguin millor com funcionen el seu cos i la seva ment\u00a0durant l&#8221;hivern&#8230; i durant tot l&#8221;any!<\/p>\n","protected":false},"excerpt":{"rendered":"<p>GAL\u00c1N BERTRAND, LUC\u00cdA \/ APARICIO, N\u00daRIA<\/p>\n","protected":false},"featured_media":276314,"template":"","meta":{"_acf_changed":false,"om_disable_all_campaigns":false,"rs_blank_template":"","rs_page_bg_color":"","slide_template_v7":"","inline_featured_image":false,"_monsterinsights_skip_tracking":false,"_monsterinsights_sitenote_active":false,"_monsterinsights_sitenote_note":"","_monsterinsights_sitenote_category":0},"product_brand":[],"product_cat":[132,362],"product_tag":[],"class_list":{"0":"post-264785","1":"product","2":"type-product","3":"status-publish","4":"has-post-thumbnail","6":"product_cat-lectures-per-preadolescents-6-12-anys","7":"product_cat-libros-preadolescentes-6-12-anos","9":"first","10":"instock","11":"taxable","12":"shipping-taxable","13":"purchasable","14":"product-type-simple"},"acf":{"autor":"GAL\u00c1N BERTRAND, LUC\u00cdA \/ APARICIO, N\u00daRIA","codart":"841389417","libros-coleccion":"Contes","ediciones":"1","encuadernacion":"Carton\u00e9","fecha_de_publicacion":"01\/11\/2022","novedad":"1","paginas":"74","subtitulo":"IL\u00b7LUSTRACIONS DE N\u00daRIA APARICIO","orden":"0","portada":"0","idioma":"cat","editorial":[{"ID":6249,"post_author":"3","post_date":"2022-07-28 17:48:09","post_date_gmt":"2022-07-28 15:48:09","post_content":"","post_title":"Estrella Polar","post_excerpt":"","post_status":"publish","comment_status":"closed","ping_status":"closed","post_password":"","post_name":"estrella-polar","to_ping":"","pinged":"","post_modified":"2022-07-28 17:48:09","post_modified_gmt":"2022-07-28 15:48:09","post_content_filtered":"","post_parent":0,"guid":"http:\/\/dev.claret.cat\/editorial\/estrella-polar\/","menu_order":0,"post_type":"editorial","post_mime_type":"","comment_count":"0","filter":"raw"}],"autores-libros":[{"ID":5745,"post_author":"3","post_date":"2022-07-28 17:30:33","post_date_gmt":"2022-07-28 15:30:33","post_content":"","post_title":"LUC\u00cdA GAL\u00c1N BERTRAND","post_excerpt":"","post_status":"publish","comment_status":"closed","ping_status":"closed","post_password":"","post_name":"lucia-galan-bertrand","to_ping":"","pinged":"","post_modified":"2022-07-28 17:30:33","post_modified_gmt":"2022-07-28 15:30:33","post_content_filtered":"","post_parent":0,"guid":"http:\/\/dev.claret.cat\/autor\/lucia-galan-bertrand\/","menu_order":0,"post_type":"autor","post_mime_type":"","comment_count":"0","filter":"raw"},{"ID":166005,"post_author":"3","post_date":"2022-10-14 17:59:40","post_date_gmt":"2022-10-14 15:59:40","post_content":"","post_title":"NURIA APARICIO","post_excerpt":"","post_status":"publish","comment_status":"closed","ping_status":"closed","post_password":"","post_name":"nuria-aparicio","to_ping":"","pinged":"","post_modified":"2022-10-14 17:59:40","post_modified_gmt":"2022-10-14 15:59:40","post_content_filtered":"","post_parent":0,"guid":"http:\/\/dev.claret.cat\/autor\/nuria-aparicio\/","menu_order":0,"post_type":"autor","post_mime_type":"","comment_count":"0","filter":"raw"}],"booktrailer":"","resenas":""},"aioseo_notices":[],"_links":{"self":[{"href":"https:\/\/www.claret.cat\/es\/wp-json\/wp\/v2\/product\/264785","targetHints":{"allow":["GET"]}}],"collection":[{"href":"https:\/\/www.claret.cat\/es\/wp-json\/wp\/v2\/product"}],"about":[{"href":"https:\/\/www.claret.cat\/es\/wp-json\/wp\/v2\/types\/product"}],"wp:featuredmedia":[{"embeddable":true,"href":"https:\/\/www.claret.cat\/es\/wp-json\/wp\/v2\/media\/276314"}],"wp:attachment":[{"href":"https:\/\/www.claret.cat\/es\/wp-json\/wp\/v2\/media?parent=264785"}],"wp:term":[{"taxonomy":"product_brand","embeddable":true,"href":"https:\/\/www.claret.cat\/es\/wp-json\/wp\/v2\/product_brand?post=264785"},{"taxonomy":"product_cat","embeddable":true,"href":"https:\/\/www.claret.cat\/es\/wp-json\/wp\/v2\/product_cat?post=264785"},{"taxonomy":"product_tag","embeddable":true,"href":"https:\/\/www.claret.cat\/es\/wp-json\/wp\/v2\/product_tag?post=264785"}],"curies":[{"name":"wp","href":"https:\/\/api.w.org\/{rel}","templated":true}]}}