{"id":26480,"date":"2022-10-02T10:45:22","date_gmt":"2022-10-02T08:45:22","guid":{"rendered":"http:\/\/dev.claret.cat\/producte\/berlin-9\/"},"modified":"2024-04-26T11:30:24","modified_gmt":"2024-04-26T09:30:24","slug":"berlin-9-9788408201465","status":"publish","type":"product","link":"https:\/\/www.claret.cat\/es\/libro\/berlin-9-9788408201465\/","title":{"rendered":"BERL\u00cdN 9"},"content":{"rendered":"<p>Con su mezcla de glamour y audacia, Berl\u00edn cautivar\u00e1 a los que indaguen en su vibrante cultura, su arquitectura vanguardista, su fabulosa comida, sus animadas fiestas y su omnipresente historia. Llena de vitalidad y con una creatividad que no conoce l\u00edmites, Berl\u00edn es una de las capitales europeas m\u00e1s interesantes que no dejar\u00e1 indiferente a aquellos que la visiten. Posee museos de primer orden, cuenta con una oferta cultural exuberante, con bares y restaurantes para todos los gustos y un ambiente libre y desenfadado que la convierte en una ciudad adictiva.<\/p>\n","protected":false},"excerpt":{"rendered":"<p>SCHULTE-PEEVERS, ANDREA<\/p>\n","protected":false},"featured_media":67644,"template":"","meta":{"_acf_changed":false,"om_disable_all_campaigns":false,"rs_blank_template":"","rs_page_bg_color":"","slide_template_v7":"","inline_featured_image":false,"_monsterinsights_skip_tracking":false,"_monsterinsights_sitenote_active":false,"_monsterinsights_sitenote_note":"","_monsterinsights_sitenote_category":0},"product_brand":[],"product_cat":[524,300],"product_tag":[],"class_list":{"0":"post-26480","1":"product","2":"type-product","3":"status-publish","4":"has-post-thumbnail","6":"product_cat-guias-y-viajes","7":"product_cat-guies-i-viatges","9":"first","10":"instock","11":"taxable","12":"shipping-taxable","13":"purchasable","14":"product-type-simple"},"acf":{"autor":"SCHULTE-PEEVERS, ANDREA","codart":"840820146","libros-coleccion":"GUIAS DE CIUDAD.LONELY PLANET","ediciones":"1","encuadernacion":"R\u00fastica","fecha_de_publicacion":"01\/09\/2019","novedad":"1","paginas":"349","subtitulo":"","orden":"0","portada":"0","idioma":"spa","editorial":[{"ID":6233,"post_author":"3","post_date":"2022-07-28 17:47:48","post_date_gmt":"2022-07-28 15:47:48","post_content":"","post_title":"EDITORIAL PLANETA","post_excerpt":"","post_status":"publish","comment_status":"closed","ping_status":"closed","post_password":"","post_name":"editorial-planeta","to_ping":"","pinged":"","post_modified":"2022-07-28 17:47:48","post_modified_gmt":"2022-07-28 15:47:48","post_content_filtered":"","post_parent":0,"guid":"http:\/\/dev.claret.cat\/editorial\/editorial-planeta\/","menu_order":0,"post_type":"editorial","post_mime_type":"","comment_count":"0","filter":"raw"}],"autores-libros":[{"ID":150239,"post_author":"3","post_date":"2022-10-14 14:31:21","post_date_gmt":"2022-10-14 12:31:21","post_content":"","post_title":"ANDREA SCHULTE-PEEVERS","post_excerpt":"","post_status":"publish","comment_status":"closed","ping_status":"closed","post_password":"","post_name":"andrea-schulte-peevers","to_ping":"","pinged":"","post_modified":"2022-10-14 14:31:21","post_modified_gmt":"2022-10-14 12:31:21","post_content_filtered":"","post_parent":0,"guid":"http:\/\/dev.claret.cat\/autor\/andrea-schulte-peevers\/","menu_order":0,"post_type":"autor","post_mime_type":"","comment_count":"0","filter":"raw"}]},"aioseo_notices":[],"_links":{"self":[{"href":"https:\/\/www.claret.cat\/es\/wp-json\/wp\/v2\/product\/26480","targetHints":{"allow":["GET"]}}],"collection":[{"href":"https:\/\/www.claret.cat\/es\/wp-json\/wp\/v2\/product"}],"about":[{"href":"https:\/\/www.claret.cat\/es\/wp-json\/wp\/v2\/types\/product"}],"wp:featuredmedia":[{"embeddable":true,"href":"https:\/\/www.claret.cat\/es\/wp-json\/wp\/v2\/media\/67644"}],"wp:attachment":[{"href":"https:\/\/www.claret.cat\/es\/wp-json\/wp\/v2\/media?parent=26480"}],"wp:term":[{"taxonomy":"product_brand","embeddable":true,"href":"https:\/\/www.claret.cat\/es\/wp-json\/wp\/v2\/product_brand?post=26480"},{"taxonomy":"product_cat","embeddable":true,"href":"https:\/\/www.claret.cat\/es\/wp-json\/wp\/v2\/product_cat?post=26480"},{"taxonomy":"product_tag","embeddable":true,"href":"https:\/\/www.claret.cat\/es\/wp-json\/wp\/v2\/product_tag?post=26480"}],"curies":[{"name":"wp","href":"https:\/\/api.w.org\/{rel}","templated":true}]}}