{"id":264824,"date":"2022-12-01T11:49:38","date_gmt":"2022-12-01T10:49:38","guid":{"rendered":"http:\/\/dev.claret.cat\/producte\/enciclopedia-pokemon-coleccion-pokemon\/"},"modified":"2026-04-23T19:20:12","modified_gmt":"2026-04-23T17:20:12","slug":"enciclopedia-pokemon-coleccion-pokemon-9788419169266","status":"publish","type":"product","link":"https:\/\/www.claret.cat\/es\/libro\/enciclopedia-pokemon-coleccion-pokemon-9788419169266\/","title":{"rendered":"ENCICLOPEDIA POK\u00c9MON (COLECCI\u00d3N POK\u00c9MON)"},"content":{"rendered":"<p>\u00a1La enciclopedia Pok\u00e9mon definitiva ya est\u00e1 aqu\u00ed! EL MUNDO POK\u00c9MON EN TUS MANOS Descubre todos los secretos ocultos de tu serie favorita con esta enciclopedia definitiva. Acompa\u00f1a a Ash en este maravilloso viaje desde Kanto hasta la regi\u00f3n de  Galar y descubre a nuevos amigos y a Pok\u00e9mon incre\u00edbles. Conoce a los poderosos Pok\u00e9mon legendarios y singulares, s\u00e9 part\u00edcipe de  sus duelos y batallas apote\u00f3sicas y convi\u00e9rtete en testigo de los \u00e9xitos  de Ash en su camino a convertirse en el maestro Pok\u00e9mon m\u00e1s grande de todos los tiempos.<\/p>\n","protected":false},"excerpt":{"rendered":"<p>THE POK\u00c9MON COMPANY,<\/p>\n","protected":false},"featured_media":1013012,"template":"","meta":{"_acf_changed":false,"om_disable_all_campaigns":false,"rs_blank_template":"","rs_page_bg_color":"","slide_template_v7":"","inline_featured_image":false,"_monsterinsights_skip_tracking":false,"_monsterinsights_sitenote_active":false,"_monsterinsights_sitenote_note":"","_monsterinsights_sitenote_category":0},"product_brand":[],"product_cat":[131,132,361,362],"product_tag":[],"class_list":{"0":"post-264824","1":"product","2":"type-product","3":"status-publish","4":"has-post-thumbnail","6":"product_cat-contes-per-infants-0-6-anys","7":"product_cat-lectures-per-preadolescents-6-12-anys","8":"product_cat-cuentos-para-ninos-0-6-anos","9":"product_cat-libros-preadolescentes-6-12-anos","11":"first","12":"instock","13":"taxable","14":"shipping-taxable","15":"purchasable","16":"product-type-simple"},"acf":{"autor":"THE POK\u00c9MON COMPANY,","codart":"841916926","libros-coleccion":"FORA DE COL.LECCI\u00d3","ediciones":"1","encuadernacion":"Carton\u00e9","fecha_de_publicacion":"01\/11\/2022","novedad":"1","paginas":"335","subtitulo":"","orden":"0","portada":"0","idioma":"spa","editorial":[{"ID":6310,"post_author":"3","post_date":"2022-07-28 17:49:26","post_date_gmt":"2022-07-28 15:49:26","post_content":"","post_title":"MONTENA","post_excerpt":"","post_status":"publish","comment_status":"closed","ping_status":"closed","post_password":"","post_name":"montena","to_ping":"","pinged":"","post_modified":"2022-07-28 17:49:26","post_modified_gmt":"2022-07-28 15:49:26","post_content_filtered":"","post_parent":0,"guid":"http:\/\/dev.claret.cat\/editorial\/montena\/","menu_order":0,"post_type":"editorial","post_mime_type":"","comment_count":"0","filter":"raw"}],"autores-libros":[{"ID":170293,"post_author":"3","post_date":"2022-10-14 22:34:09","post_date_gmt":"2022-10-14 20:34:09","post_content":"","post_title":"THE POK\u00c9MON COMPANY","post_excerpt":"","post_status":"publish","comment_status":"closed","ping_status":"closed","post_password":"","post_name":"the-pokemon-company","to_ping":"","pinged":"","post_modified":"2022-10-14 22:34:09","post_modified_gmt":"2022-10-14 20:34:09","post_content_filtered":"","post_parent":0,"guid":"http:\/\/dev.claret.cat\/autor\/the-pokemon-company\/","menu_order":0,"post_type":"autor","post_mime_type":"","comment_count":"0","filter":"raw"}],"booktrailer":"","resenas":""},"aioseo_notices":[],"_links":{"self":[{"href":"https:\/\/www.claret.cat\/es\/wp-json\/wp\/v2\/product\/264824","targetHints":{"allow":["GET"]}}],"collection":[{"href":"https:\/\/www.claret.cat\/es\/wp-json\/wp\/v2\/product"}],"about":[{"href":"https:\/\/www.claret.cat\/es\/wp-json\/wp\/v2\/types\/product"}],"wp:featuredmedia":[{"embeddable":true,"href":"https:\/\/www.claret.cat\/es\/wp-json\/wp\/v2\/media\/1013012"}],"wp:attachment":[{"href":"https:\/\/www.claret.cat\/es\/wp-json\/wp\/v2\/media?parent=264824"}],"wp:term":[{"taxonomy":"product_brand","embeddable":true,"href":"https:\/\/www.claret.cat\/es\/wp-json\/wp\/v2\/product_brand?post=264824"},{"taxonomy":"product_cat","embeddable":true,"href":"https:\/\/www.claret.cat\/es\/wp-json\/wp\/v2\/product_cat?post=264824"},{"taxonomy":"product_tag","embeddable":true,"href":"https:\/\/www.claret.cat\/es\/wp-json\/wp\/v2\/product_tag?post=264824"}],"curies":[{"name":"wp","href":"https:\/\/api.w.org\/{rel}","templated":true}]}}