{"id":264923,"date":"2022-12-01T11:52:05","date_gmt":"2022-12-01T10:52:05","guid":{"rendered":"http:\/\/dev.claret.cat\/producte\/contemplando-la-vida-ciclo-a\/"},"modified":"2025-11-27T20:16:35","modified_gmt":"2025-11-27T19:16:35","slug":"contemplando-la-vida-ciclo-a-9788413791326","status":"publish","type":"product","link":"https:\/\/www.claret.cat\/es\/libro\/contemplando-la-vida-ciclo-a-9788413791326\/","title":{"rendered":"CONTEMPLANDO LA VIDA. CICLO A"},"content":{"rendered":"<p>Hace cinco a\u00f1os comenc\u00e9 a utilizar mi p\u00e1gina de Facebook para publicar cada domingo un comentario del Evangelio. He querido recopilar estos comentarios en un libro por cada ciclo del a\u00f1o lit\u00fargico, junto al texto del evangelio que sirve de fuente de inspiraci\u00f3n. Con la publicaci\u00f3n de este tercer volumen, en el que se recogen los comentarios correspondientes a los evangelios del Ciclo A, completo la labor iniciada con los dos ciclos anteriores.<br \/> De entre todas las lectoras de estos comentarios, hab\u00eda una muy especial que esperaba cada domingo a que le llegara mi mensaje a primera hora de la ma\u00f1ana, para iniciar as\u00ed el d\u00eda del Se\u00f1or. Ella fue quien educ\u00f3 la mirada con la que contemplo la vida y ella con su testimonio de serenidad y confianza en Dios, me ha ense\u00f1ado la lecci\u00f3n m\u00e1s importante que una madre puede dar a su hijo: me ha ense\u00f1ado a morir.<br \/> Esa es la vida que creo que estamos llamados a contemplar, desde el silencio, para dejar que las vivencias reposen en el coraz\u00f3n y generen un aprendizaje que podemos compartir con los dem\u00e1s.<\/p>\n","protected":false},"excerpt":{"rendered":"<p>GARC\u00cdA S\u00c1NCHEZ, FERNANDO<\/p>\n","protected":false},"featured_media":329906,"template":"","meta":{"_acf_changed":false,"om_disable_all_campaigns":false,"rs_blank_template":"","rs_page_bg_color":"","slide_template_v7":"","inline_featured_image":false,"_monsterinsights_skip_tracking":false,"_monsterinsights_sitenote_active":false,"_monsterinsights_sitenote_note":"","_monsterinsights_sitenote_category":0},"product_brand":[],"product_cat":[392,231,394,236,240,395],"product_tag":[],"class_list":{"0":"post-264923","1":"product","2":"type-product","3":"status-publish","4":"has-post-thumbnail","6":"product_cat-obras-generales","7":"product_cat-obres-generals","8":"product_cat-vida-cotidiana","9":"product_cat-vida-quotidiana","10":"product_cat-vida-religiosa-espiritualitat","11":"product_cat-vida-religiosa-espiritualidad-1_espiritualidad","13":"first","14":"outofstock","15":"taxable","16":"shipping-taxable","17":"purchasable","18":"product-type-simple"},"acf":{"autor":"GARC\u00cdA S\u00c1NCHEZ, FERNANDO","codart":"841379132","libros-coleccion":"Celebrar y Orar","ediciones":"1","encuadernacion":"R\u00fastica","fecha_de_publicacion":"01\/11\/2022","novedad":"1","paginas":"160","subtitulo":"REFLEXIONES DESDE LOS EVANGELIOS DOMINICALES - CICLO A","orden":"0","portada":"0","idioma":"spa","editorial":[{"ID":6155,"post_author":"3","post_date":"2022-07-28 17:46:04","post_date_gmt":"2022-07-28 15:46:04","post_content":"","post_title":"Central Catequ\u00edstica Salesiana","post_excerpt":"","post_status":"publish","comment_status":"closed","ping_status":"closed","post_password":"","post_name":"central-catequistica-salesiana","to_ping":"","pinged":"","post_modified":"2022-07-28 17:46:04","post_modified_gmt":"2022-07-28 15:46:04","post_content_filtered":"","post_parent":0,"guid":"http:\/\/dev.claret.cat\/editorial\/central-catequistica-salesiana\/","menu_order":0,"post_type":"editorial","post_mime_type":"","comment_count":"0","filter":"raw"}],"autores-libros":[{"ID":155831,"post_author":"3","post_date":"2022-10-14 15:15:58","post_date_gmt":"2022-10-14 13:15:58","post_content":"","post_title":"FERNANDO GARC\u00cdA S\u00c1NCHEZ","post_excerpt":"","post_status":"publish","comment_status":"closed","ping_status":"closed","post_password":"","post_name":"fernando-garcia-sanchez","to_ping":"","pinged":"","post_modified":"2022-10-14 15:15:58","post_modified_gmt":"2022-10-14 13:15:58","post_content_filtered":"","post_parent":0,"guid":"http:\/\/dev.claret.cat\/autor\/fernando-garcia-sanchez\/","menu_order":0,"post_type":"autor","post_mime_type":"","comment_count":"0","filter":"raw"}],"booktrailer":"","resenas":""},"aioseo_notices":[],"_links":{"self":[{"href":"https:\/\/www.claret.cat\/es\/wp-json\/wp\/v2\/product\/264923","targetHints":{"allow":["GET"]}}],"collection":[{"href":"https:\/\/www.claret.cat\/es\/wp-json\/wp\/v2\/product"}],"about":[{"href":"https:\/\/www.claret.cat\/es\/wp-json\/wp\/v2\/types\/product"}],"wp:featuredmedia":[{"embeddable":true,"href":"https:\/\/www.claret.cat\/es\/wp-json\/wp\/v2\/media\/329906"}],"wp:attachment":[{"href":"https:\/\/www.claret.cat\/es\/wp-json\/wp\/v2\/media?parent=264923"}],"wp:term":[{"taxonomy":"product_brand","embeddable":true,"href":"https:\/\/www.claret.cat\/es\/wp-json\/wp\/v2\/product_brand?post=264923"},{"taxonomy":"product_cat","embeddable":true,"href":"https:\/\/www.claret.cat\/es\/wp-json\/wp\/v2\/product_cat?post=264923"},{"taxonomy":"product_tag","embeddable":true,"href":"https:\/\/www.claret.cat\/es\/wp-json\/wp\/v2\/product_tag?post=264923"}],"curies":[{"name":"wp","href":"https:\/\/api.w.org\/{rel}","templated":true}]}}