{"id":264950,"date":"2022-12-01T11:52:46","date_gmt":"2022-12-01T10:52:46","guid":{"rendered":"http:\/\/dev.claret.cat\/producte\/de-la-mano-de-san-lucas\/"},"modified":"2025-11-27T19:31:36","modified_gmt":"2025-11-27T18:31:36","slug":"de-la-mano-de-san-lucas-9788413791203","status":"publish","type":"product","link":"https:\/\/www.claret.cat\/es\/libro\/de-la-mano-de-san-lucas-9788413791203\/","title":{"rendered":"DE LA MANO DE SAN LUCAS"},"content":{"rendered":"<p>En este libro la autora desea acercar a los lectores a la Palabra de Dios, la Buena Noticia que se nos anunci\u00f3 por medio de su Hijo Jes\u00fas de Nazaret. Para ello escoge el Evangelio de Lucas y nos lo hace gustar de manera sencilla, meditando sus pasajes y dej\u00e1ndonos guiar por la acci\u00f3n del Esp\u00edritu.<br \/> Va desgranando la vida de Jes\u00fas, los acontecimientos que se van sucediendo y a partir del Bautismo, su doctrina, sus milagros y par\u00e1bolas, los disc\u00edpulos que le siguen, y pone de relieve el papel de la mujer en este evangelio. Recoge sus gestos de perd\u00f3n y misericordia, su estar cerca de los pobres, de las viudas, de los enfermos y humillados.<br \/> El libro se estructura en cap\u00edtulos y ep\u00edgrafes que va motivando con sencillas y profundas reflexiones espirituales, dando pie a una mayor profundizaci\u00f3n, de modo que sirvan de apoyo para nuestra vida espiritual.<\/p>\n","protected":false},"excerpt":{"rendered":"<p>ROMERO HIDALGO, M\u00aa VICTORIA<\/p>\n","protected":false},"featured_media":1068873,"template":"","meta":{"_acf_changed":false,"om_disable_all_campaigns":false,"rs_blank_template":"","rs_page_bg_color":"","slide_template_v7":"","inline_featured_image":false,"_monsterinsights_skip_tracking":false,"_monsterinsights_sitenote_active":false,"_monsterinsights_sitenote_note":"","_monsterinsights_sitenote_category":0},"product_brand":[],"product_cat":[491,241,395,240],"product_tag":[],"class_list":{"0":"post-264950","1":"product","2":"type-product","3":"status-publish","4":"has-post-thumbnail","6":"product_cat-testimonios","7":"product_cat-testimonis","8":"product_cat-vida-religiosa-espiritualidad-1_espiritualidad","9":"product_cat-vida-religiosa-espiritualitat","11":"first","12":"outofstock","13":"taxable","14":"shipping-taxable","15":"purchasable","16":"product-type-simple"},"acf":{"autor":"ROMERO HIDALGO, M\u00aa VICTORIA","codart":"841379120","libros-coleccion":"FORA DE COL.LECCI\u00d3","ediciones":"1","encuadernacion":"R\u00fastica","fecha_de_publicacion":"01\/11\/2022","novedad":"1","paginas":"332","subtitulo":"","orden":"0","portada":"0","idioma":"spa","editorial":[{"ID":6155,"post_author":"3","post_date":"2022-07-28 17:46:04","post_date_gmt":"2022-07-28 15:46:04","post_content":"","post_title":"Central Catequ\u00edstica Salesiana","post_excerpt":"","post_status":"publish","comment_status":"closed","ping_status":"closed","post_password":"","post_name":"central-catequistica-salesiana","to_ping":"","pinged":"","post_modified":"2022-07-28 17:46:04","post_modified_gmt":"2022-07-28 15:46:04","post_content_filtered":"","post_parent":0,"guid":"http:\/\/dev.claret.cat\/editorial\/central-catequistica-salesiana\/","menu_order":0,"post_type":"editorial","post_mime_type":"","comment_count":"0","filter":"raw"}],"autores-libros":[{"ID":263695,"post_author":"3","post_date":"2022-12-01 11:19:53","post_date_gmt":"2022-12-01 10:19:53","post_content":"","post_title":"M\u00aa VICTORIA ROMERO HIDALGO","post_excerpt":"","post_status":"publish","comment_status":"closed","ping_status":"closed","post_password":"","post_name":"ma-victoria-romero-hidalgo-2","to_ping":"","pinged":"","post_modified":"2022-12-01 11:19:53","post_modified_gmt":"2022-12-01 10:19:53","post_content_filtered":"","post_parent":0,"guid":"http:\/\/dev.claret.cat\/autor\/ma-victoria-romero-hidalgo-2\/","menu_order":0,"post_type":"autor","post_mime_type":"","comment_count":"0","filter":"raw"}],"booktrailer":"","resenas":""},"aioseo_notices":[],"_links":{"self":[{"href":"https:\/\/www.claret.cat\/es\/wp-json\/wp\/v2\/product\/264950","targetHints":{"allow":["GET"]}}],"collection":[{"href":"https:\/\/www.claret.cat\/es\/wp-json\/wp\/v2\/product"}],"about":[{"href":"https:\/\/www.claret.cat\/es\/wp-json\/wp\/v2\/types\/product"}],"wp:featuredmedia":[{"embeddable":true,"href":"https:\/\/www.claret.cat\/es\/wp-json\/wp\/v2\/media\/1068873"}],"wp:attachment":[{"href":"https:\/\/www.claret.cat\/es\/wp-json\/wp\/v2\/media?parent=264950"}],"wp:term":[{"taxonomy":"product_brand","embeddable":true,"href":"https:\/\/www.claret.cat\/es\/wp-json\/wp\/v2\/product_brand?post=264950"},{"taxonomy":"product_cat","embeddable":true,"href":"https:\/\/www.claret.cat\/es\/wp-json\/wp\/v2\/product_cat?post=264950"},{"taxonomy":"product_tag","embeddable":true,"href":"https:\/\/www.claret.cat\/es\/wp-json\/wp\/v2\/product_tag?post=264950"}],"curies":[{"name":"wp","href":"https:\/\/api.w.org\/{rel}","templated":true}]}}