{"id":265097,"date":"2022-12-01T12:20:37","date_gmt":"2022-12-01T11:20:37","guid":{"rendered":"http:\/\/dev.claret.cat\/producte\/estuche-heartstopper\/"},"modified":"2023-10-06T06:58:42","modified_gmt":"2023-10-06T04:58:42","slug":"estuche-heartstopper-9788408261551","status":"publish","type":"product","link":"https:\/\/www.claret.cat\/es\/libro\/estuche-heartstopper-9788408261551\/","title":{"rendered":"ESTUCHE HEARTSTOPPER"},"content":{"rendered":"<p>Hearstopper es el fen\u00f3meno que ha llegado para quedarse, y para aquellos que todav\u00eda no se hayan enamorado de esta historia, este estuche es el regalo perfecto. Conoce a Nick y Charlie y s\u00e9 testigo de su historia de amor. Una historia que va m\u00e1s all\u00e1 de las p\u00e1ginas, una historia que no entiende de g\u00e9neros o identidades. Un amor universal.<\/p>\n","protected":false},"excerpt":{"rendered":"<p>OSEMAN, ALICE<\/p>\n","protected":false},"featured_media":265098,"template":"","meta":{"_acf_changed":false,"om_disable_all_campaigns":false,"rs_blank_template":"","rs_page_bg_color":"","slide_template_v7":"","inline_featured_image":false,"_monsterinsights_skip_tracking":false,"_monsterinsights_sitenote_active":false,"_monsterinsights_sitenote_note":"","_monsterinsights_sitenote_category":0},"product_brand":[],"product_cat":[566,363],"product_tag":[],"class_list":{"0":"post-265097","1":"product","2":"type-product","3":"status-publish","4":"has-post-thumbnail","6":"product_cat-juvenil-3_infantil-juvenil-spa-spa","7":"product_cat-lecturas-por-adolescentes-12-18-anos","9":"first","10":"instock","11":"taxable","12":"shipping-taxable","13":"purchasable","14":"product-type-simple"},"acf":{"autor":"OSEMAN, ALICE","codart":"840826155","libros-coleccion":"NO FICCION","ediciones":"1","encuadernacion":"R\u00fastica","fecha_de_publicacion":"01\/11\/2022","novedad":"1","paginas":"992","subtitulo":"","orden":"0","portada":"0","idioma":"spa","editorial":[{"ID":6233,"post_author":"3","post_date":"2022-07-28 17:47:48","post_date_gmt":"2022-07-28 15:47:48","post_content":"","post_title":"EDITORIAL PLANETA","post_excerpt":"","post_status":"publish","comment_status":"closed","ping_status":"closed","post_password":"","post_name":"editorial-planeta","to_ping":"","pinged":"","post_modified":"2022-07-28 17:47:48","post_modified_gmt":"2022-07-28 15:47:48","post_content_filtered":"","post_parent":0,"guid":"http:\/\/dev.claret.cat\/editorial\/editorial-planeta\/","menu_order":0,"post_type":"editorial","post_mime_type":"","comment_count":"0","filter":"raw"}],"autores-libros":[{"ID":149832,"post_author":"3","post_date":"2022-10-14 14:28:03","post_date_gmt":"2022-10-14 12:28:03","post_content":"","post_title":"ALICE OSEMAN","post_excerpt":"","post_status":"publish","comment_status":"closed","ping_status":"closed","post_password":"","post_name":"alice-oseman","to_ping":"","pinged":"","post_modified":"2022-10-14 14:28:03","post_modified_gmt":"2022-10-14 12:28:03","post_content_filtered":"","post_parent":0,"guid":"http:\/\/dev.claret.cat\/autor\/alice-oseman\/","menu_order":0,"post_type":"autor","post_mime_type":"","comment_count":"0","filter":"raw"}]},"aioseo_notices":[],"_links":{"self":[{"href":"https:\/\/www.claret.cat\/es\/wp-json\/wp\/v2\/product\/265097","targetHints":{"allow":["GET"]}}],"collection":[{"href":"https:\/\/www.claret.cat\/es\/wp-json\/wp\/v2\/product"}],"about":[{"href":"https:\/\/www.claret.cat\/es\/wp-json\/wp\/v2\/types\/product"}],"wp:featuredmedia":[{"embeddable":true,"href":"https:\/\/www.claret.cat\/es\/wp-json\/wp\/v2\/media\/265098"}],"wp:attachment":[{"href":"https:\/\/www.claret.cat\/es\/wp-json\/wp\/v2\/media?parent=265097"}],"wp:term":[{"taxonomy":"product_brand","embeddable":true,"href":"https:\/\/www.claret.cat\/es\/wp-json\/wp\/v2\/product_brand?post=265097"},{"taxonomy":"product_cat","embeddable":true,"href":"https:\/\/www.claret.cat\/es\/wp-json\/wp\/v2\/product_cat?post=265097"},{"taxonomy":"product_tag","embeddable":true,"href":"https:\/\/www.claret.cat\/es\/wp-json\/wp\/v2\/product_tag?post=265097"}],"curies":[{"name":"wp","href":"https:\/\/api.w.org\/{rel}","templated":true}]}}