{"id":265172,"date":"2022-12-01T12:22:28","date_gmt":"2022-12-01T11:22:28","guid":{"rendered":"http:\/\/dev.claret.cat\/producte\/el-deseo-interminable\/"},"modified":"2023-11-08T18:02:15","modified_gmt":"2023-11-08T17:02:15","slug":"el-deseo-interminable-9788434435865","status":"publish","type":"product","link":"https:\/\/www.claret.cat\/es\/libro\/el-deseo-interminable-9788434435865\/","title":{"rendered":"EL DESEO INTERMINABLE"},"content":{"rendered":"<p>\u00abEl objetivo de este libro es convencer al lector de que no estoy loco o, para ser m\u00e1s exacto, de que no soy v\u00edctima de la h\u00fdbris.\u00bb As\u00ed comienza el nuevo libro de Jos\u00e9 Antonio Marina, que surge de la convicci\u00f3n de que la historia humana puede comprenderse si descubrimos las esperanzas y los miedos que la impulsaron. A partir del estudio de las pasiones seg\u00fan la psicolog\u00eda, y en consonancia con el pensamiento filos\u00f3fico y antropol\u00f3gico, el autor crea una nueva forma de aproximarnos a lo que somos: la psicohistoria.<br \/> Los deseos impulsan la acci\u00f3n, pero la satisfacci\u00f3n de los mismos no agota nuestra capacidad para anhelar: somos un deseo interminable que solo podr\u00eda ser saciado con la felicidad. Por eso, incluso los acontecimientos hist\u00f3ricos m\u00e1s terribles son parte de una larga y tortuosa b\u00fasqueda de ese sentimiento. Esta obra nos revela el papel que juegan las emociones a la hora de entender nuestros or\u00edgenes y el desarrollo de las sociedades. Un viaje entretenido y revelador, un regalo para el intelecto.<\/p>\n","protected":false},"excerpt":{"rendered":"<p>MARINA, JOS\u00c9 ANTONIO<\/p>\n","protected":false},"featured_media":371258,"template":"","meta":{"_acf_changed":false,"om_disable_all_campaigns":false,"rs_blank_template":"","rs_page_bg_color":"","slide_template_v7":"","inline_featured_image":false,"_monsterinsights_skip_tracking":false,"_monsterinsights_sitenote_active":false,"_monsterinsights_sitenote_note":"","_monsterinsights_sitenote_category":0},"product_brand":[],"product_cat":[157,370],"product_tag":[],"class_list":{"0":"post-265172","1":"product","2":"type-product","3":"status-publish","4":"has-post-thumbnail","6":"product_cat-investigacio-i-corrents","7":"product_cat-investigacion-y-corrientes","9":"first","10":"instock","11":"taxable","12":"shipping-taxable","13":"purchasable","14":"product-type-simple"},"acf":{"autor":"MARINA, JOS\u00c9 ANTONIO","codart":"843443586","libros-coleccion":"Ariel","ediciones":"1","encuadernacion":"Carton\u00e9","fecha_de_publicacion":"01\/11\/2022","novedad":"1","paginas":"302","subtitulo":"LAS CLAVES EMOCIONALES DE LA HISTORIA","orden":"0","portada":"0","idioma":"spa","editorial":[{"ID":6220,"post_author":"3","post_date":"2022-07-28 17:47:28","post_date_gmt":"2022-07-28 15:47:28","post_content":"","post_title":"Editorial Ariel","post_excerpt":"","post_status":"publish","comment_status":"closed","ping_status":"closed","post_password":"","post_name":"editorial-ariel","to_ping":"","pinged":"","post_modified":"2022-07-28 17:47:28","post_modified_gmt":"2022-07-28 15:47:28","post_content_filtered":"","post_parent":0,"guid":"http:\/\/dev.claret.cat\/editorial\/editorial-ariel\/","menu_order":0,"post_type":"editorial","post_mime_type":"","comment_count":"0","filter":"raw"}],"autores-libros":[{"ID":160177,"post_author":"3","post_date":"2022-10-14 15:50:55","post_date_gmt":"2022-10-14 13:50:55","post_content":"","post_title":"JOS\u00c9 ANTONIO MARINA","post_excerpt":"","post_status":"publish","comment_status":"closed","ping_status":"closed","post_password":"","post_name":"jose-antonio-marina","to_ping":"","pinged":"","post_modified":"2022-10-14 15:50:55","post_modified_gmt":"2022-10-14 13:50:55","post_content_filtered":"","post_parent":0,"guid":"http:\/\/dev.claret.cat\/autor\/jose-antonio-marina\/","menu_order":0,"post_type":"autor","post_mime_type":"","comment_count":"0","filter":"raw"}]},"aioseo_notices":[],"_links":{"self":[{"href":"https:\/\/www.claret.cat\/es\/wp-json\/wp\/v2\/product\/265172","targetHints":{"allow":["GET"]}}],"collection":[{"href":"https:\/\/www.claret.cat\/es\/wp-json\/wp\/v2\/product"}],"about":[{"href":"https:\/\/www.claret.cat\/es\/wp-json\/wp\/v2\/types\/product"}],"wp:featuredmedia":[{"embeddable":true,"href":"https:\/\/www.claret.cat\/es\/wp-json\/wp\/v2\/media\/371258"}],"wp:attachment":[{"href":"https:\/\/www.claret.cat\/es\/wp-json\/wp\/v2\/media?parent=265172"}],"wp:term":[{"taxonomy":"product_brand","embeddable":true,"href":"https:\/\/www.claret.cat\/es\/wp-json\/wp\/v2\/product_brand?post=265172"},{"taxonomy":"product_cat","embeddable":true,"href":"https:\/\/www.claret.cat\/es\/wp-json\/wp\/v2\/product_cat?post=265172"},{"taxonomy":"product_tag","embeddable":true,"href":"https:\/\/www.claret.cat\/es\/wp-json\/wp\/v2\/product_tag?post=265172"}],"curies":[{"name":"wp","href":"https:\/\/api.w.org\/{rel}","templated":true}]}}