{"id":265190,"date":"2022-12-01T12:22:56","date_gmt":"2022-12-01T11:22:56","guid":{"rendered":"http:\/\/dev.claret.cat\/producte\/el-hombre-palo-y-otros-cuentos\/"},"modified":"2023-10-06T07:17:12","modified_gmt":"2023-10-06T05:17:12","slug":"el-hombre-palo-y-otros-cuentos-9788469666388","status":"publish","type":"product","link":"https:\/\/www.claret.cat\/es\/libro\/el-hombre-palo-y-otros-cuentos-9788469666388\/","title":{"rendered":"EL HOMBRE PALO Y OTROS CUENTOS"},"content":{"rendered":"<p>Un fant\u00e1stico recopilatorio que incluye 4 divertidos cuentos de los famosos autores de El gr\u00fafalo: El hombre palo, SuperLombriz, La gran boda de los espantap\u00e1jaros y Zog y los doctores voladores.<\/p>\n","protected":false},"excerpt":{"rendered":"<p>DONALDSON, JULIA<\/p>\n","protected":false},"featured_media":265191,"template":"","meta":{"_acf_changed":false,"om_disable_all_campaigns":false,"rs_blank_template":"","rs_page_bg_color":"","slide_template_v7":"","inline_featured_image":false,"_monsterinsights_skip_tracking":false,"_monsterinsights_sitenote_active":false,"_monsterinsights_sitenote_note":"","_monsterinsights_sitenote_category":0},"product_brand":[],"product_cat":[362],"product_tag":[],"class_list":{"0":"post-265190","1":"product","2":"type-product","3":"status-publish","4":"has-post-thumbnail","6":"product_cat-libros-preadolescentes-6-12-anos","8":"first","9":"instock","10":"taxable","11":"shipping-taxable","12":"purchasable","13":"product-type-simple"},"acf":{"autor":"DONALDSON, JULIA","codart":"846966638","libros-coleccion":"Castellano - A Partir De 3 A\u00f1os - \u00c1lbume","ediciones":"1","encuadernacion":"Carton\u00e9","fecha_de_publicacion":"01\/11\/2022","novedad":"1","paginas":"146","subtitulo":"","orden":"0","portada":"0","idioma":"spa","editorial":[{"ID":147936,"post_author":"3","post_date":"2022-10-14 11:54:22","post_date_gmt":"2022-10-14 09:54:22","post_content":"","post_title":"Editorial Bru\u00f1o","post_excerpt":"","post_status":"publish","comment_status":"closed","ping_status":"closed","post_password":"","post_name":"editorial-bruno","to_ping":"","pinged":"","post_modified":"2022-10-14 11:54:22","post_modified_gmt":"2022-10-14 09:54:22","post_content_filtered":"","post_parent":0,"guid":"http:\/\/dev.claret.cat\/editorial\/editorial-bruno\/","menu_order":0,"post_type":"editorial","post_mime_type":"","comment_count":"0","filter":"raw"}],"autores-libros":[{"ID":161252,"post_author":"3","post_date":"2022-10-14 17:16:43","post_date_gmt":"2022-10-14 15:16:43","post_content":"","post_title":"JULIA DONALDSON","post_excerpt":"","post_status":"publish","comment_status":"closed","ping_status":"closed","post_password":"","post_name":"julia-donaldson","to_ping":"","pinged":"","post_modified":"2022-10-14 17:16:43","post_modified_gmt":"2022-10-14 15:16:43","post_content_filtered":"","post_parent":0,"guid":"http:\/\/dev.claret.cat\/autor\/julia-donaldson\/","menu_order":0,"post_type":"autor","post_mime_type":"","comment_count":"0","filter":"raw"}]},"aioseo_notices":[],"_links":{"self":[{"href":"https:\/\/www.claret.cat\/es\/wp-json\/wp\/v2\/product\/265190","targetHints":{"allow":["GET"]}}],"collection":[{"href":"https:\/\/www.claret.cat\/es\/wp-json\/wp\/v2\/product"}],"about":[{"href":"https:\/\/www.claret.cat\/es\/wp-json\/wp\/v2\/types\/product"}],"wp:featuredmedia":[{"embeddable":true,"href":"https:\/\/www.claret.cat\/es\/wp-json\/wp\/v2\/media\/265191"}],"wp:attachment":[{"href":"https:\/\/www.claret.cat\/es\/wp-json\/wp\/v2\/media?parent=265190"}],"wp:term":[{"taxonomy":"product_brand","embeddable":true,"href":"https:\/\/www.claret.cat\/es\/wp-json\/wp\/v2\/product_brand?post=265190"},{"taxonomy":"product_cat","embeddable":true,"href":"https:\/\/www.claret.cat\/es\/wp-json\/wp\/v2\/product_cat?post=265190"},{"taxonomy":"product_tag","embeddable":true,"href":"https:\/\/www.claret.cat\/es\/wp-json\/wp\/v2\/product_tag?post=265190"}],"curies":[{"name":"wp","href":"https:\/\/api.w.org\/{rel}","templated":true}]}}