{"id":265223,"date":"2022-12-01T12:23:44","date_gmt":"2022-12-01T11:23:44","guid":{"rendered":"http:\/\/dev.claret.cat\/producte\/te-recuerdo-en-mi-corazon\/"},"modified":"2026-04-01T06:57:35","modified_gmt":"2026-04-01T04:57:35","slug":"te-recuerdo-en-mi-corazon-9788429330816","status":"publish","type":"product","link":"https:\/\/www.claret.cat\/es\/libro\/te-recuerdo-en-mi-corazon-9788429330816\/","title":{"rendered":"TE RECUERDO EN MI CORAZ\u00d3N"},"content":{"rendered":"<p>La vida se forja con v\u00ednculos, pero tambi\u00e9n con separaciones, p\u00e9rdidas -grandes y peque\u00f1as- y de los duelos que siempre las acompa\u00f1an. <\/p>\n<p> Este libro ofrece, desde la mirada psicol\u00f3gica y espiritual, una comprensi\u00f3n de la experiencia de p\u00e9rdida y duelo. Una lectura muy \u00fatil para preparar las inevitables p\u00e9rdidas de la vida y para aprender a acompa\u00f1ar mejor a las personas que pasan por estas experiencias.<\/p>\n","protected":false},"excerpt":{"rendered":"<p>SANDRIN, LUCIANO; MI<\/p>\n","protected":false},"featured_media":1078225,"template":"","meta":{"_acf_changed":false,"om_disable_all_campaigns":false,"rs_blank_template":"","rs_page_bg_color":"","slide_template_v7":"","inline_featured_image":false,"_monsterinsights_skip_tracking":false,"_monsterinsights_sitenote_active":false,"_monsterinsights_sitenote_note":"","_monsterinsights_sitenote_category":0},"product_brand":[],"product_cat":[418,284,275,413],"product_tag":[],"class_list":{"0":"post-265223","1":"product","2":"type-product","3":"status-publish","4":"has-post-thumbnail","6":"product_cat-espiritual-teologia-1_espiritualidad","7":"product_cat-espiritual","8":"product_cat-fonamental","9":"product_cat-fundamental","11":"first","12":"instock","13":"taxable","14":"shipping-taxable","15":"purchasable","16":"product-type-simple"},"acf":{"autor":"SANDRIN, LUCIANO; MI","codart":"842933081","libros-coleccion":"Proyecto","ediciones":"1","encuadernacion":"R\u00fastica","fecha_de_publicacion":"01\/11\/2022","novedad":"1","paginas":"288","subtitulo":"PSICOLOG\u00cdA DE LA P\u00c9RDIDA Y DEL DUELO","orden":"0","portada":"0","idioma":"spa","editorial":[{"ID":6351,"post_author":"3","post_date":"2022-07-28 17:50:19","post_date_gmt":"2022-07-28 15:50:19","post_content":"","post_title":"Sal Terrae","post_excerpt":"","post_status":"publish","comment_status":"closed","ping_status":"closed","post_password":"","post_name":"sal-terrae","to_ping":"","pinged":"","post_modified":"2022-07-28 17:50:19","post_modified_gmt":"2022-07-28 15:50:19","post_content_filtered":"","post_parent":0,"guid":"http:\/\/dev.claret.cat\/editorial\/sal-terrae\/","menu_order":0,"post_type":"editorial","post_mime_type":"","comment_count":"0","filter":"raw"}],"autores-libros":[{"ID":263749,"post_author":"3","post_date":"2022-12-01 11:20:24","post_date_gmt":"2022-12-01 10:20:24","post_content":"","post_title":"MI","post_excerpt":"","post_status":"publish","comment_status":"closed","ping_status":"closed","post_password":"","post_name":"mi","to_ping":"","pinged":"","post_modified":"2022-12-01 11:20:24","post_modified_gmt":"2022-12-01 10:20:24","post_content_filtered":"","post_parent":0,"guid":"http:\/\/dev.claret.cat\/autor\/mi\/","menu_order":0,"post_type":"autor","post_mime_type":"","comment_count":"0","filter":"raw"},{"ID":162599,"post_author":"3","post_date":"2022-10-14 17:32:18","post_date_gmt":"2022-10-14 15:32:18","post_content":"","post_title":"LUCIANO SANDRIN","post_excerpt":"","post_status":"publish","comment_status":"closed","ping_status":"closed","post_password":"","post_name":"luciano-sandrin","to_ping":"","pinged":"","post_modified":"2022-10-14 17:32:18","post_modified_gmt":"2022-10-14 15:32:18","post_content_filtered":"","post_parent":0,"guid":"http:\/\/dev.claret.cat\/autor\/luciano-sandrin\/","menu_order":0,"post_type":"autor","post_mime_type":"","comment_count":"0","filter":"raw"}],"booktrailer":"","resenas":""},"aioseo_notices":[],"_links":{"self":[{"href":"https:\/\/www.claret.cat\/es\/wp-json\/wp\/v2\/product\/265223","targetHints":{"allow":["GET"]}}],"collection":[{"href":"https:\/\/www.claret.cat\/es\/wp-json\/wp\/v2\/product"}],"about":[{"href":"https:\/\/www.claret.cat\/es\/wp-json\/wp\/v2\/types\/product"}],"wp:featuredmedia":[{"embeddable":true,"href":"https:\/\/www.claret.cat\/es\/wp-json\/wp\/v2\/media\/1078225"}],"wp:attachment":[{"href":"https:\/\/www.claret.cat\/es\/wp-json\/wp\/v2\/media?parent=265223"}],"wp:term":[{"taxonomy":"product_brand","embeddable":true,"href":"https:\/\/www.claret.cat\/es\/wp-json\/wp\/v2\/product_brand?post=265223"},{"taxonomy":"product_cat","embeddable":true,"href":"https:\/\/www.claret.cat\/es\/wp-json\/wp\/v2\/product_cat?post=265223"},{"taxonomy":"product_tag","embeddable":true,"href":"https:\/\/www.claret.cat\/es\/wp-json\/wp\/v2\/product_tag?post=265223"}],"curies":[{"name":"wp","href":"https:\/\/api.w.org\/{rel}","templated":true}]}}