{"id":265262,"date":"2022-12-01T12:24:42","date_gmt":"2022-12-01T11:24:42","guid":{"rendered":"http:\/\/dev.claret.cat\/producte\/el-mundo-de-sofia-2\/"},"modified":"2024-01-16T10:50:19","modified_gmt":"2024-01-16T09:50:19","slug":"el-mundo-de-sofia-9788419419187","status":"publish","type":"product","link":"https:\/\/www.claret.cat\/es\/libro\/el-mundo-de-sofia-9788419419187\/","title":{"rendered":"EL MUNDO DE SOF\u00cdA"},"content":{"rendered":"<p>Basado en el original de Jostein Gaarder.<\/p>\n<p>\u00ab\u00bfQui\u00e9n eres?\u00bb<br \/>Un d\u00eda, Sof\u00eda recibe una carta en la que viene escrita esta intrigante pregunta. Despu\u00e9s le llega una segunda: \u00ab\u00bfDe d\u00f3nde viene el mundo?\u00bb. De pregunta en pregunta y de sorpresa en sorpresa,\u00a0 la joven ser\u00e1 impulsada a una aventura en la que descubrir\u00e1 a los principales protagonistas de la filosof\u00eda occidental, y, sobre todo, \u00a1a ella misma!<\/p>\n<p>ZABUS y NICOBY reinventan en un c\u00f3mic lleno de humor la novela filos\u00f3fica de JOSTEIN GAARDER, una obra de culto que ya ha conquistado a millones de lectores en todo el mundo.<\/p>\n","protected":false},"excerpt":{"rendered":"<p>ZABUS, VINCENT \/ NICOBY,<\/p>\n","protected":false},"featured_media":453013,"template":"","meta":{"_acf_changed":false,"om_disable_all_campaigns":false,"rs_blank_template":"","rs_page_bg_color":"","slide_template_v7":"","inline_featured_image":false,"_monsterinsights_skip_tracking":false,"_monsterinsights_sitenote_active":false,"_monsterinsights_sitenote_note":"","_monsterinsights_sitenote_category":0},"product_brand":[],"product_cat":[373,166,108,558,165,438],"product_tag":[],"class_list":{"0":"post-265262","1":"product","2":"type-product","3":"status-publish","4":"has-post-thumbnail","6":"product_cat-autores","7":"product_cat-autors-filosofia","8":"product_cat-comic","9":"product_cat-comic-3_infantil-juvenil-spa-spa","10":"product_cat-historia-i-corrents-filosofia-2_humanitats","11":"product_cat-historia-y-corrientes-filosofia-2_humanidades","13":"first","14":"instock","15":"taxable","16":"shipping-taxable","17":"purchasable","18":"product-type-simple"},"acf":{"autor":"ZABUS, VINCENT \/ NICOBY,","codart":"841941918","libros-coleccion":"FORA DE COL.LECCI\u00d3","ediciones":"1","encuadernacion":"Carton\u00e9","fecha_de_publicacion":"01\/11\/2022","novedad":"1","paginas":"264","subtitulo":"1. LA FILOSOF\u00cdA DESDE S\u00d3CRATES A GALILEO","orden":"0","portada":"0","idioma":"spa","editorial":[{"ID":6365,"post_author":"3","post_date":"2022-07-28 17:50:37","post_date_gmt":"2022-07-28 15:50:37","post_content":"","post_title":"Siruela","post_excerpt":"","post_status":"publish","comment_status":"closed","ping_status":"closed","post_password":"","post_name":"siruela","to_ping":"","pinged":"","post_modified":"2022-07-28 17:50:37","post_modified_gmt":"2022-07-28 15:50:37","post_content_filtered":"","post_parent":0,"guid":"http:\/\/dev.claret.cat\/editorial\/siruela\/","menu_order":0,"post_type":"editorial","post_mime_type":"","comment_count":"0","filter":"raw"}],"autores-libros":[{"ID":263957,"post_author":"3","post_date":"2022-12-01 11:22:27","post_date_gmt":"2022-12-01 10:22:27","post_content":"","post_title":"VINCENT ZABUS","post_excerpt":"","post_status":"publish","comment_status":"closed","ping_status":"closed","post_password":"","post_name":"vincent-zabus","to_ping":"","pinged":"","post_modified":"2022-12-01 11:22:27","post_modified_gmt":"2022-12-01 10:22:27","post_content_filtered":"","post_parent":0,"guid":"http:\/\/dev.claret.cat\/autor\/vincent-zabus\/","menu_order":0,"post_type":"autor","post_mime_type":"","comment_count":"0","filter":"raw"},{"ID":263783,"post_author":"3","post_date":"2022-12-01 11:20:44","post_date_gmt":"2022-12-01 10:20:44","post_content":"","post_title":"NICOBY","post_excerpt":"","post_status":"publish","comment_status":"closed","ping_status":"closed","post_password":"","post_name":"nicoby","to_ping":"","pinged":"","post_modified":"2022-12-01 11:20:44","post_modified_gmt":"2022-12-01 10:20:44","post_content_filtered":"","post_parent":0,"guid":"http:\/\/dev.claret.cat\/autor\/nicoby\/","menu_order":0,"post_type":"autor","post_mime_type":"","comment_count":"0","filter":"raw"}]},"aioseo_notices":[],"_links":{"self":[{"href":"https:\/\/www.claret.cat\/es\/wp-json\/wp\/v2\/product\/265262","targetHints":{"allow":["GET"]}}],"collection":[{"href":"https:\/\/www.claret.cat\/es\/wp-json\/wp\/v2\/product"}],"about":[{"href":"https:\/\/www.claret.cat\/es\/wp-json\/wp\/v2\/types\/product"}],"wp:featuredmedia":[{"embeddable":true,"href":"https:\/\/www.claret.cat\/es\/wp-json\/wp\/v2\/media\/453013"}],"wp:attachment":[{"href":"https:\/\/www.claret.cat\/es\/wp-json\/wp\/v2\/media?parent=265262"}],"wp:term":[{"taxonomy":"product_brand","embeddable":true,"href":"https:\/\/www.claret.cat\/es\/wp-json\/wp\/v2\/product_brand?post=265262"},{"taxonomy":"product_cat","embeddable":true,"href":"https:\/\/www.claret.cat\/es\/wp-json\/wp\/v2\/product_cat?post=265262"},{"taxonomy":"product_tag","embeddable":true,"href":"https:\/\/www.claret.cat\/es\/wp-json\/wp\/v2\/product_tag?post=265262"}],"curies":[{"name":"wp","href":"https:\/\/api.w.org\/{rel}","templated":true}]}}