{"id":265397,"date":"2022-12-01T12:28:05","date_gmt":"2022-12-01T11:28:05","guid":{"rendered":"http:\/\/dev.claret.cat\/producte\/cuentos-de-invierno-de-lucia-mi-pediatra\/"},"modified":"2023-10-06T07:03:44","modified_gmt":"2023-10-06T05:03:44","slug":"cuentos-de-invierno-de-lucia-mi-pediatra-9788408264965","status":"publish","type":"product","link":"https:\/\/www.claret.cat\/es\/libro\/cuentos-de-invierno-de-lucia-mi-pediatra-9788408264965\/","title":{"rendered":"CUENTOS DE INVIERNO DE LUC\u00cdA, MI PEDIATRA"},"content":{"rendered":"<p>\u00a1Hola! Soy Lola y aqu\u00ed estoy de nuevo con mi hermano Toni y nuestra pediatra favorita, Luc\u00eda, para darle la bienvenida al invierno.<br \/> Me cuesta respirar y no paro de toser, y Luc\u00eda, mi pediatra, me explica que tengo bronquitis, pero que usando la trompeta m\u00e1gica y tosiendo muy fuerte lograr\u00e9 expulsar los bichitos y los mocos que se encuentran en mis pulmones. Como estoy enferma, los abuelitos vienen a cuidarme, y Luc\u00eda y yo le explicamos a la Minina que no me voy a resfriar por andar descalza por casa porque\u2026 \u00a1los virus no entran por los pies! Cuando me recupero, mam\u00e1 nos lleva a mi mejor amiga Alba, que tiene s\u00edndrome de Down, y a m\u00ed a clase de pintura, y all\u00ed aprenderemos sobre la diversidad y la tolerancia. Cuando vamos a entregar nuestras cartas para los Reyes Magos, lo hacemos junto con tres bolsas llenas de los juguetes que ya no usamos, la ropa que nos queda peque\u00f1a y comida f\u00e1cil de conservar para ayudar a todos aquellos que lo necesiten. Nuestra generosidad les ha gustado tanto a los Reyes Magos, que nos recompensan\u2026 \u00a1con una nevada! Adem\u00e1s, tendr\u00e9 un sue\u00f1o en el que conocer\u00e9 al ping\u00fcino Filipino y la importancia de los l\u00edmites.<br \/> Luc\u00eda, mi pediatra, nos presenta cinco cuentos para compartir con nuestros peques para ayudarlos a entender mejor c\u00f3mo funcionan su cuerpo y su mente durante el invierno\u2026 \u00a1y durante todo el a\u00f1o!<br \/> T\u00edtulos infantiles de Luc\u00eda, mi pediatra: <br \/> Cuentos de Luc\u00eda, mi pediatra<br \/> Cuentos de Luc\u00eda, mi pediatra 2<br \/> Cuentos de verano de Luc\u00eda, mi pediatra<br \/> Cuentos de oto\u00f1o de Luc\u00eda, mi pediatra<br \/> Cuentos de invierno de Luc\u00eda, mi pediatra<\/p>\n","protected":false},"excerpt":{"rendered":"<p>GAL\u00c1N BERTRAND, LUC\u00cdA \/ APARICIO, N\u00daRIA<\/p>\n","protected":false},"featured_media":274767,"template":"","meta":{"_acf_changed":false,"om_disable_all_campaigns":false,"rs_blank_template":"","rs_page_bg_color":"","slide_template_v7":"","inline_featured_image":false,"_monsterinsights_skip_tracking":false,"_monsterinsights_sitenote_active":false,"_monsterinsights_sitenote_note":"","_monsterinsights_sitenote_category":0},"product_brand":[],"product_cat":[362],"product_tag":[],"class_list":{"0":"post-265397","1":"product","2":"type-product","3":"status-publish","4":"has-post-thumbnail","6":"product_cat-libros-preadolescentes-6-12-anos","8":"first","9":"instock","10":"taxable","11":"shipping-taxable","12":"purchasable","13":"product-type-simple"},"acf":{"autor":"GAL\u00c1N BERTRAND, LUC\u00cdA \/ APARICIO, N\u00daRIA","codart":"840826496","libros-coleccion":"Recopilatorios de cuentos de hoy","ediciones":"1","encuadernacion":"Carton\u00e9","fecha_de_publicacion":"01\/11\/2022","novedad":"1","paginas":"74","subtitulo":"","orden":"0","portada":"0","idioma":"spa","editorial":[{"ID":6233,"post_author":"3","post_date":"2022-07-28 17:47:48","post_date_gmt":"2022-07-28 15:47:48","post_content":"","post_title":"EDITORIAL PLANETA","post_excerpt":"","post_status":"publish","comment_status":"closed","ping_status":"closed","post_password":"","post_name":"editorial-planeta","to_ping":"","pinged":"","post_modified":"2022-07-28 17:47:48","post_modified_gmt":"2022-07-28 15:47:48","post_content_filtered":"","post_parent":0,"guid":"http:\/\/dev.claret.cat\/editorial\/editorial-planeta\/","menu_order":0,"post_type":"editorial","post_mime_type":"","comment_count":"0","filter":"raw"}],"autores-libros":[{"ID":5745,"post_author":"3","post_date":"2022-07-28 17:30:33","post_date_gmt":"2022-07-28 15:30:33","post_content":"","post_title":"LUC\u00cdA GAL\u00c1N BERTRAND","post_excerpt":"","post_status":"publish","comment_status":"closed","ping_status":"closed","post_password":"","post_name":"lucia-galan-bertrand","to_ping":"","pinged":"","post_modified":"2022-07-28 17:30:33","post_modified_gmt":"2022-07-28 15:30:33","post_content_filtered":"","post_parent":0,"guid":"http:\/\/dev.claret.cat\/autor\/lucia-galan-bertrand\/","menu_order":0,"post_type":"autor","post_mime_type":"","comment_count":"0","filter":"raw"},{"ID":166005,"post_author":"3","post_date":"2022-10-14 17:59:40","post_date_gmt":"2022-10-14 15:59:40","post_content":"","post_title":"NURIA APARICIO","post_excerpt":"","post_status":"publish","comment_status":"closed","ping_status":"closed","post_password":"","post_name":"nuria-aparicio","to_ping":"","pinged":"","post_modified":"2022-10-14 17:59:40","post_modified_gmt":"2022-10-14 15:59:40","post_content_filtered":"","post_parent":0,"guid":"http:\/\/dev.claret.cat\/autor\/nuria-aparicio\/","menu_order":0,"post_type":"autor","post_mime_type":"","comment_count":"0","filter":"raw"}]},"aioseo_notices":[],"_links":{"self":[{"href":"https:\/\/www.claret.cat\/es\/wp-json\/wp\/v2\/product\/265397","targetHints":{"allow":["GET"]}}],"collection":[{"href":"https:\/\/www.claret.cat\/es\/wp-json\/wp\/v2\/product"}],"about":[{"href":"https:\/\/www.claret.cat\/es\/wp-json\/wp\/v2\/types\/product"}],"wp:featuredmedia":[{"embeddable":true,"href":"https:\/\/www.claret.cat\/es\/wp-json\/wp\/v2\/media\/274767"}],"wp:attachment":[{"href":"https:\/\/www.claret.cat\/es\/wp-json\/wp\/v2\/media?parent=265397"}],"wp:term":[{"taxonomy":"product_brand","embeddable":true,"href":"https:\/\/www.claret.cat\/es\/wp-json\/wp\/v2\/product_brand?post=265397"},{"taxonomy":"product_cat","embeddable":true,"href":"https:\/\/www.claret.cat\/es\/wp-json\/wp\/v2\/product_cat?post=265397"},{"taxonomy":"product_tag","embeddable":true,"href":"https:\/\/www.claret.cat\/es\/wp-json\/wp\/v2\/product_tag?post=265397"}],"curies":[{"name":"wp","href":"https:\/\/api.w.org\/{rel}","templated":true}]}}