{"id":265445,"date":"2022-12-01T12:29:17","date_gmt":"2022-12-01T11:29:17","guid":{"rendered":"http:\/\/dev.claret.cat\/producte\/por-si-las-voces-vuelven-edicion-especial-tapa-dura\/"},"modified":"2023-10-06T07:03:42","modified_gmt":"2023-10-06T05:03:42","slug":"por-si-las-voces-vuelven-edicion-especial-tapa-dura-9788408265689","status":"publish","type":"product","link":"https:\/\/www.claret.cat\/es\/libro\/por-si-las-voces-vuelven-edicion-especial-tapa-dura-9788408265689\/","title":{"rendered":"POR SI LAS VOCES VUELVEN. EDICI\u00d3N ESPECIAL TAPA DURA"},"content":{"rendered":"<p>EDICI\u00d3N ESPECIAL<br \/> Incluye pr\u00f3logo y dedicatoria del autor<br \/> \u00abEn agradecimiento a los m\u00e1s de 300.000 lectores que me han acompa\u00f1ado en esta locura\u00bb, \u00c1NGEL MART\u00cdN<br \/> \u00a1PUNTO PARA LOS LOCOS!<br \/> Un sorprendente testimonio sobre la locura. Un relato en primera persona sobre lo que supone perderse y tener que reconstruirse desde cero.<br \/> Hace unos a\u00f1os me romp\u00ed por completo. Tanto como para que tuvieran que atarme a la cama de un hospital psiqui\u00e1trico para evitar que pudiera hacerme da\u00f1o.<br \/> Si algo he descubierto en todo este tiempo es que, cuando cuentas abiertamente que se te ha pirado la cabeza, la gente enseguida le pone el sello de tab\u00fa. Aunque este libro lo he escrito para m\u00ed, por si las voces vuelven, es para cualquiera que haya pasado o est\u00e9 pasando por algo parecido, y as\u00ed romper de una vez por todas el estigma de las enfermedades mentales. Pero si simplemente te apetece jugar a ver el mundo como yo lo vi mientras perd\u00ed el contacto con la realidad, este libro tambi\u00e9n es para ti. Si escuchas bien las voces, descubrir\u00e1s cosas fascinantes como esta:<br \/> NO NECESITAS LLEGAR A TOCAR FONDO PARA RECONSTRUIRTE DESDE CERO.<br \/> \u00bfEmpezamos?<\/p>\n<p> EDICI\u00d3N ESPECIAL<br \/> Incluye pr\u00f3logo y dedicatoria del autor<br \/> \u00abEn agradecimiento a los m\u00e1s de 300.000 lectores que me han acompa\u00f1ado en esta locura\u00bb, \u00c1NGEL MART\u00cdN<br \/> \u00a1PUNTO PARA LOS LOCOS!<\/p>\n","protected":false},"excerpt":{"rendered":"<p>MART\u00cdN, \u00c1NGEL<\/p>\n","protected":false},"featured_media":371074,"template":"","meta":{"_acf_changed":false,"om_disable_all_campaigns":false,"rs_blank_template":"","rs_page_bg_color":"","slide_template_v7":"","inline_featured_image":false,"_monsterinsights_skip_tracking":false,"_monsterinsights_sitenote_active":false,"_monsterinsights_sitenote_note":"","_monsterinsights_sitenote_category":0},"product_brand":[],"product_cat":[377],"product_tag":[],"class_list":{"0":"post-265445","1":"product","2":"type-product","3":"status-publish","4":"has-post-thumbnail","6":"product_cat-autoayuda-y-salud-mental","8":"first","9":"instock","10":"taxable","11":"shipping-taxable","12":"purchasable","13":"product-type-simple"},"acf":{"autor":"MART\u00cdN, \u00c1NGEL","codart":"840826568","libros-coleccion":"NO FICCION","ediciones":"1","encuadernacion":"Carton\u00e9","fecha_de_publicacion":"01\/11\/2022","novedad":"1","paginas":"256","subtitulo":"","orden":"0","portada":"0","idioma":"spa","editorial":[{"ID":6233,"post_author":"3","post_date":"2022-07-28 17:47:48","post_date_gmt":"2022-07-28 15:47:48","post_content":"","post_title":"EDITORIAL PLANETA","post_excerpt":"","post_status":"publish","comment_status":"closed","ping_status":"closed","post_password":"","post_name":"editorial-planeta","to_ping":"","pinged":"","post_modified":"2022-07-28 17:47:48","post_modified_gmt":"2022-07-28 15:47:48","post_content_filtered":"","post_parent":0,"guid":"http:\/\/dev.claret.cat\/editorial\/editorial-planeta\/","menu_order":0,"post_type":"editorial","post_mime_type":"","comment_count":"0","filter":"raw"}],"autores-libros":[{"ID":150400,"post_author":"3","post_date":"2022-10-14 14:32:40","post_date_gmt":"2022-10-14 12:32:40","post_content":"","post_title":"ANGEL MARTIN","post_excerpt":"","post_status":"publish","comment_status":"closed","ping_status":"closed","post_password":"","post_name":"angel-martin","to_ping":"","pinged":"","post_modified":"2022-10-14 14:32:40","post_modified_gmt":"2022-10-14 12:32:40","post_content_filtered":"","post_parent":0,"guid":"http:\/\/dev.claret.cat\/autor\/angel-martin\/","menu_order":0,"post_type":"autor","post_mime_type":"","comment_count":"0","filter":"raw"}]},"aioseo_notices":[],"_links":{"self":[{"href":"https:\/\/www.claret.cat\/es\/wp-json\/wp\/v2\/product\/265445","targetHints":{"allow":["GET"]}}],"collection":[{"href":"https:\/\/www.claret.cat\/es\/wp-json\/wp\/v2\/product"}],"about":[{"href":"https:\/\/www.claret.cat\/es\/wp-json\/wp\/v2\/types\/product"}],"wp:featuredmedia":[{"embeddable":true,"href":"https:\/\/www.claret.cat\/es\/wp-json\/wp\/v2\/media\/371074"}],"wp:attachment":[{"href":"https:\/\/www.claret.cat\/es\/wp-json\/wp\/v2\/media?parent=265445"}],"wp:term":[{"taxonomy":"product_brand","embeddable":true,"href":"https:\/\/www.claret.cat\/es\/wp-json\/wp\/v2\/product_brand?post=265445"},{"taxonomy":"product_cat","embeddable":true,"href":"https:\/\/www.claret.cat\/es\/wp-json\/wp\/v2\/product_cat?post=265445"},{"taxonomy":"product_tag","embeddable":true,"href":"https:\/\/www.claret.cat\/es\/wp-json\/wp\/v2\/product_tag?post=265445"}],"curies":[{"name":"wp","href":"https:\/\/api.w.org\/{rel}","templated":true}]}}