{"id":265448,"date":"2022-12-01T12:29:22","date_gmt":"2022-12-01T11:29:22","guid":{"rendered":"http:\/\/dev.claret.cat\/producte\/conodramas-2\/"},"modified":"2023-10-06T07:08:35","modified_gmt":"2023-10-06T05:08:35","slug":"conodramas-9788408266617","status":"publish","type":"product","link":"https:\/\/www.claret.cat\/es\/libro\/conodramas-9788408266617\/","title":{"rendered":"CO\u00d1ODRAMAS"},"content":{"rendered":"<p>\u00a1Cuidado! Este libro atufa a feminismo y encima solo habla de cosas de chicas. Tonter\u00edas divertidas, muy reales y muy comunes, pero de muy poca importancia para la mitad de la poblaci\u00f3n. En una palabra: co\u00f1odramas.<br \/> Gordi intenta controlar sus hormonas tras dejar la p\u00edldora, Zorry lucha por recuperar el carnet de t\u00eda guay, mientras que Moderna de Pueblo reflexiona sobre su carrera como autora y los obst\u00e1culos que ha ido superando.<br \/> Todas ellas buscar\u00e1n la manera de escapar de un mundo dibujado hasta ahora por hombres.<\/p>\n","protected":false},"excerpt":{"rendered":"<p>MODERNA DE PUEBLO<\/p>\n","protected":false},"featured_media":274775,"template":"","meta":{"_acf_changed":false,"om_disable_all_campaigns":false,"rs_blank_template":"","rs_page_bg_color":"","slide_template_v7":"","inline_featured_image":false,"_monsterinsights_skip_tracking":false,"_monsterinsights_sitenote_active":false,"_monsterinsights_sitenote_note":"","_monsterinsights_sitenote_category":0},"product_brand":[],"product_cat":[563],"product_tag":[],"class_list":{"0":"post-265448","1":"product","2":"type-product","3":"status-publish","4":"has-post-thumbnail","6":"product_cat-humor-grafico","8":"first","9":"instock","10":"taxable","11":"shipping-taxable","12":"purchasable","13":"product-type-simple"},"acf":{"autor":"MODERNA DE PUEBLO","codart":"840826661","libros-coleccion":"FORA DE COL.LECCI\u00d3","ediciones":"1","encuadernacion":"Carton\u00e9","fecha_de_publicacion":"01\/11\/2022","novedad":"1","paginas":"0","subtitulo":"","orden":"0","portada":"0","idioma":"spa","editorial":[{"ID":6233,"post_author":"3","post_date":"2022-07-28 17:47:48","post_date_gmt":"2022-07-28 15:47:48","post_content":"","post_title":"EDITORIAL PLANETA","post_excerpt":"","post_status":"publish","comment_status":"closed","ping_status":"closed","post_password":"","post_name":"editorial-planeta","to_ping":"","pinged":"","post_modified":"2022-07-28 17:47:48","post_modified_gmt":"2022-07-28 15:47:48","post_content_filtered":"","post_parent":0,"guid":"http:\/\/dev.claret.cat\/editorial\/editorial-planeta\/","menu_order":0,"post_type":"editorial","post_mime_type":"","comment_count":"0","filter":"raw"}],"autores-libros":[{"ID":5865,"post_author":"3","post_date":"2022-07-28 17:33:09","post_date_gmt":"2022-07-28 15:33:09","post_content":"","post_title":"MODERNA DE PUEBLO","post_excerpt":"","post_status":"publish","comment_status":"closed","ping_status":"closed","post_password":"","post_name":"moderna-de-pueblo","to_ping":"","pinged":"","post_modified":"2022-07-28 17:33:09","post_modified_gmt":"2022-07-28 15:33:09","post_content_filtered":"","post_parent":0,"guid":"http:\/\/dev.claret.cat\/autor\/moderna-de-pueblo\/","menu_order":0,"post_type":"autor","post_mime_type":"","comment_count":"0","filter":"raw"}]},"aioseo_notices":[],"_links":{"self":[{"href":"https:\/\/www.claret.cat\/es\/wp-json\/wp\/v2\/product\/265448","targetHints":{"allow":["GET"]}}],"collection":[{"href":"https:\/\/www.claret.cat\/es\/wp-json\/wp\/v2\/product"}],"about":[{"href":"https:\/\/www.claret.cat\/es\/wp-json\/wp\/v2\/types\/product"}],"wp:featuredmedia":[{"embeddable":true,"href":"https:\/\/www.claret.cat\/es\/wp-json\/wp\/v2\/media\/274775"}],"wp:attachment":[{"href":"https:\/\/www.claret.cat\/es\/wp-json\/wp\/v2\/media?parent=265448"}],"wp:term":[{"taxonomy":"product_brand","embeddable":true,"href":"https:\/\/www.claret.cat\/es\/wp-json\/wp\/v2\/product_brand?post=265448"},{"taxonomy":"product_cat","embeddable":true,"href":"https:\/\/www.claret.cat\/es\/wp-json\/wp\/v2\/product_cat?post=265448"},{"taxonomy":"product_tag","embeddable":true,"href":"https:\/\/www.claret.cat\/es\/wp-json\/wp\/v2\/product_tag?post=265448"}],"curies":[{"name":"wp","href":"https:\/\/api.w.org\/{rel}","templated":true}]}}