{"id":265469,"date":"2022-12-01T12:29:52","date_gmt":"2022-12-01T11:29:52","guid":{"rendered":"http:\/\/dev.claret.cat\/producte\/libre-de-culpa\/"},"modified":"2023-10-06T07:01:36","modified_gmt":"2023-10-06T05:01:36","slug":"libre-de-culpa-9788425360114","status":"publish","type":"product","link":"https:\/\/www.claret.cat\/es\/libro\/libre-de-culpa-9788425360114\/","title":{"rendered":"LIBRE DE CULPA"},"content":{"rendered":"<p>Dos v\u00edctimas, la misma arma homicida, ning\u00fan motivo.<br \/>\u00bfEl crimen perfecto? Justo antes de incorporarse a la polic\u00eda de North Yorkshire, la  detective Kate Linville decide aprovechar su \u00faltimo fin de semana libre para ir al spa que sus compa\u00f1eros de Scotland Yard le han regalado  en su despedida. Kate est\u00e1 sentada en el tren, de camino a su destino, cuando aparece una  chica perseguida por un hombre con una pistola. La r\u00e1pida intervenci\u00f3n  de la detective desv\u00eda la trayectoria de la bala, pero el desconocido huye. D\u00edas despu\u00e9s, una profesora tiene un accidente con su bicicleta de  monta\u00f1a por culpa de un alambre colocado en el camino. La joven cae al suelo y, posteriormente, se oye un disparo. El examen de los cartuchos incautados en ambos sucesos demuestra que el  arma utilizada es la misma. La polic\u00eda est\u00e1 convencida de que los dos  incidentes est\u00e1n relacionados y que incluso podr\u00edan ser obra de la misma  persona, pero estas dos mujeres no se conoc\u00edan, no existe ning\u00fan v\u00ednculo aparente entre ellas. \u00bfO s\u00ed? Kate Linville se hace cargo de inmediato del caso sin saber que su vida corre peligro. Rese\u00f1as:<br \/>\u00ab\u00a1La culpa tiene tantas caras!\u00bb<br \/>Charlotte Link \u00abCharlotte Link es la maestra de ese suspense que pone los pelos de punta\u00bb.<br \/>Stern Crime  \u00abCharlotte Link traza una fina red de hilos narrativos distintos que encuentran su camino en un final sorprendente\u00bb.<br \/>NeuePost \u00abLleno de giros y vueltas tiene la dosis exacta de suspense y cada cap\u00edtulo acaba con un momento culminante\u00bb.<br \/>NDR Eat.READ.de \u00abEl thriller psicol\u00f3gico es la marca de Charlotte Link, libros  apasionantes dise\u00f1ados con inteligencia en los que el alma de los  personajes tiene tanto peso como las investigaciones criminales\u00bb.<br \/>Brigitte<\/p>\n","protected":false},"excerpt":{"rendered":"<p>LINK, CHARLOTTE<\/p>\n","protected":false},"featured_media":265470,"template":"","meta":{"_acf_changed":false,"om_disable_all_campaigns":false,"rs_blank_template":"","rs_page_bg_color":"","slide_template_v7":"","inline_featured_image":false,"_monsterinsights_skip_tracking":false,"_monsterinsights_sitenote_active":false,"_monsterinsights_sitenote_note":"","_monsterinsights_sitenote_category":0},"product_brand":[],"product_cat":[357],"product_tag":[],"class_list":{"0":"post-265469","1":"product","2":"type-product","3":"status-publish","4":"has-post-thumbnail","6":"product_cat-novela-contemporanea","8":"first","9":"instock","10":"taxable","11":"shipping-taxable","12":"purchasable","13":"product-type-simple"},"acf":{"autor":"LINK, CHARLOTTE","codart":"842536011","libros-coleccion":"Novela de intriga","ediciones":"1","encuadernacion":"Carton\u00e9","fecha_de_publicacion":"01\/11\/2022","novedad":"1","paginas":"480","subtitulo":"","orden":"0","portada":"0","idioma":"spa","editorial":[{"ID":6263,"post_author":"3","post_date":"2022-07-28 17:48:27","post_date_gmt":"2022-07-28 15:48:27","post_content":"","post_title":"GRIJALBO","post_excerpt":"","post_status":"publish","comment_status":"closed","ping_status":"closed","post_password":"","post_name":"grijalbo","to_ping":"","pinged":"","post_modified":"2022-07-28 17:48:27","post_modified_gmt":"2022-07-28 15:48:27","post_content_filtered":"","post_parent":0,"guid":"http:\/\/dev.claret.cat\/editorial\/grijalbo\/","menu_order":0,"post_type":"editorial","post_mime_type":"","comment_count":"0","filter":"raw"}],"autores-libros":[{"ID":152798,"post_author":"3","post_date":"2022-10-14 14:51:40","post_date_gmt":"2022-10-14 12:51:40","post_content":"","post_title":"CHARLOTTE LINK","post_excerpt":"","post_status":"publish","comment_status":"closed","ping_status":"closed","post_password":"","post_name":"charlotte-link","to_ping":"","pinged":"","post_modified":"2022-10-14 14:51:40","post_modified_gmt":"2022-10-14 12:51:40","post_content_filtered":"","post_parent":0,"guid":"http:\/\/dev.claret.cat\/autor\/charlotte-link\/","menu_order":0,"post_type":"autor","post_mime_type":"","comment_count":"0","filter":"raw"}]},"aioseo_notices":[],"_links":{"self":[{"href":"https:\/\/www.claret.cat\/es\/wp-json\/wp\/v2\/product\/265469","targetHints":{"allow":["GET"]}}],"collection":[{"href":"https:\/\/www.claret.cat\/es\/wp-json\/wp\/v2\/product"}],"about":[{"href":"https:\/\/www.claret.cat\/es\/wp-json\/wp\/v2\/types\/product"}],"wp:featuredmedia":[{"embeddable":true,"href":"https:\/\/www.claret.cat\/es\/wp-json\/wp\/v2\/media\/265470"}],"wp:attachment":[{"href":"https:\/\/www.claret.cat\/es\/wp-json\/wp\/v2\/media?parent=265469"}],"wp:term":[{"taxonomy":"product_brand","embeddable":true,"href":"https:\/\/www.claret.cat\/es\/wp-json\/wp\/v2\/product_brand?post=265469"},{"taxonomy":"product_cat","embeddable":true,"href":"https:\/\/www.claret.cat\/es\/wp-json\/wp\/v2\/product_cat?post=265469"},{"taxonomy":"product_tag","embeddable":true,"href":"https:\/\/www.claret.cat\/es\/wp-json\/wp\/v2\/product_tag?post=265469"}],"curies":[{"name":"wp","href":"https:\/\/api.w.org\/{rel}","templated":true}]}}