{"id":265505,"date":"2022-12-01T12:30:50","date_gmt":"2022-12-01T11:30:50","guid":{"rendered":"http:\/\/dev.claret.cat\/producte\/agencia-cuatro-patas-3-el-misterio-de-las-pelotas-robadas\/"},"modified":"2023-10-06T06:57:14","modified_gmt":"2023-10-06T04:57:14","slug":"agencia-cuatro-patas-3-el-misterio-de-las-pelotas-robadas-9788408260363","status":"publish","type":"product","link":"https:\/\/www.claret.cat\/es\/libro\/agencia-cuatro-patas-3-el-misterio-de-las-pelotas-robadas-9788408260363\/","title":{"rendered":"AGENCIA CUATRO PATAS 3. EL MISTERIO DE LAS PELOTAS ROBADAS"},"content":{"rendered":"<p>En este nueva entrega de las aventuras de los detectives m\u00e1s divertidos de todo Perr\u00f3polis, Colmillo y Ladr\u00edguez se infiltrar\u00e1n en el torneo de tenis. Porque alguien ha robado todas las pelotas y, si no aparecen, no se podr\u00e1 celebrar ning\u00fan partido\u2026 \u00a1Un desastre! As\u00ed que, raqueta en mano, procurar\u00e1n devolver todas las bolas que les lance este ladr\u00f3n y descubrir qui\u00e9n es ante de que el juez de silla pueda decir \u201cjuego, set y partido\u201d.<\/p>\n","protected":false},"excerpt":{"rendered":"<p>TEMPLE, JOL \/ TEMPLE, KATE<\/p>\n","protected":false},"featured_media":265506,"template":"","meta":{"_acf_changed":false,"om_disable_all_campaigns":false,"rs_blank_template":"","rs_page_bg_color":"","slide_template_v7":"","inline_featured_image":false,"_monsterinsights_skip_tracking":false,"_monsterinsights_sitenote_active":false,"_monsterinsights_sitenote_note":"","_monsterinsights_sitenote_category":0},"product_brand":[],"product_cat":[361],"product_tag":[],"class_list":{"0":"post-265505","1":"product","2":"type-product","3":"status-publish","4":"has-post-thumbnail","6":"product_cat-cuentos-para-ninos-0-6-anos","8":"first","9":"instock","10":"taxable","11":"shipping-taxable","12":"purchasable","13":"product-type-simple"},"acf":{"autor":"TEMPLE, JOL \/ TEMPLE, KATE","codart":"840826036","libros-coleccion":"ISLA DEL TIEMPO","ediciones":"1","encuadernacion":"R\u00fastica","fecha_de_publicacion":"01\/11\/2022","novedad":"1","paginas":"110","subtitulo":"","orden":"0","portada":"0","idioma":"spa","editorial":[{"ID":6233,"post_author":"3","post_date":"2022-07-28 17:47:48","post_date_gmt":"2022-07-28 15:47:48","post_content":"","post_title":"EDITORIAL PLANETA","post_excerpt":"","post_status":"publish","comment_status":"closed","ping_status":"closed","post_password":"","post_name":"editorial-planeta","to_ping":"","pinged":"","post_modified":"2022-07-28 17:47:48","post_modified_gmt":"2022-07-28 15:47:48","post_content_filtered":"","post_parent":0,"guid":"http:\/\/dev.claret.cat\/editorial\/editorial-planeta\/","menu_order":0,"post_type":"editorial","post_mime_type":"","comment_count":"0","filter":"raw"}],"autores-libros":[{"ID":263642,"post_author":"3","post_date":"2022-12-01 11:19:21","post_date_gmt":"2022-12-01 10:19:21","post_content":"","post_title":"KATE TEMPLE","post_excerpt":"","post_status":"publish","comment_status":"closed","ping_status":"closed","post_password":"","post_name":"kate-temple","to_ping":"","pinged":"","post_modified":"2022-12-01 11:19:21","post_modified_gmt":"2022-12-01 10:19:21","post_content_filtered":"","post_parent":0,"guid":"http:\/\/dev.claret.cat\/autor\/kate-temple\/","menu_order":0,"post_type":"autor","post_mime_type":"","comment_count":"0","filter":"raw"},{"ID":263592,"post_author":"3","post_date":"2022-12-01 11:18:52","post_date_gmt":"2022-12-01 10:18:52","post_content":"","post_title":"JOL TEMPLE","post_excerpt":"","post_status":"publish","comment_status":"closed","ping_status":"closed","post_password":"","post_name":"jol-temple","to_ping":"","pinged":"","post_modified":"2022-12-01 11:18:52","post_modified_gmt":"2022-12-01 10:18:52","post_content_filtered":"","post_parent":0,"guid":"http:\/\/dev.claret.cat\/autor\/jol-temple\/","menu_order":0,"post_type":"autor","post_mime_type":"","comment_count":"0","filter":"raw"}]},"aioseo_notices":[],"_links":{"self":[{"href":"https:\/\/www.claret.cat\/es\/wp-json\/wp\/v2\/product\/265505","targetHints":{"allow":["GET"]}}],"collection":[{"href":"https:\/\/www.claret.cat\/es\/wp-json\/wp\/v2\/product"}],"about":[{"href":"https:\/\/www.claret.cat\/es\/wp-json\/wp\/v2\/types\/product"}],"wp:featuredmedia":[{"embeddable":true,"href":"https:\/\/www.claret.cat\/es\/wp-json\/wp\/v2\/media\/265506"}],"wp:attachment":[{"href":"https:\/\/www.claret.cat\/es\/wp-json\/wp\/v2\/media?parent=265505"}],"wp:term":[{"taxonomy":"product_brand","embeddable":true,"href":"https:\/\/www.claret.cat\/es\/wp-json\/wp\/v2\/product_brand?post=265505"},{"taxonomy":"product_cat","embeddable":true,"href":"https:\/\/www.claret.cat\/es\/wp-json\/wp\/v2\/product_cat?post=265505"},{"taxonomy":"product_tag","embeddable":true,"href":"https:\/\/www.claret.cat\/es\/wp-json\/wp\/v2\/product_tag?post=265505"}],"curies":[{"name":"wp","href":"https:\/\/api.w.org\/{rel}","templated":true}]}}