{"id":26552,"date":"2022-10-02T10:46:34","date_gmt":"2022-10-02T08:46:34","guid":{"rendered":"http:\/\/dev.claret.cat\/producte\/lisboa-de-cerca-4\/"},"modified":"2023-01-28T03:47:09","modified_gmt":"2023-01-28T02:47:09","slug":"lisboa-de-cerca-4-9788408201984","status":"publish","type":"product","link":"https:\/\/www.claret.cat\/es\/libro\/lisboa-de-cerca-4-9788408201984\/","title":{"rendered":"LISBOA DE CERCA 4"},"content":{"rendered":"<p>Lisboa, una ciudad encaramada sobre siete colinas, coronada por un castillo \u00e1rabe e inundada por una po\u00e9tica luz, ofrece una estampa melanc\u00f3lica y posee una cautivadora historia. Es una capital abierta al mar, con tranv\u00edas traqueteantes, ascensores de hierro forjado y plazas se\u00f1oriales; una ciudad llena de saudade y de fado, pero tambi\u00e9n repleta de alegre vida nocturna. Modernidad, carisma y belleza: Lisboa lo tiene todo y con ayuda de esta gu\u00eda, el viajero podr\u00e1 sacar el m\u00e1ximo partido a la ciudad.<\/p>\n","protected":false},"excerpt":{"rendered":"<p>ST.LOUIS, REGIS \/ RAUB, KEVIN<\/p>\n","protected":false},"featured_media":68058,"template":"","meta":{"_acf_changed":false,"om_disable_all_campaigns":false,"rs_blank_template":"","rs_page_bg_color":"","slide_template_v7":"","inline_featured_image":false,"_monsterinsights_skip_tracking":false,"_monsterinsights_sitenote_active":false,"_monsterinsights_sitenote_note":"","_monsterinsights_sitenote_category":0},"product_brand":[],"product_cat":[107],"product_tag":[],"class_list":{"0":"post-26552","1":"product","2":"type-product","3":"status-publish","4":"has-post-thumbnail","6":"product_cat-guies-de-viatge","8":"first","9":"instock","10":"taxable","11":"shipping-taxable","12":"purchasable","13":"product-type-simple"},"acf":{"autor":"ST.LOUIS, REGIS \/ RAUB, KEVIN","codart":"840820198","libros-coleccion":"","ediciones":"1","encuadernacion":"R\u00fastica","fecha_de_publicacion":"01\/06\/2019","novedad":"1","paginas":"160","subtitulo":"","orden":"0","portada":"0","idioma":"spa","editorial":[{"ID":6377,"post_author":"3","post_date":"2022-07-28 17:50:53","post_date_gmt":"2022-07-28 15:50:53","post_content":"","post_title":"Timun Mas CAT","post_excerpt":"","post_status":"publish","comment_status":"closed","ping_status":"closed","post_password":"","post_name":"timun-mas-cat","to_ping":"","pinged":"","post_modified":"2022-07-28 17:50:53","post_modified_gmt":"2022-07-28 15:50:53","post_content_filtered":"","post_parent":0,"guid":"http:\/\/dev.claret.cat\/editorial\/timun-mas-cat\/","menu_order":0,"post_type":"editorial","post_mime_type":"","comment_count":"0","filter":"raw"}],"autores-libros":[{"ID":167939,"post_author":"3","post_date":"2022-10-14 18:15:13","post_date_gmt":"2022-10-14 16:15:13","post_content":"","post_title":"REGIS ST.LOUIS","post_excerpt":"","post_status":"publish","comment_status":"closed","ping_status":"closed","post_password":"","post_name":"regis-st-louis","to_ping":"","pinged":"","post_modified":"2022-10-14 18:15:13","post_modified_gmt":"2022-10-14 16:15:13","post_content_filtered":"","post_parent":0,"guid":"http:\/\/dev.claret.cat\/autor\/regis-st-louis\/","menu_order":0,"post_type":"autor","post_mime_type":"","comment_count":"0","filter":"raw"},{"ID":161657,"post_author":"3","post_date":"2022-10-14 17:19:59","post_date_gmt":"2022-10-14 15:19:59","post_content":"","post_title":"KEVIN RAUB","post_excerpt":"","post_status":"publish","comment_status":"closed","ping_status":"closed","post_password":"","post_name":"kevin-raub","to_ping":"","pinged":"","post_modified":"2022-10-14 17:19:59","post_modified_gmt":"2022-10-14 15:19:59","post_content_filtered":"","post_parent":0,"guid":"http:\/\/dev.claret.cat\/autor\/kevin-raub\/","menu_order":0,"post_type":"autor","post_mime_type":"","comment_count":"0","filter":"raw"}]},"aioseo_notices":[],"_links":{"self":[{"href":"https:\/\/www.claret.cat\/es\/wp-json\/wp\/v2\/product\/26552","targetHints":{"allow":["GET"]}}],"collection":[{"href":"https:\/\/www.claret.cat\/es\/wp-json\/wp\/v2\/product"}],"about":[{"href":"https:\/\/www.claret.cat\/es\/wp-json\/wp\/v2\/types\/product"}],"wp:featuredmedia":[{"embeddable":true,"href":"https:\/\/www.claret.cat\/es\/wp-json\/wp\/v2\/media\/68058"}],"wp:attachment":[{"href":"https:\/\/www.claret.cat\/es\/wp-json\/wp\/v2\/media?parent=26552"}],"wp:term":[{"taxonomy":"product_brand","embeddable":true,"href":"https:\/\/www.claret.cat\/es\/wp-json\/wp\/v2\/product_brand?post=26552"},{"taxonomy":"product_cat","embeddable":true,"href":"https:\/\/www.claret.cat\/es\/wp-json\/wp\/v2\/product_cat?post=26552"},{"taxonomy":"product_tag","embeddable":true,"href":"https:\/\/www.claret.cat\/es\/wp-json\/wp\/v2\/product_tag?post=26552"}],"curies":[{"name":"wp","href":"https:\/\/api.w.org\/{rel}","templated":true}]}}