{"id":265535,"date":"2022-12-01T12:31:34","date_gmt":"2022-12-01T11:31:34","guid":{"rendered":"http:\/\/dev.claret.cat\/producte\/la-poesia-de-los-arboles\/"},"modified":"2023-10-06T07:20:35","modified_gmt":"2023-10-06T05:20:35","slug":"la-poesia-de-los-arboles-9788419320285","status":"publish","type":"product","link":"https:\/\/www.claret.cat\/es\/libro\/la-poesia-de-los-arboles-9788419320285\/","title":{"rendered":"LA POES\u00cdA DE LOS \u00c1RBOLES"},"content":{"rendered":"<p>Un libro imprescindible para los amantes de los \u00e1rboles y de la poes\u00eda. M\u00e1s de setenta poemas de escritores como Federico Garc\u00eda Lorca, Pablo Neruda, Wislawa Szymborska, Rafael Alberti, Camilo Jos\u00e9 Cela, Gioconda Belli, Fernando Pessoa, Walt Whitman y muchos m\u00e1s.<\/p>\n<p> Leticia Ruifern\u00e1ndez nos lleva de viaje alrededor del mundo para mostrarnos los \u00e1rboles de cada uno de los pa\u00edses a trav\u00e9s de la mirada de las y los poetas.<\/p>\n","protected":false},"excerpt":{"rendered":"<p>RUIFERN\u00c1NDEZ, LETICIA<\/p>\n","protected":false},"featured_media":295286,"template":"","meta":{"_acf_changed":false,"om_disable_all_campaigns":false,"rs_blank_template":"","rs_page_bg_color":"","slide_template_v7":"","inline_featured_image":false,"_monsterinsights_skip_tracking":false,"_monsterinsights_sitenote_active":false,"_monsterinsights_sitenote_note":"","_monsterinsights_sitenote_category":0},"product_brand":[],"product_cat":[358],"product_tag":[],"class_list":{"0":"post-265535","1":"product","2":"type-product","3":"status-publish","4":"has-post-thumbnail","6":"product_cat-poesia-contemporanea","8":"first","9":"instock","10":"taxable","11":"shipping-taxable","12":"purchasable","13":"product-type-simple"},"acf":{"autor":"RUIFERN\u00c1NDEZ, LETICIA","codart":"841932028","libros-coleccion":"Ilustrados","ediciones":"1","encuadernacion":"Carton\u00e9","fecha_de_publicacion":"01\/11\/2022","novedad":"1","paginas":"220","subtitulo":"","orden":"0","portada":"0","idioma":"spa","editorial":[{"ID":6314,"post_author":"3","post_date":"2022-07-28 17:49:31","post_date_gmt":"2022-07-28 15:49:31","post_content":"","post_title":"N\u00f3rdica","post_excerpt":"","post_status":"publish","comment_status":"closed","ping_status":"closed","post_password":"","post_name":"nordica","to_ping":"","pinged":"","post_modified":"2022-07-28 17:49:31","post_modified_gmt":"2022-07-28 15:49:31","post_content_filtered":"","post_parent":0,"guid":"http:\/\/dev.claret.cat\/editorial\/nordica\/","menu_order":0,"post_type":"editorial","post_mime_type":"","comment_count":"0","filter":"raw"}],"autores-libros":[{"ID":263673,"post_author":"3","post_date":"2022-12-01 11:19:40","post_date_gmt":"2022-12-01 10:19:40","post_content":"","post_title":"LETICIA RUIFERN\u00c1NDEZ","post_excerpt":"","post_status":"publish","comment_status":"closed","ping_status":"closed","post_password":"","post_name":"leticia-ruifernandez","to_ping":"","pinged":"","post_modified":"2022-12-01 11:19:40","post_modified_gmt":"2022-12-01 10:19:40","post_content_filtered":"","post_parent":0,"guid":"http:\/\/dev.claret.cat\/autor\/leticia-ruifernandez\/","menu_order":0,"post_type":"autor","post_mime_type":"","comment_count":"0","filter":"raw"}]},"aioseo_notices":[],"_links":{"self":[{"href":"https:\/\/www.claret.cat\/es\/wp-json\/wp\/v2\/product\/265535","targetHints":{"allow":["GET"]}}],"collection":[{"href":"https:\/\/www.claret.cat\/es\/wp-json\/wp\/v2\/product"}],"about":[{"href":"https:\/\/www.claret.cat\/es\/wp-json\/wp\/v2\/types\/product"}],"wp:featuredmedia":[{"embeddable":true,"href":"https:\/\/www.claret.cat\/es\/wp-json\/wp\/v2\/media\/295286"}],"wp:attachment":[{"href":"https:\/\/www.claret.cat\/es\/wp-json\/wp\/v2\/media?parent=265535"}],"wp:term":[{"taxonomy":"product_brand","embeddable":true,"href":"https:\/\/www.claret.cat\/es\/wp-json\/wp\/v2\/product_brand?post=265535"},{"taxonomy":"product_cat","embeddable":true,"href":"https:\/\/www.claret.cat\/es\/wp-json\/wp\/v2\/product_cat?post=265535"},{"taxonomy":"product_tag","embeddable":true,"href":"https:\/\/www.claret.cat\/es\/wp-json\/wp\/v2\/product_tag?post=265535"}],"curies":[{"name":"wp","href":"https:\/\/api.w.org\/{rel}","templated":true}]}}