{"id":265550,"date":"2022-12-01T12:31:56","date_gmt":"2022-12-01T11:31:56","guid":{"rendered":"http:\/\/dev.claret.cat\/producte\/capria-2-el-misterio-de-la-llave\/"},"modified":"2023-10-06T07:20:47","modified_gmt":"2023-10-06T05:20:47","slug":"capria-2-el-misterio-de-la-llave-9788419357588","status":"publish","type":"product","link":"https:\/\/www.claret.cat\/es\/libro\/capria-2-el-misterio-de-la-llave-9788419357588\/","title":{"rendered":"CAPRIA 2 &#8211; EL MISTERIO DE LA LLAVE"},"content":{"rendered":"<p>UNA NUEVA SERIE DE AVENTURAS Y MISTERIO QUE TE LLEVAR\u00c1 A OTRO MUNDO. ELENA HA DESCUBIERTO UN SECRETO M\u00c1GICO Y YA NADA SER\u00c1 LO MISMO. Despu\u00e9s de despertar su magia, Elena necesita muchas respuestas, pero  sabe que solo hay un sitio donde puede encontrarlas: CAPRIA. Ha llegado el momento de volver al lugar donde todo empez\u00f3&#8230; y donde  todo puede acabar. Solo hay un problema: para llegar all\u00ed necesitar\u00e1n la llave m\u00e1gica y nadie sabe su paradero. Hay que resolver EL MISTERIO DE LA LLAVE. Hay que descubrir LA VERDAD DE CAPRIA. El nuevo mundo m\u00e1gico de la autora de La Diversi\u00f3n de Martina, el fen\u00f3meno que supera los 800.000 lectores.<\/p>\n","protected":false},"excerpt":{"rendered":"<p>D&#8217;ANTIOCHIA, MARTINA<\/p>\n","protected":false},"featured_media":454068,"template":"","meta":{"_acf_changed":false,"om_disable_all_campaigns":false,"rs_blank_template":"","rs_page_bg_color":"","slide_template_v7":"","inline_featured_image":false,"_monsterinsights_skip_tracking":false,"_monsterinsights_sitenote_active":false,"_monsterinsights_sitenote_note":"","_monsterinsights_sitenote_category":0},"product_brand":[],"product_cat":[362],"product_tag":[],"class_list":{"0":"post-265550","1":"product","2":"type-product","3":"status-publish","4":"has-post-thumbnail","6":"product_cat-libros-preadolescentes-6-12-anos","8":"first","9":"instock","10":"taxable","11":"shipping-taxable","12":"purchasable","13":"product-type-simple"},"acf":{"autor":"D'ANTIOCHIA, MARTINA","codart":"841935758","libros-coleccion":"FORA DE COL.LECCI\u00d3","ediciones":"1","encuadernacion":"Carton\u00e9","fecha_de_publicacion":"01\/11\/2022","novedad":"1","paginas":"155","subtitulo":"","orden":"0","portada":"0","idioma":"spa","editorial":[{"ID":6310,"post_author":"3","post_date":"2022-07-28 17:49:26","post_date_gmt":"2022-07-28 15:49:26","post_content":"","post_title":"MONTENA","post_excerpt":"","post_status":"publish","comment_status":"closed","ping_status":"closed","post_password":"","post_name":"montena","to_ping":"","pinged":"","post_modified":"2022-07-28 17:49:26","post_modified_gmt":"2022-07-28 15:49:26","post_content_filtered":"","post_parent":0,"guid":"http:\/\/dev.claret.cat\/editorial\/montena\/","menu_order":0,"post_type":"editorial","post_mime_type":"","comment_count":"0","filter":"raw"}],"autores-libros":[{"ID":164327,"post_author":"3","post_date":"2022-10-14 17:46:11","post_date_gmt":"2022-10-14 15:46:11","post_content":"","post_title":"MARTINA D\u00b4ANTIOCHIA","post_excerpt":"","post_status":"publish","comment_status":"closed","ping_status":"closed","post_password":"","post_name":"martina-dantiochia-2","to_ping":"","pinged":"","post_modified":"2022-10-14 17:46:11","post_modified_gmt":"2022-10-14 15:46:11","post_content_filtered":"","post_parent":0,"guid":"http:\/\/dev.claret.cat\/autor\/martina-dantiochia-2\/","menu_order":0,"post_type":"autor","post_mime_type":"","comment_count":"0","filter":"raw"}]},"aioseo_notices":[],"_links":{"self":[{"href":"https:\/\/www.claret.cat\/es\/wp-json\/wp\/v2\/product\/265550","targetHints":{"allow":["GET"]}}],"collection":[{"href":"https:\/\/www.claret.cat\/es\/wp-json\/wp\/v2\/product"}],"about":[{"href":"https:\/\/www.claret.cat\/es\/wp-json\/wp\/v2\/types\/product"}],"wp:featuredmedia":[{"embeddable":true,"href":"https:\/\/www.claret.cat\/es\/wp-json\/wp\/v2\/media\/454068"}],"wp:attachment":[{"href":"https:\/\/www.claret.cat\/es\/wp-json\/wp\/v2\/media?parent=265550"}],"wp:term":[{"taxonomy":"product_brand","embeddable":true,"href":"https:\/\/www.claret.cat\/es\/wp-json\/wp\/v2\/product_brand?post=265550"},{"taxonomy":"product_cat","embeddable":true,"href":"https:\/\/www.claret.cat\/es\/wp-json\/wp\/v2\/product_cat?post=265550"},{"taxonomy":"product_tag","embeddable":true,"href":"https:\/\/www.claret.cat\/es\/wp-json\/wp\/v2\/product_tag?post=265550"}],"curies":[{"name":"wp","href":"https:\/\/api.w.org\/{rel}","templated":true}]}}