{"id":265553,"date":"2022-12-01T12:32:00","date_gmt":"2022-12-01T11:32:00","guid":{"rendered":"http:\/\/dev.claret.cat\/producte\/donde-esta-pikachu-busca-y-encuentra-coleccion-pokemon\/"},"modified":"2026-04-23T17:22:03","modified_gmt":"2026-04-23T15:22:03","slug":"donde-esta-pikachu-busca-y-encuentra-coleccion-pokemon-9788419357748","status":"publish","type":"product","link":"https:\/\/www.claret.cat\/es\/libro\/donde-esta-pikachu-busca-y-encuentra-coleccion-pokemon-9788419357748\/","title":{"rendered":"\u00bfD\u00d3NDE EST\u00c1 PIKACHU? BUSCA Y ENCUENTRA (COLECCI\u00d3N POK\u00c9MON)"},"content":{"rendered":"<p>\u00a1Pikachu se ha perdido y tienes que ayudar a encontrarlo! UNA AVENTURA DE BUSCA Y ENCUENTRA: \u00a1PIKACHU CONOCE A EEVEE! Sigue a Pikachu en esta fren\u00e9tica aventura mientras exploras las  regiones Pok\u00e9mon m\u00e1s salvajes junto a su gu\u00eda particular: \u00a1el amistoso  Eevee y sus m\u00faltiples evoluciones! \u00a1Pero eso no es todo! Para cumplir tu  misi\u00f3n, tambi\u00e9n deber\u00e1s encontrar a los Pok\u00e9mon escondidos en los rincones m\u00e1s ocultos de cada p\u00e1gina. \u00bfTe atreves? UNA GU\u00cdA DE TODOS LOS POK\u00c9MON DE LA HISTORIA Encontrar\u00e1s todo lo que necesitas para convertirte en un experto sobre Pikachu, Eevee y sus evoluciones. JUEGOS Y ACTIVIDADES Tests, rompecabezas, adivinanzas y mucho m\u00e1s para divertirte y poner a prueba tus conocimientos como maestro Pok\u00e9mon.<\/p>\n","protected":false},"excerpt":{"rendered":"<p>THE POK\u00c9MON COMPANY,<\/p>\n","protected":false},"featured_media":993149,"template":"","meta":{"_acf_changed":false,"om_disable_all_campaigns":false,"rs_blank_template":"","rs_page_bg_color":"","slide_template_v7":"","inline_featured_image":false,"_monsterinsights_skip_tracking":false,"_monsterinsights_sitenote_active":false,"_monsterinsights_sitenote_note":"","_monsterinsights_sitenote_category":0},"product_brand":[],"product_cat":[131,132,361,362],"product_tag":[],"class_list":{"0":"post-265553","1":"product","2":"type-product","3":"status-publish","4":"has-post-thumbnail","6":"product_cat-contes-per-infants-0-6-anys","7":"product_cat-lectures-per-preadolescents-6-12-anys","8":"product_cat-cuentos-para-ninos-0-6-anos","9":"product_cat-libros-preadolescentes-6-12-anos","11":"first","12":"instock","13":"taxable","14":"shipping-taxable","15":"purchasable","16":"product-type-simple"},"acf":{"autor":"THE POK\u00c9MON COMPANY,","codart":"841935774","libros-coleccion":"FORA DE COL.LECCI\u00d3","ediciones":"1","encuadernacion":"Carton\u00e9","fecha_de_publicacion":"01\/11\/2022","novedad":"1","paginas":"31","subtitulo":"","orden":"0","portada":"0","idioma":"spa","editorial":[{"ID":6310,"post_author":"3","post_date":"2022-07-28 17:49:26","post_date_gmt":"2022-07-28 15:49:26","post_content":"","post_title":"MONTENA","post_excerpt":"","post_status":"publish","comment_status":"closed","ping_status":"closed","post_password":"","post_name":"montena","to_ping":"","pinged":"","post_modified":"2022-07-28 17:49:26","post_modified_gmt":"2022-07-28 15:49:26","post_content_filtered":"","post_parent":0,"guid":"http:\/\/dev.claret.cat\/editorial\/montena\/","menu_order":0,"post_type":"editorial","post_mime_type":"","comment_count":"0","filter":"raw"}],"autores-libros":[{"ID":170293,"post_author":"3","post_date":"2022-10-14 22:34:09","post_date_gmt":"2022-10-14 20:34:09","post_content":"","post_title":"THE POK\u00c9MON COMPANY","post_excerpt":"","post_status":"publish","comment_status":"closed","ping_status":"closed","post_password":"","post_name":"the-pokemon-company","to_ping":"","pinged":"","post_modified":"2022-10-14 22:34:09","post_modified_gmt":"2022-10-14 20:34:09","post_content_filtered":"","post_parent":0,"guid":"http:\/\/dev.claret.cat\/autor\/the-pokemon-company\/","menu_order":0,"post_type":"autor","post_mime_type":"","comment_count":"0","filter":"raw"}],"booktrailer":"","resenas":""},"aioseo_notices":[],"_links":{"self":[{"href":"https:\/\/www.claret.cat\/es\/wp-json\/wp\/v2\/product\/265553","targetHints":{"allow":["GET"]}}],"collection":[{"href":"https:\/\/www.claret.cat\/es\/wp-json\/wp\/v2\/product"}],"about":[{"href":"https:\/\/www.claret.cat\/es\/wp-json\/wp\/v2\/types\/product"}],"wp:featuredmedia":[{"embeddable":true,"href":"https:\/\/www.claret.cat\/es\/wp-json\/wp\/v2\/media\/993149"}],"wp:attachment":[{"href":"https:\/\/www.claret.cat\/es\/wp-json\/wp\/v2\/media?parent=265553"}],"wp:term":[{"taxonomy":"product_brand","embeddable":true,"href":"https:\/\/www.claret.cat\/es\/wp-json\/wp\/v2\/product_brand?post=265553"},{"taxonomy":"product_cat","embeddable":true,"href":"https:\/\/www.claret.cat\/es\/wp-json\/wp\/v2\/product_cat?post=265553"},{"taxonomy":"product_tag","embeddable":true,"href":"https:\/\/www.claret.cat\/es\/wp-json\/wp\/v2\/product_tag?post=265553"}],"curies":[{"name":"wp","href":"https:\/\/api.w.org\/{rel}","templated":true}]}}