{"id":265556,"date":"2022-12-01T12:32:05","date_gmt":"2022-12-01T11:32:05","guid":{"rendered":"http:\/\/dev.claret.cat\/producte\/enciclopedia-pokemon-col%c2%b7leccio-pokemon\/"},"modified":"2026-03-09T10:25:30","modified_gmt":"2026-03-09T09:25:30","slug":"enciclopedia-pokemon-colleccio-pokemon-9788419357755","status":"publish","type":"product","link":"https:\/\/www.claret.cat\/es\/libro\/enciclopedia-pokemon-colleccio-pokemon-9788419357755\/","title":{"rendered":"ENCICLOP\u00c8DIA POK\u00c9MON (COL\u00b7LECCI\u00d3 POK\u00c9MON)"},"content":{"rendered":"<p>L&#8221;enciclop\u00e8dia Pok\u00e9mon definitiva ja \u00e9s aqu\u00ed! EL M\u00d3N POK\u00c9MON A LES TEVES MANS Descobreix tots els secrets de la teva s\u00e8rie preferida amb aquesta enciclop\u00e8dia definitiva. Acompanya  Ash en aquest meravell\u00f3s viatge des de Kanto fins a la regi\u00f3  de Galar i fes nous amics i Pok\u00e9mon incre\u00efbles al llarg del cam\u00ed. Coneix els poderosos Pok\u00e9mon llegendaris i singulars, sigues testimoni  de duels i de batalles apote\u00f2siques i celebra els \u00e8xits d&#8221;Ash i  segueix-lo mentre es prepara per convertir-se en el mestre Pok\u00e9mon m\u00e9s poder\u00f3s de tots els temps.<\/p>\n","protected":false},"excerpt":{"rendered":"<p>THE POK\u00c9MON COMPANY,<\/p>\n","protected":false},"featured_media":1088490,"template":"","meta":{"_acf_changed":false,"om_disable_all_campaigns":false,"rs_blank_template":"","rs_page_bg_color":"","slide_template_v7":"","inline_featured_image":false,"_monsterinsights_skip_tracking":false,"_monsterinsights_sitenote_active":false,"_monsterinsights_sitenote_note":"","_monsterinsights_sitenote_category":0},"product_brand":[],"product_cat":[131,132,361,362],"product_tag":[],"class_list":{"0":"post-265556","1":"product","2":"type-product","3":"status-publish","4":"has-post-thumbnail","6":"product_cat-contes-per-infants-0-6-anys","7":"product_cat-lectures-per-preadolescents-6-12-anys","8":"product_cat-cuentos-para-ninos-0-6-anos","9":"product_cat-libros-preadolescentes-6-12-anos","11":"first","12":"outofstock","13":"taxable","14":"shipping-taxable","15":"purchasable","16":"product-type-simple"},"acf":{"autor":"THE POK\u00c9MON COMPANY,","codart":"841935775","libros-coleccion":"FORA DE COL.LECCI\u00d3","ediciones":"1","encuadernacion":"Carton\u00e9","fecha_de_publicacion":"01\/11\/2022","novedad":"0","paginas":"335","subtitulo":"","orden":"0","portada":"0","idioma":"cat","editorial":[{"ID":6310,"post_author":"3","post_date":"2022-07-28 17:49:26","post_date_gmt":"2022-07-28 15:49:26","post_content":"","post_title":"MONTENA","post_excerpt":"","post_status":"publish","comment_status":"closed","ping_status":"closed","post_password":"","post_name":"montena","to_ping":"","pinged":"","post_modified":"2022-07-28 17:49:26","post_modified_gmt":"2022-07-28 15:49:26","post_content_filtered":"","post_parent":0,"guid":"http:\/\/dev.claret.cat\/editorial\/montena\/","menu_order":0,"post_type":"editorial","post_mime_type":"","comment_count":"0","filter":"raw"}],"autores-libros":[{"ID":170293,"post_author":"3","post_date":"2022-10-14 22:34:09","post_date_gmt":"2022-10-14 20:34:09","post_content":"","post_title":"THE POK\u00c9MON COMPANY","post_excerpt":"","post_status":"publish","comment_status":"closed","ping_status":"closed","post_password":"","post_name":"the-pokemon-company","to_ping":"","pinged":"","post_modified":"2022-10-14 22:34:09","post_modified_gmt":"2022-10-14 20:34:09","post_content_filtered":"","post_parent":0,"guid":"http:\/\/dev.claret.cat\/autor\/the-pokemon-company\/","menu_order":0,"post_type":"autor","post_mime_type":"","comment_count":"0","filter":"raw"}],"booktrailer":"","resenas":""},"aioseo_notices":[],"_links":{"self":[{"href":"https:\/\/www.claret.cat\/es\/wp-json\/wp\/v2\/product\/265556","targetHints":{"allow":["GET"]}}],"collection":[{"href":"https:\/\/www.claret.cat\/es\/wp-json\/wp\/v2\/product"}],"about":[{"href":"https:\/\/www.claret.cat\/es\/wp-json\/wp\/v2\/types\/product"}],"wp:featuredmedia":[{"embeddable":true,"href":"https:\/\/www.claret.cat\/es\/wp-json\/wp\/v2\/media\/1088490"}],"wp:attachment":[{"href":"https:\/\/www.claret.cat\/es\/wp-json\/wp\/v2\/media?parent=265556"}],"wp:term":[{"taxonomy":"product_brand","embeddable":true,"href":"https:\/\/www.claret.cat\/es\/wp-json\/wp\/v2\/product_brand?post=265556"},{"taxonomy":"product_cat","embeddable":true,"href":"https:\/\/www.claret.cat\/es\/wp-json\/wp\/v2\/product_cat?post=265556"},{"taxonomy":"product_tag","embeddable":true,"href":"https:\/\/www.claret.cat\/es\/wp-json\/wp\/v2\/product_tag?post=265556"}],"curies":[{"name":"wp","href":"https:\/\/api.w.org\/{rel}","templated":true}]}}