{"id":265574,"date":"2022-12-01T12:32:32","date_gmt":"2022-12-01T11:32:32","guid":{"rendered":"http:\/\/dev.claret.cat\/producte\/peanut-jones-i-els-dotze-portals\/"},"modified":"2024-04-24T12:47:54","modified_gmt":"2024-04-24T10:47:54","slug":"peanut-jones-i-els-dotze-portals-9788448955380","status":"publish","type":"product","link":"https:\/\/www.claret.cat\/es\/libro\/peanut-jones-i-els-dotze-portals-9788448955380\/","title":{"rendered":"PEANUT JONES I ELS DOTZE PORTALS"},"content":{"rendered":"<p>Importants obres d&#8221;art d&#8221;arreu del m\u00f3n estan desapareixent. All\u00e0 hi s\u00f3n; les pots veure, per\u00f2, de sobte i d&#8221;una revolada, s&#8221;han convertit en pols. La Peanut Jones i els seus amics sospiten que aquests fets estan relacionats amb el m\u00f3n m\u00e0gic de Croma i amb el pla malvat del senyor Blanc de fer desapar\u00e8ixer la creativitat del m\u00f3n. Ja \u00e9s hora de tornar a la Ciutat Il\u00b7lustrada i ajudar la resist\u00e8ncia!<\/p>\n","protected":false},"excerpt":{"rendered":"<p>BIDDULPH, ROB<\/p>\n","protected":false},"featured_media":265575,"template":"","meta":{"_acf_changed":false,"om_disable_all_campaigns":false,"rs_blank_template":"","rs_page_bg_color":"","slide_template_v7":"","inline_featured_image":false,"_monsterinsights_skip_tracking":false,"_monsterinsights_sitenote_active":false,"_monsterinsights_sitenote_note":"","_monsterinsights_sitenote_category":0},"product_brand":[],"product_cat":[132,362],"product_tag":[],"class_list":{"0":"post-265574","1":"product","2":"type-product","3":"status-publish","4":"has-post-thumbnail","6":"product_cat-lectures-per-preadolescents-6-12-anys","7":"product_cat-libros-preadolescentes-6-12-anos","9":"first","10":"instock","11":"taxable","12":"shipping-taxable","13":"purchasable","14":"product-type-simple"},"acf":{"autor":"BIDDULPH, ROB","codart":"844895538","libros-coleccion":"Llibres Infantils I Juvenils - Diversos","ediciones":"1","encuadernacion":"Carton\u00e9","fecha_de_publicacion":"01\/11\/2022","novedad":"1","paginas":"333","subtitulo":"","orden":"0","portada":"0","idioma":"cat","editorial":[{"ID":147525,"post_author":"3","post_date":"2022-10-14 11:51:14","post_date_gmt":"2022-10-14 09:51:14","post_content":"","post_title":"BARCANOVA","post_excerpt":"","post_status":"publish","comment_status":"closed","ping_status":"closed","post_password":"","post_name":"barcanova","to_ping":"","pinged":"","post_modified":"2022-10-14 11:51:14","post_modified_gmt":"2022-10-14 09:51:14","post_content_filtered":"","post_parent":0,"guid":"http:\/\/dev.claret.cat\/editorial\/barcanova\/","menu_order":0,"post_type":"editorial","post_mime_type":"","comment_count":"0","filter":"raw"}],"autores-libros":[{"ID":168159,"post_author":"3","post_date":"2022-10-14 18:17:00","post_date_gmt":"2022-10-14 16:17:00","post_content":"","post_title":"ROB BIDDULPH","post_excerpt":"","post_status":"publish","comment_status":"closed","ping_status":"closed","post_password":"","post_name":"rob-biddulph","to_ping":"","pinged":"","post_modified":"2022-10-14 18:17:00","post_modified_gmt":"2022-10-14 16:17:00","post_content_filtered":"","post_parent":0,"guid":"http:\/\/dev.claret.cat\/autor\/rob-biddulph\/","menu_order":0,"post_type":"autor","post_mime_type":"","comment_count":"0","filter":"raw"}]},"aioseo_notices":[],"_links":{"self":[{"href":"https:\/\/www.claret.cat\/es\/wp-json\/wp\/v2\/product\/265574","targetHints":{"allow":["GET"]}}],"collection":[{"href":"https:\/\/www.claret.cat\/es\/wp-json\/wp\/v2\/product"}],"about":[{"href":"https:\/\/www.claret.cat\/es\/wp-json\/wp\/v2\/types\/product"}],"wp:featuredmedia":[{"embeddable":true,"href":"https:\/\/www.claret.cat\/es\/wp-json\/wp\/v2\/media\/265575"}],"wp:attachment":[{"href":"https:\/\/www.claret.cat\/es\/wp-json\/wp\/v2\/media?parent=265574"}],"wp:term":[{"taxonomy":"product_brand","embeddable":true,"href":"https:\/\/www.claret.cat\/es\/wp-json\/wp\/v2\/product_brand?post=265574"},{"taxonomy":"product_cat","embeddable":true,"href":"https:\/\/www.claret.cat\/es\/wp-json\/wp\/v2\/product_cat?post=265574"},{"taxonomy":"product_tag","embeddable":true,"href":"https:\/\/www.claret.cat\/es\/wp-json\/wp\/v2\/product_tag?post=265574"}],"curies":[{"name":"wp","href":"https:\/\/api.w.org\/{rel}","templated":true}]}}