{"id":265625,"date":"2022-12-01T12:33:48","date_gmt":"2022-12-01T11:33:48","guid":{"rendered":"http:\/\/dev.claret.cat\/producte\/amanda-black-6-la-maldicion-del-nilo\/"},"modified":"2025-10-24T17:25:57","modified_gmt":"2025-10-24T15:25:57","slug":"amanda-black-6-la-maldicion-del-nilo-9788418688355","status":"publish","type":"product","link":"https:\/\/www.claret.cat\/es\/libro\/amanda-black-6-la-maldicion-del-nilo-9788418688355\/","title":{"rendered":"AMANDA BLACK 6 &#8211; LA MALDICI\u00d3N DEL NILO"},"content":{"rendered":"<p>Llega el sexto libro de la colecci\u00f3n \u00abAmanda Black\u00bb, la nueva serie  para ni\u00f1os de Juan G\u00f3mez-Jurado y B\u00e1rbara Montes. Aventuras repletas de misterio, acci\u00f3n trepidante y con un ritmo fren\u00e9tico. \u00abO alguien me salva o esto es el fin\u00bb. Creo que nunca hab\u00eda estado en una situaci\u00f3n peor. Me explico: me  han  tirado al Nilo, estoy atada de pies y manos, y me estoy ahogando. Y, por si esto fuera poco, un cocodrilo enorme se acerca a m\u00ed . La t\u00eda Paula pens\u00f3 que pasar unos d\u00edas en El Cairo ser\u00eda divertido. El  plan era ver el Despertar del Nilo, un ritual \u00fanico que se celebra cada doscientos a\u00f1os. Pero alguien ha robado la estatua de Hapi, el dios del r\u00edo, y ha  desatado las plagas de Egipto. Si no recupero la figura a tiempo, el  destino de la familia Black (y el de toda la humanidad) estar\u00e1 en peligro. \u00a1Glups! \u00bfConseguir\u00e1 Amanda apaciguar la c\u00f3lera del dios egipcio y salvar al mundo de la maldici\u00f3n del Nilo?<\/p>\n","protected":false},"excerpt":{"rendered":"<p>G\u00d3MEZ-JURADO, JUAN \/ MONTES, B\u00c1RBARA<\/p>\n","protected":false},"featured_media":265626,"template":"","meta":{"_acf_changed":false,"om_disable_all_campaigns":false,"rs_blank_template":"","rs_page_bg_color":"","slide_template_v7":"","inline_featured_image":false,"_monsterinsights_skip_tracking":false,"_monsterinsights_sitenote_active":false,"_monsterinsights_sitenote_note":"","_monsterinsights_sitenote_category":0},"product_brand":[],"product_cat":[132,362],"product_tag":[],"class_list":{"0":"post-265625","1":"product","2":"type-product","3":"status-publish","4":"has-post-thumbnail","6":"product_cat-lectures-per-preadolescents-6-12-anys","7":"product_cat-libros-preadolescentes-6-12-anos","9":"first","10":"instock","11":"taxable","12":"shipping-taxable","13":"purchasable","14":"product-type-simple"},"acf":{"autor":"G\u00d3MEZ-JURADO, JUAN \/ MONTES, B\u00c1RBARA","codart":"841868835","libros-coleccion":"FORA DE COL.LECCI\u00d3","ediciones":"1","encuadernacion":"Carton\u00e9","fecha_de_publicacion":"01\/11\/2022","novedad":"1","paginas":"204","subtitulo":"","orden":"0","portada":"0","idioma":"spa","editorial":[{"ID":6136,"post_author":"3","post_date":"2022-07-28 17:45:39","post_date_gmt":"2022-07-28 15:45:39","post_content":"","post_title":"B de Blok (Ediciones B)","post_excerpt":"","post_status":"publish","comment_status":"closed","ping_status":"closed","post_password":"","post_name":"b-de-blok-ediciones-b","to_ping":"","pinged":"","post_modified":"2022-07-28 17:45:39","post_modified_gmt":"2022-07-28 15:45:39","post_content_filtered":"","post_parent":0,"guid":"http:\/\/dev.claret.cat\/editorial\/b-de-blok-ediciones-b\/","menu_order":0,"post_type":"editorial","post_mime_type":"","comment_count":"0","filter":"raw"}],"autores-libros":[{"ID":5678,"post_author":"3","post_date":"2022-07-28 17:29:08","post_date_gmt":"2022-07-28 15:29:08","post_content":"","post_title":"JUAN G\u00d3MEZ-JURADO","post_excerpt":"","post_status":"publish","comment_status":"closed","ping_status":"closed","post_password":"","post_name":"juan-gomez-jurado","to_ping":"","pinged":"","post_modified":"2022-07-28 17:29:08","post_modified_gmt":"2022-07-28 15:29:08","post_content_filtered":"","post_parent":0,"guid":"http:\/\/dev.claret.cat\/autor\/juan-gomez-jurado\/","menu_order":0,"post_type":"autor","post_mime_type":"","comment_count":"0","filter":"raw"},{"ID":5288,"post_author":"3","post_date":"2022-07-28 17:20:49","post_date_gmt":"2022-07-28 15:20:49","post_content":"","post_title":"B\u00c1RBARA MONTES","post_excerpt":"","post_status":"publish","comment_status":"closed","ping_status":"closed","post_password":"","post_name":"barbara-montes","to_ping":"","pinged":"","post_modified":"2022-07-28 17:20:49","post_modified_gmt":"2022-07-28 15:20:49","post_content_filtered":"","post_parent":0,"guid":"http:\/\/dev.claret.cat\/autor\/barbara-montes\/","menu_order":0,"post_type":"autor","post_mime_type":"","comment_count":"0","filter":"raw"}],"booktrailer":"","resenas":""},"aioseo_notices":[],"_links":{"self":[{"href":"https:\/\/www.claret.cat\/es\/wp-json\/wp\/v2\/product\/265625","targetHints":{"allow":["GET"]}}],"collection":[{"href":"https:\/\/www.claret.cat\/es\/wp-json\/wp\/v2\/product"}],"about":[{"href":"https:\/\/www.claret.cat\/es\/wp-json\/wp\/v2\/types\/product"}],"wp:featuredmedia":[{"embeddable":true,"href":"https:\/\/www.claret.cat\/es\/wp-json\/wp\/v2\/media\/265626"}],"wp:attachment":[{"href":"https:\/\/www.claret.cat\/es\/wp-json\/wp\/v2\/media?parent=265625"}],"wp:term":[{"taxonomy":"product_brand","embeddable":true,"href":"https:\/\/www.claret.cat\/es\/wp-json\/wp\/v2\/product_brand?post=265625"},{"taxonomy":"product_cat","embeddable":true,"href":"https:\/\/www.claret.cat\/es\/wp-json\/wp\/v2\/product_cat?post=265625"},{"taxonomy":"product_tag","embeddable":true,"href":"https:\/\/www.claret.cat\/es\/wp-json\/wp\/v2\/product_tag?post=265625"}],"curies":[{"name":"wp","href":"https:\/\/api.w.org\/{rel}","templated":true}]}}