{"id":265634,"date":"2022-12-01T12:34:01","date_gmt":"2022-12-01T11:34:01","guid":{"rendered":"http:\/\/dev.claret.cat\/producte\/uno-un-recipiente-recetas-faciles\/"},"modified":"2023-10-06T07:01:39","modified_gmt":"2023-10-06T05:01:39","slug":"uno-un-recipiente-recetas-faciles-9788425361517","status":"publish","type":"product","link":"https:\/\/www.claret.cat\/es\/libro\/uno-un-recipiente-recetas-faciles-9788425361517\/","title":{"rendered":"UNO. UN RECIPIENTE. RECETAS F\u00c1CILES"},"content":{"rendered":"<p>El chef Jamie Oliver nos deleita con m\u00e1s de 120 recetas deliciosas y  sin complicaciones cocinadas en un solo recipiente. Y lo que es a\u00fan mejor: cada elaboraci\u00f3n solo requiere 8 ingredientes (o  menos), lo que significa una m\u00ednima preparaci\u00f3n (y limpieza) y una m\u00e1xima comodidad. Lleno de platos econ\u00f3micos que se pueden cocinar en cualquier momento,  UNO tiene de todo, desde riqu\u00edsimos almuerzos caseros hasta cenas  r\u00e1pidas que enamorar\u00e1n a toda la familia; desde opciones sin carne hasta  comidas que har\u00e1n que hasta los m\u00e1s novatos decidan meterse en la cocina. Con cap\u00edtulos que incluyen: &#8211; Delicias con verduras &#8211; Ideas con pollo &#8211; Pasta a la sart\u00e9n &#8211; Cocinar para varios d\u00edas &#8211; Postres y tartas Recetas sabrosas como Jugoso pollo tahini, Pastel de berenjenas Hasselback y Tarta blandita de cruasanes pronto se convertir\u00e1n  en nuestras favoritas. Hay muchas m\u00e1s elaboraciones que hacen de UNO un libro perfecto para acompa\u00f1ar a VEG, 5 ingredientes y 7 ideas en la  estanter\u00eda de tu casa.<\/p>\n","protected":false},"excerpt":{"rendered":"<p>OLIVER, JAMIE<\/p>\n","protected":false},"featured_media":265635,"template":"","meta":{"_acf_changed":false,"om_disable_all_campaigns":false,"rs_blank_template":"","rs_page_bg_color":"","slide_template_v7":"","inline_featured_image":false,"_monsterinsights_skip_tracking":false,"_monsterinsights_sitenote_active":false,"_monsterinsights_sitenote_note":"","_monsterinsights_sitenote_category":0},"product_brand":[],"product_cat":[553],"product_tag":[],"class_list":{"0":"post-265634","1":"product","2":"type-product","3":"status-publish","4":"has-post-thumbnail","6":"product_cat-cocina","8":"first","9":"instock","10":"taxable","11":"shipping-taxable","12":"purchasable","13":"product-type-simple"},"acf":{"autor":"OLIVER, JAMIE","codart":"842536151","libros-coleccion":"Cocina de autor","ediciones":"1","encuadernacion":"Carton\u00e9","fecha_de_publicacion":"01\/11\/2022","novedad":"1","paginas":"309","subtitulo":"","orden":"0","portada":"0","idioma":"spa","editorial":[{"ID":6263,"post_author":"3","post_date":"2022-07-28 17:48:27","post_date_gmt":"2022-07-28 15:48:27","post_content":"","post_title":"GRIJALBO","post_excerpt":"","post_status":"publish","comment_status":"closed","ping_status":"closed","post_password":"","post_name":"grijalbo","to_ping":"","pinged":"","post_modified":"2022-07-28 17:48:27","post_modified_gmt":"2022-07-28 15:48:27","post_content_filtered":"","post_parent":0,"guid":"http:\/\/dev.claret.cat\/editorial\/grijalbo\/","menu_order":0,"post_type":"editorial","post_mime_type":"","comment_count":"0","filter":"raw"}],"autores-libros":[{"ID":158450,"post_author":"3","post_date":"2022-10-14 15:36:57","post_date_gmt":"2022-10-14 13:36:57","post_content":"","post_title":"JAMIE OLIVER","post_excerpt":"","post_status":"publish","comment_status":"closed","ping_status":"closed","post_password":"","post_name":"jamie-oliver","to_ping":"","pinged":"","post_modified":"2022-10-14 15:36:57","post_modified_gmt":"2022-10-14 13:36:57","post_content_filtered":"","post_parent":0,"guid":"http:\/\/dev.claret.cat\/autor\/jamie-oliver\/","menu_order":0,"post_type":"autor","post_mime_type":"","comment_count":"0","filter":"raw"}]},"aioseo_notices":[],"_links":{"self":[{"href":"https:\/\/www.claret.cat\/es\/wp-json\/wp\/v2\/product\/265634","targetHints":{"allow":["GET"]}}],"collection":[{"href":"https:\/\/www.claret.cat\/es\/wp-json\/wp\/v2\/product"}],"about":[{"href":"https:\/\/www.claret.cat\/es\/wp-json\/wp\/v2\/types\/product"}],"wp:featuredmedia":[{"embeddable":true,"href":"https:\/\/www.claret.cat\/es\/wp-json\/wp\/v2\/media\/265635"}],"wp:attachment":[{"href":"https:\/\/www.claret.cat\/es\/wp-json\/wp\/v2\/media?parent=265634"}],"wp:term":[{"taxonomy":"product_brand","embeddable":true,"href":"https:\/\/www.claret.cat\/es\/wp-json\/wp\/v2\/product_brand?post=265634"},{"taxonomy":"product_cat","embeddable":true,"href":"https:\/\/www.claret.cat\/es\/wp-json\/wp\/v2\/product_cat?post=265634"},{"taxonomy":"product_tag","embeddable":true,"href":"https:\/\/www.claret.cat\/es\/wp-json\/wp\/v2\/product_tag?post=265634"}],"curies":[{"name":"wp","href":"https:\/\/api.w.org\/{rel}","templated":true}]}}