{"id":265658,"date":"2022-12-01T12:34:36","date_gmt":"2022-12-01T11:34:36","guid":{"rendered":"http:\/\/dev.claret.cat\/producte\/historia-universal-3\/"},"modified":"2023-10-06T06:56:43","modified_gmt":"2023-10-06T04:56:43","slug":"historia-universal-9780241582916","status":"publish","type":"product","link":"https:\/\/www.claret.cat\/es\/libro\/historia-universal-9780241582916\/","title":{"rendered":"HISTORIA UNIVERSAL"},"content":{"rendered":"<p>Un libro imprescindible para conocer los hechos y las personas que han marcado la historia del mundo. Si pudieras viajar en el tiempo, \u00bfa d\u00f3nde ir\u00edas primero? \u00bfA qui\u00e9n te  gustar\u00eda conocer? \u00bfQu\u00e9 momento crucial de la historia te gustar\u00eda vivir? Historia universal celebra los acontecimientos m\u00e1s emocionantes  e influyentes de la historia. Una mirada retrospectiva a algunos de los momentos m\u00e1s importantes y a las personas que han definido la historia a lo largo de los a\u00f1os. Desde los primeros seres humanos hasta la agitaci\u00f3n pol\u00edtica del siglo XXI, este imprescindible libro explica visualmente  los hitos clave de la historia mundial a trav\u00e9s de las l\u00edneas de tiempo y las im\u00e1genes. Las pinturas, fotograf\u00edas, documentos, mapas y objetos ic\u00f3nicos te ayudar\u00e1n a comprender la fabulosa historia de  la humanidad.<\/p>\n","protected":false},"excerpt":{"rendered":"<p>DK,<\/p>\n","protected":false},"featured_media":265659,"template":"","meta":{"_acf_changed":false,"om_disable_all_campaigns":false,"rs_blank_template":"","rs_page_bg_color":"","slide_template_v7":"","inline_featured_image":false,"_monsterinsights_skip_tracking":false,"_monsterinsights_sitenote_active":false,"_monsterinsights_sitenote_note":"","_monsterinsights_sitenote_category":0},"product_brand":[],"product_cat":[552,370],"product_tag":[],"class_list":{"0":"post-265658","1":"product","2":"type-product","3":"status-publish","4":"has-post-thumbnail","6":"product_cat-calendarios-y-agendas","7":"product_cat-investigacion-y-corrientes","9":"first","10":"instock","11":"taxable","12":"shipping-taxable","13":"purchasable","14":"product-type-simple"},"acf":{"autor":"DK,","codart":"024158291","libros-coleccion":"","ediciones":"1","encuadernacion":"Carton\u00e9","fecha_de_publicacion":"01\/11\/2022","novedad":"1","paginas":"320","subtitulo":"UN RECORRIDO VISUAL A TRAV\u00c9S DEL TIEMPO","orden":"0","portada":"0","idioma":"spa","editorial":[{"ID":6186,"post_author":"3","post_date":"2022-07-28 17:46:45","post_date_gmt":"2022-07-28 15:46:45","post_content":"","post_title":"DK","post_excerpt":"","post_status":"publish","comment_status":"closed","ping_status":"closed","post_password":"","post_name":"dk","to_ping":"","pinged":"","post_modified":"2022-07-28 17:46:45","post_modified_gmt":"2022-07-28 15:46:45","post_content_filtered":"","post_parent":0,"guid":"http:\/\/dev.claret.cat\/editorial\/dk\/","menu_order":0,"post_type":"editorial","post_mime_type":"","comment_count":"0","filter":"raw"}],"autores-libros":[{"ID":5403,"post_author":"3","post_date":"2022-07-28 17:23:14","post_date_gmt":"2022-07-28 15:23:14","post_content":"","post_title":"DK","post_excerpt":"","post_status":"publish","comment_status":"closed","ping_status":"closed","post_password":"","post_name":"dk","to_ping":"","pinged":"","post_modified":"2022-07-28 17:23:14","post_modified_gmt":"2022-07-28 15:23:14","post_content_filtered":"","post_parent":0,"guid":"http:\/\/dev.claret.cat\/autor\/dk\/","menu_order":0,"post_type":"autor","post_mime_type":"","comment_count":"0","filter":"raw"}]},"aioseo_notices":[],"_links":{"self":[{"href":"https:\/\/www.claret.cat\/es\/wp-json\/wp\/v2\/product\/265658","targetHints":{"allow":["GET"]}}],"collection":[{"href":"https:\/\/www.claret.cat\/es\/wp-json\/wp\/v2\/product"}],"about":[{"href":"https:\/\/www.claret.cat\/es\/wp-json\/wp\/v2\/types\/product"}],"wp:featuredmedia":[{"embeddable":true,"href":"https:\/\/www.claret.cat\/es\/wp-json\/wp\/v2\/media\/265659"}],"wp:attachment":[{"href":"https:\/\/www.claret.cat\/es\/wp-json\/wp\/v2\/media?parent=265658"}],"wp:term":[{"taxonomy":"product_brand","embeddable":true,"href":"https:\/\/www.claret.cat\/es\/wp-json\/wp\/v2\/product_brand?post=265658"},{"taxonomy":"product_cat","embeddable":true,"href":"https:\/\/www.claret.cat\/es\/wp-json\/wp\/v2\/product_cat?post=265658"},{"taxonomy":"product_tag","embeddable":true,"href":"https:\/\/www.claret.cat\/es\/wp-json\/wp\/v2\/product_tag?post=265658"}],"curies":[{"name":"wp","href":"https:\/\/api.w.org\/{rel}","templated":true}]}}