{"id":265676,"date":"2022-12-01T12:35:02","date_gmt":"2022-12-01T11:35:02","guid":{"rendered":"http:\/\/dev.claret.cat\/producte\/els-morts-2\/"},"modified":"2025-02-01T00:11:33","modified_gmt":"2025-01-31T23:11:33","slug":"els-morts-9788418887314","status":"publish","type":"product","link":"https:\/\/www.claret.cat\/es\/libro\/els-morts-9788418887314\/","title":{"rendered":"ELS MORTS"},"content":{"rendered":"<p>Una aut\u00e8ntica obra mestra de la narrativa curta contempor\u00e0nia.<\/p>\n<p>La vetllada nadalenca a casa de les senyoretes Morkan \u00e9s l&#8217;esdeveniment anual per excel\u00b7l\u00e8ncia. La llar s&#8217;omple de riures, m\u00fasica i ball per al gaudi de convidats i amfitriones. Per\u00f2 tamb\u00e9 del sord silenci dels que ja no hi s\u00f3n. La mem\u00f2ria dels que se n&#8217;han anat portar\u00e0 els personatges d&#8217;aquesta hist\u00f2ria a rec\u00f3rrer camins que s&#8217;havien oblidat. <\/p>\n<p>El lector, de la m\u00e0 de Gabriel Conroy, perdut en el reflex de la nit blanca dublinesa, assistir\u00e0 a una epifania, ja inmortal en els annals de la literatura, que anticipa les t\u00e8cniques renovadores que va emprar Joyce a Retrat de l&#8217;artista adolescent i en Ulisses.<\/p>\n","protected":false},"excerpt":{"rendered":"<p>JOYCE, JAMES<\/p>\n","protected":false},"featured_media":307853,"template":"","meta":{"_acf_changed":false,"om_disable_all_campaigns":false,"rs_blank_template":"","rs_page_bg_color":"","slide_template_v7":"","inline_featured_image":false,"_monsterinsights_skip_tracking":false,"_monsterinsights_sitenote_active":false,"_monsterinsights_sitenote_note":"","_monsterinsights_sitenote_category":0},"product_brand":[],"product_cat":[354,123],"product_tag":[],"class_list":{"0":"post-265676","1":"product","2":"type-product","3":"status-publish","4":"has-post-thumbnail","6":"product_cat-clasica","7":"product_cat-classica","9":"first","10":"instock","11":"taxable","12":"shipping-taxable","13":"purchasable","14":"product-type-simple"},"acf":{"autor":"JOYCE, JAMES","codart":"841888731","libros-coleccion":"Univers","ediciones":"1","encuadernacion":"Carton\u00e9","fecha_de_publicacion":"01\/11\/2022","novedad":"1","paginas":"96","subtitulo":"CONTE D'UNA NIT DE NADAL","orden":"0","portada":"0","idioma":"cat","editorial":[{"ID":6384,"post_author":"3","post_date":"2022-07-28 17:51:02","post_date_gmt":"2022-07-28 15:51:02","post_content":"","post_title":"Univers Llibres","post_excerpt":"","post_status":"publish","comment_status":"closed","ping_status":"closed","post_password":"","post_name":"univers-llibres","to_ping":"","pinged":"","post_modified":"2022-07-28 17:51:02","post_modified_gmt":"2022-07-28 15:51:02","post_content_filtered":"","post_parent":0,"guid":"http:\/\/dev.claret.cat\/editorial\/univers-llibres\/","menu_order":0,"post_type":"editorial","post_mime_type":"","comment_count":"0","filter":"raw"}],"autores-libros":[{"ID":5567,"post_author":"3","post_date":"2022-07-28 17:26:45","post_date_gmt":"2022-07-28 15:26:45","post_content":"","post_title":"JAMES JOYCE","post_excerpt":"","post_status":"publish","comment_status":"closed","ping_status":"closed","post_password":"","post_name":"james-joyce","to_ping":"","pinged":"","post_modified":"2022-07-28 17:26:45","post_modified_gmt":"2022-07-28 15:26:45","post_content_filtered":"","post_parent":0,"guid":"http:\/\/dev.claret.cat\/autor\/james-joyce\/","menu_order":0,"post_type":"autor","post_mime_type":"","comment_count":"0","filter":"raw"}]},"aioseo_notices":[],"_links":{"self":[{"href":"https:\/\/www.claret.cat\/es\/wp-json\/wp\/v2\/product\/265676","targetHints":{"allow":["GET"]}}],"collection":[{"href":"https:\/\/www.claret.cat\/es\/wp-json\/wp\/v2\/product"}],"about":[{"href":"https:\/\/www.claret.cat\/es\/wp-json\/wp\/v2\/types\/product"}],"wp:featuredmedia":[{"embeddable":true,"href":"https:\/\/www.claret.cat\/es\/wp-json\/wp\/v2\/media\/307853"}],"wp:attachment":[{"href":"https:\/\/www.claret.cat\/es\/wp-json\/wp\/v2\/media?parent=265676"}],"wp:term":[{"taxonomy":"product_brand","embeddable":true,"href":"https:\/\/www.claret.cat\/es\/wp-json\/wp\/v2\/product_brand?post=265676"},{"taxonomy":"product_cat","embeddable":true,"href":"https:\/\/www.claret.cat\/es\/wp-json\/wp\/v2\/product_cat?post=265676"},{"taxonomy":"product_tag","embeddable":true,"href":"https:\/\/www.claret.cat\/es\/wp-json\/wp\/v2\/product_tag?post=265676"}],"curies":[{"name":"wp","href":"https:\/\/api.w.org\/{rel}","templated":true}]}}