{"id":265706,"date":"2022-12-01T12:35:45","date_gmt":"2022-12-01T11:35:45","guid":{"rendered":"http:\/\/dev.claret.cat\/producte\/la-sumisa\/"},"modified":"2023-10-06T07:05:53","modified_gmt":"2023-10-06T05:05:53","slug":"la-sumisa-9788419075789","status":"publish","type":"product","link":"https:\/\/www.claret.cat\/es\/libro\/la-sumisa-9788419075789\/","title":{"rendered":"LA SUMISA"},"content":{"rendered":"<p>&#8221;Imag\u00ednense a un marido que tiene ante s\u00ed, sobre la mesa, a su esposa, la cual se ha suicidado arroj\u00e1ndose por la ventana. El marido se encuentra a\u00fan aturdido, todav\u00eda no ha tenido tiempo de concentrarse. Va y viene por las habitaciones de su casa esforz\u00e1ndose por hacerse cargo de lo ocurrido, por &#8221;fijar su pensamiento en un punto&#8221;. Adem\u00e1s, es un hipocondr\u00edaco empedernido, de los que hablan consigo mismo. Tambi\u00e9n en ese momento est\u00e1 hablando solo, cuenta lo sucedido, se lo aclara. A pesar de la aparente trabaz\u00f3n de su discurso, se contradice varias veces a s\u00ed mismo, tanto por lo que respecta a la l\u00f3gica como a los sentimientos. Se justifica, la acusa a ella y se sume en explicaciones tangenciales en las que la vulgaridad de ideas y afectos se junta a la hondura de pensamiento. Poco a poco va aclarando lo ocurrido y concentrando &#8221;los pensamientos en un punto&#8221;. Varios de los recuerdos evocados le llevan por fin a la verdad, la cual, quiera o no, eleva su entendimiento y su coraz\u00f3n. Al final cambia incluso el tono del relato, si se compara con el desorden del comienzo. El desdichado descubre la verdad bastante clara y de perfiles concretos, por lo menos para s\u00ed mismo.&#8221; Es as\u00ed como Dostoyevski se dirige a sus lectores para introducirles La sumisa, publicada en 1876, uno de los \u00faltimos relatos surgidos de la pluma del gran escritor ruso, mientras trabajaba en la que ser\u00eda su \u00faltima novela Los hermanos Karam\u00e1zov. La publicamos ahora en castellano recuperando la espl\u00e9ndida traducci\u00f3n de Juan Luis Abollado.<\/p>\n","protected":false},"excerpt":{"rendered":"<p>DOSTOYEVSKI, FI\u00d3DOR<\/p>\n","protected":false},"featured_media":265707,"template":"","meta":{"_acf_changed":false,"om_disable_all_campaigns":false,"rs_blank_template":"","rs_page_bg_color":"","slide_template_v7":"","inline_featured_image":false,"_monsterinsights_skip_tracking":false,"_monsterinsights_sitenote_active":false,"_monsterinsights_sitenote_note":"","_monsterinsights_sitenote_category":0},"product_brand":[],"product_cat":[354],"product_tag":[],"class_list":{"0":"post-265706","1":"product","2":"type-product","3":"status-publish","4":"has-post-thumbnail","6":"product_cat-clasica","8":"first","9":"instock","10":"taxable","11":"shipping-taxable","12":"purchasable","13":"product-type-simple"},"acf":{"autor":"DOSTOYEVSKI, FI\u00d3DOR","codart":"841907578","libros-coleccion":"Narrativa","ediciones":"1","encuadernacion":"R\u00fastica","fecha_de_publicacion":"01\/11\/2022","novedad":"1","paginas":"112","subtitulo":"","orden":"0","portada":"0","idioma":"spa","editorial":[{"ID":6260,"post_author":"3","post_date":"2022-07-28 17:48:23","post_date_gmt":"2022-07-28 15:48:23","post_content":"","post_title":"Galaxia Gutenberg","post_excerpt":"","post_status":"publish","comment_status":"closed","ping_status":"closed","post_password":"","post_name":"galaxia-gutenberg","to_ping":"","pinged":"","post_modified":"2022-07-28 17:48:23","post_modified_gmt":"2022-07-28 15:48:23","post_content_filtered":"","post_parent":0,"guid":"http:\/\/dev.claret.cat\/editorial\/galaxia-gutenberg\/","menu_order":0,"post_type":"editorial","post_mime_type":"","comment_count":"0","filter":"raw"}],"autores-libros":[{"ID":155946,"post_author":"3","post_date":"2022-10-14 15:16:53","post_date_gmt":"2022-10-14 13:16:53","post_content":"","post_title":"FI\u00d3DOR DOSTOYEVSKI","post_excerpt":"","post_status":"publish","comment_status":"closed","ping_status":"closed","post_password":"","post_name":"fiodor-dostoyevski","to_ping":"","pinged":"","post_modified":"2022-10-14 15:16:53","post_modified_gmt":"2022-10-14 13:16:53","post_content_filtered":"","post_parent":0,"guid":"http:\/\/dev.claret.cat\/autor\/fiodor-dostoyevski\/","menu_order":0,"post_type":"autor","post_mime_type":"","comment_count":"0","filter":"raw"}]},"aioseo_notices":[],"_links":{"self":[{"href":"https:\/\/www.claret.cat\/es\/wp-json\/wp\/v2\/product\/265706","targetHints":{"allow":["GET"]}}],"collection":[{"href":"https:\/\/www.claret.cat\/es\/wp-json\/wp\/v2\/product"}],"about":[{"href":"https:\/\/www.claret.cat\/es\/wp-json\/wp\/v2\/types\/product"}],"wp:featuredmedia":[{"embeddable":true,"href":"https:\/\/www.claret.cat\/es\/wp-json\/wp\/v2\/media\/265707"}],"wp:attachment":[{"href":"https:\/\/www.claret.cat\/es\/wp-json\/wp\/v2\/media?parent=265706"}],"wp:term":[{"taxonomy":"product_brand","embeddable":true,"href":"https:\/\/www.claret.cat\/es\/wp-json\/wp\/v2\/product_brand?post=265706"},{"taxonomy":"product_cat","embeddable":true,"href":"https:\/\/www.claret.cat\/es\/wp-json\/wp\/v2\/product_cat?post=265706"},{"taxonomy":"product_tag","embeddable":true,"href":"https:\/\/www.claret.cat\/es\/wp-json\/wp\/v2\/product_tag?post=265706"}],"curies":[{"name":"wp","href":"https:\/\/api.w.org\/{rel}","templated":true}]}}