{"id":26573,"date":"2022-10-02T10:46:54","date_gmt":"2022-10-02T08:46:54","guid":{"rendered":"http:\/\/dev.claret.cat\/producte\/una-curiosa-historia-del-sexo\/"},"modified":"2023-10-06T09:11:28","modified_gmt":"2023-10-06T07:11:28","slug":"una-curiosa-historia-del-sexo-9788412458008","status":"publish","type":"product","link":"https:\/\/www.claret.cat\/es\/libro\/una-curiosa-historia-del-sexo-9788412458008\/","title":{"rendered":"UNA CURIOSA HISTORIA DEL SEXO"},"content":{"rendered":"<p>Basado en el popular proyecto de investigaci\u00f3n Whores of Yore (Putas de anta\u00f1o) y escrito con su caracter\u00edstico humor e ingenio, \u2018Una curiosa historia del sexo&#8221; se basa en los amplios conocimientos de la Dra. Kate Lister sobre la historia del sexo. Desde las pruebas de impotencia medievales hasta los robos de test\u00edculos del siglo XX, desde los frescos er\u00f3ticos de Pompeya hasta los burdeles de mu\u00f1ecas sexuales de hoy en d\u00eda, Lister se mete sin pudor en los pantalones de la historia, desmontando mitos, desafiando estereotipos y, en general, ensuci\u00e1ndose las manos. <\/p>\n<p> No se trata de un estudio exhaustivo de todas las peculiaridades sexuales, perversiones y rituales de todas las culturas a lo largo del tiempo, ya que eso supondr\u00eda escribir una enciclopedia. Se trata m\u00e1s bien de una gota de agua en el oc\u00e9ano, de un remo en la parte m\u00e1s superficial de la historia del sexo, pero espero que se mojen de todos modos.<\/p>\n<p> El acto sexual no ha cambiado desde que la gente descubri\u00f3 de qu\u00e9 iba la cosa pero las formas en que la sociedad dicta c\u00f3mo se entiende y se practica el sexo culturalmente han variado de forma significativa a lo largo de los a\u00f1os. Los seres humanos son las \u00fanicas criaturas que estigmatizan determinadas pr\u00e1cticas sexuales y el sexo sigue siendo un tema profundamente divisivo en todo el mundo. Las actitudes cambiar\u00e1n y crecer\u00e1n -esperemos que para mejor- pero el sexo nunca estar\u00e1 libre de estigma o verg\u00fcenza a menos que reconozcamos de d\u00f3nde viene.<\/p>\n<p> Este fascinante libro est\u00e1 salpicado de una jerga hist\u00f3rica sorprendente e informativa y est\u00e1 ilustrado con im\u00e1genes del pasado que abren los ojos, hacen temblar los pies y est\u00e1n meticulosamente documentadas. Te reir\u00e1s, te estremecer\u00e1s y te preguntar\u00e1s cu\u00e1nto ha cambiado en realidad.<\/p>\n","protected":false},"excerpt":{"rendered":"<p>LISTER, KATE<\/p>\n","protected":false},"featured_media":275476,"template":"","meta":{"_acf_changed":false,"om_disable_all_campaigns":false,"rs_blank_template":"","rs_page_bg_color":"","slide_template_v7":"","inline_featured_image":false,"_monsterinsights_skip_tracking":false,"_monsterinsights_sitenote_active":false,"_monsterinsights_sitenote_note":"","_monsterinsights_sitenote_category":0},"product_brand":[],"product_cat":[370],"product_tag":[],"class_list":{"0":"post-26573","1":"product","2":"type-product","3":"status-publish","4":"has-post-thumbnail","6":"product_cat-investigacion-y-corrientes","8":"first","9":"instock","10":"taxable","11":"shipping-taxable","12":"purchasable","13":"product-type-simple"},"acf":{"autor":"LISTER, KATE","codart":"841245800","libros-coleccion":"Ensayo","ediciones":"1","encuadernacion":"R\u00fastica","fecha_de_publicacion":"01\/05\/2022","novedad":"1","paginas":"400","subtitulo":"","orden":"0","portada":"0","idioma":"spa","editorial":[{"ID":6153,"post_author":"3","post_date":"2022-07-28 17:46:01","post_date_gmt":"2022-07-28 15:46:01","post_content":"","post_title":"CAPITAN SWING LIBROS","post_excerpt":"","post_status":"publish","comment_status":"closed","ping_status":"closed","post_password":"","post_name":"capitan-swing-libros","to_ping":"","pinged":"","post_modified":"2022-07-28 17:46:01","post_modified_gmt":"2022-07-28 15:46:01","post_content_filtered":"","post_parent":0,"guid":"http:\/\/dev.claret.cat\/editorial\/capitan-swing-libros\/","menu_order":0,"post_type":"editorial","post_mime_type":"","comment_count":"0","filter":"raw"}],"autores-libros":[{"ID":161489,"post_author":"3","post_date":"2022-10-14 17:18:37","post_date_gmt":"2022-10-14 15:18:37","post_content":"","post_title":"KATE LISTER","post_excerpt":"","post_status":"publish","comment_status":"closed","ping_status":"closed","post_password":"","post_name":"kate-lister","to_ping":"","pinged":"","post_modified":"2022-10-14 17:18:37","post_modified_gmt":"2022-10-14 15:18:37","post_content_filtered":"","post_parent":0,"guid":"http:\/\/dev.claret.cat\/autor\/kate-lister\/","menu_order":0,"post_type":"autor","post_mime_type":"","comment_count":"0","filter":"raw"}]},"aioseo_notices":[],"_links":{"self":[{"href":"https:\/\/www.claret.cat\/es\/wp-json\/wp\/v2\/product\/26573","targetHints":{"allow":["GET"]}}],"collection":[{"href":"https:\/\/www.claret.cat\/es\/wp-json\/wp\/v2\/product"}],"about":[{"href":"https:\/\/www.claret.cat\/es\/wp-json\/wp\/v2\/types\/product"}],"wp:featuredmedia":[{"embeddable":true,"href":"https:\/\/www.claret.cat\/es\/wp-json\/wp\/v2\/media\/275476"}],"wp:attachment":[{"href":"https:\/\/www.claret.cat\/es\/wp-json\/wp\/v2\/media?parent=26573"}],"wp:term":[{"taxonomy":"product_brand","embeddable":true,"href":"https:\/\/www.claret.cat\/es\/wp-json\/wp\/v2\/product_brand?post=26573"},{"taxonomy":"product_cat","embeddable":true,"href":"https:\/\/www.claret.cat\/es\/wp-json\/wp\/v2\/product_cat?post=26573"},{"taxonomy":"product_tag","embeddable":true,"href":"https:\/\/www.claret.cat\/es\/wp-json\/wp\/v2\/product_tag?post=26573"}],"curies":[{"name":"wp","href":"https:\/\/api.w.org\/{rel}","templated":true}]}}