{"id":265772,"date":"2022-12-01T12:37:26","date_gmt":"2022-12-01T11:37:26","guid":{"rendered":"http:\/\/dev.claret.cat\/producte\/el-reloj-del-apocalipsis-como-sobrevivir-a-los-ultimos-tiempos\/"},"modified":"2026-03-27T17:25:25","modified_gmt":"2026-03-27T16:25:25","slug":"el-reloj-del-apocalipsis-como-sobrevivir-a-los-ultimos-tiempos-9788491398448","status":"publish","type":"product","link":"https:\/\/www.claret.cat\/es\/libro\/el-reloj-del-apocalipsis-como-sobrevivir-a-los-ultimos-tiempos-9788491398448\/","title":{"rendered":"EL RELOJ DEL APOCALIPSIS. C\u00d3MO SOBREVIVIR A LOS \u00daLTIMOS TIEMPOS"},"content":{"rendered":"<p>El reloj del Fin del Mundo, tambi\u00e9n llamado del Apocalipsis, es un indicador cient\u00edfico actual sobre el riesgo de una hecatombe generalizada que ponga en peligro la existencia de la humanidad: guerra nuclear, pandemias, fen\u00f3menos de la naturaleza como terremotos o erupciones volc\u00e1nicas&#8230;  Todo eso ya est\u00e1 profetizado en las Sagradas Escrituras, en las apariciones marianas, en revelaciones privadas a distintos m\u00edsticos y en vaticinios contenidos en los Rollos del Mar Muerto o en las predicciones de Nostradamus.  \u00bfEst\u00e1 ya en marcha el reloj del Apocalipsis? \u00bfQu\u00e9 signos existen de que ya ha empezado la cuenta atr\u00e1s? \u00bfQu\u00e9 profec\u00edas se han cumplido a lo largo de la Historia y cu\u00e1les restan a\u00fan por manifestarse? \u00bfQu\u00e9 puede hacer el ser humano para afrontar los peligros que se ciernen sobre su existencia sin perder la esperanza?  Parapetado en un arsenal de documentos y testimonios desconocidos, Jos\u00e9 Mar\u00eda Zavala da respuesta a todos estos interrogantes con su acostumbrado rigor y amenidad en un libro que a nadie dejar\u00e1 indiferente.<\/p>\n","protected":false},"excerpt":{"rendered":"<p>ZAVALA, JOS\u00c9 MAR\u00cdA<\/p>\n","protected":false},"featured_media":1093327,"template":"","meta":{"_acf_changed":false,"om_disable_all_campaigns":false,"rs_blank_template":"","rs_page_bg_color":"","slide_template_v7":"","inline_featured_image":false,"_monsterinsights_skip_tracking":false,"_monsterinsights_sitenote_active":false,"_monsterinsights_sitenote_note":"","_monsterinsights_sitenote_category":0},"product_brand":[],"product_cat":[90,540],"product_tag":[],"class_list":{"0":"post-265772","1":"product","2":"type-product","3":"status-publish","4":"has-post-thumbnail","6":"product_cat-altres","7":"product_cat-otros","9":"first","10":"instock","11":"taxable","12":"shipping-taxable","13":"purchasable","14":"product-type-simple"},"acf":{"autor":"ZAVALA, JOS\u00c9 MAR\u00cdA","codart":"849139844","libros-coleccion":"HARPERCOLLINS","ediciones":"1","encuadernacion":"R\u00fastica","fecha_de_publicacion":"01\/11\/2022","novedad":"1","paginas":"347","subtitulo":"","orden":"0","portada":"0","idioma":"spa","editorial":[{"ID":148249,"post_author":"3","post_date":"2022-10-14 11:56:47","post_date_gmt":"2022-10-14 09:56:47","post_content":"","post_title":"HarperCollins","post_excerpt":"","post_status":"publish","comment_status":"closed","ping_status":"closed","post_password":"","post_name":"harpercollins","to_ping":"","pinged":"","post_modified":"2022-10-14 11:56:47","post_modified_gmt":"2022-10-14 09:56:47","post_content_filtered":"","post_parent":0,"guid":"http:\/\/dev.claret.cat\/editorial\/harpercollins\/","menu_order":0,"post_type":"editorial","post_mime_type":"","comment_count":"0","filter":"raw"}],"autores-libros":[{"ID":5646,"post_author":"3","post_date":"2022-07-28 17:28:27","post_date_gmt":"2022-07-28 15:28:27","post_content":"","post_title":"JOS\u00c9 MAR\u00cdA ZAVALA","post_excerpt":"","post_status":"publish","comment_status":"closed","ping_status":"closed","post_password":"","post_name":"jose-maria-zavala","to_ping":"","pinged":"","post_modified":"2022-07-28 17:28:27","post_modified_gmt":"2022-07-28 15:28:27","post_content_filtered":"","post_parent":0,"guid":"http:\/\/dev.claret.cat\/autor\/jose-maria-zavala\/","menu_order":0,"post_type":"autor","post_mime_type":"","comment_count":"0","filter":"raw"}],"booktrailer":"","resenas":""},"aioseo_notices":[],"_links":{"self":[{"href":"https:\/\/www.claret.cat\/es\/wp-json\/wp\/v2\/product\/265772","targetHints":{"allow":["GET"]}}],"collection":[{"href":"https:\/\/www.claret.cat\/es\/wp-json\/wp\/v2\/product"}],"about":[{"href":"https:\/\/www.claret.cat\/es\/wp-json\/wp\/v2\/types\/product"}],"wp:featuredmedia":[{"embeddable":true,"href":"https:\/\/www.claret.cat\/es\/wp-json\/wp\/v2\/media\/1093327"}],"wp:attachment":[{"href":"https:\/\/www.claret.cat\/es\/wp-json\/wp\/v2\/media?parent=265772"}],"wp:term":[{"taxonomy":"product_brand","embeddable":true,"href":"https:\/\/www.claret.cat\/es\/wp-json\/wp\/v2\/product_brand?post=265772"},{"taxonomy":"product_cat","embeddable":true,"href":"https:\/\/www.claret.cat\/es\/wp-json\/wp\/v2\/product_cat?post=265772"},{"taxonomy":"product_tag","embeddable":true,"href":"https:\/\/www.claret.cat\/es\/wp-json\/wp\/v2\/product_tag?post=265772"}],"curies":[{"name":"wp","href":"https:\/\/api.w.org\/{rel}","templated":true}]}}