{"id":265781,"date":"2022-12-01T12:37:40","date_gmt":"2022-12-01T11:37:40","guid":{"rendered":"http:\/\/dev.claret.cat\/producte\/mis-primeros-poemas\/"},"modified":"2023-10-06T07:10:04","modified_gmt":"2023-10-06T05:10:04","slug":"mis-primeros-poemas-9788490659236","status":"publish","type":"product","link":"https:\/\/www.claret.cat\/es\/libro\/mis-primeros-poemas-9788490659236\/","title":{"rendered":"MIS PRIMEROS POEMAS"},"content":{"rendered":"<p>La poes\u00eda lleva miles de a\u00f1os procurando alegr\u00edas y placer a sus lectores y oyentes. Pero \u00bfpor donde empezar a leerla y a qu\u00e9 edad? Este libro tiene la respuesta: cualquier edad es buena si se cuenta con una buena ruta de lectura.<br \/> Adivinanzas, canciones, animales, juegos\u2026 son las formas que adopta la poes\u00eda para permitir que vayan asomando sus temas centrales: la amistad, el amor, la naturaleza, la alegr\u00eda, la esperanza o la muerte.<br \/> Mis primeros poemas es una selecci\u00f3n de poemas escritos en espa\u00f1ol donde se recogen piezas an\u00f3nimas y cl\u00e1sicos de la literatura infantil, pero tambi\u00e9n obras de grandes figuras de nuestras letras como Federico Garc\u00eda Lorca, Vicente Aleixandre, Gloria Fuertes, \u00c1ngela Figuera Aymerich, Rafael Alberti, Lope de Vega, Miguel Hern\u00e1ndez, Pepe Hierro, Alfonsina Storni, Concha Lagos, Jos\u00e9 de Espronceda, entre muchos otros.<br \/> Las bell\u00edsimas ilustraciones de Natascha Rosenberg aportan color y alegr\u00eda a este poemario cuya intenci\u00f3n es despertar la curiosidad y la imaginaci\u00f3n de los peque\u00f1os lectores.<\/p>\n","protected":false},"excerpt":{"rendered":"<p>AA.VV<\/p>\n","protected":false},"featured_media":265782,"template":"","meta":{"_acf_changed":false,"om_disable_all_campaigns":false,"rs_blank_template":"","rs_page_bg_color":"","slide_template_v7":"","inline_featured_image":false,"_monsterinsights_skip_tracking":false,"_monsterinsights_sitenote_active":false,"_monsterinsights_sitenote_note":"","_monsterinsights_sitenote_category":0},"product_brand":[],"product_cat":[362],"product_tag":[],"class_list":{"0":"post-265781","1":"product","2":"type-product","3":"status-publish","4":"has-post-thumbnail","6":"product_cat-libros-preadolescentes-6-12-anos","8":"first","9":"instock","10":"taxable","11":"shipping-taxable","12":"purchasable","13":"product-type-simple"},"acf":{"autor":"AA.VV","codart":"849065923","libros-coleccion":"Alba Poes\u00eda","ediciones":"1","encuadernacion":"Carton\u00e9","fecha_de_publicacion":"01\/11\/2022","novedad":"1","paginas":"72","subtitulo":"ANTOLOG\u00cdA DE POES\u00cdA ESPA\u00d1OLA PARA NI\u00d1OS Y NI\u00d1AS","orden":"0","portada":"0","idioma":"spa","editorial":[{"ID":147382,"post_author":"3","post_date":"2022-10-14 11:50:09","post_date_gmt":"2022-10-14 09:50:09","post_content":"","post_title":"Alba Editorial","post_excerpt":"","post_status":"publish","comment_status":"closed","ping_status":"closed","post_password":"","post_name":"alba-editorial","to_ping":"","pinged":"","post_modified":"2022-10-14 11:50:09","post_modified_gmt":"2022-10-14 09:50:09","post_content_filtered":"","post_parent":0,"guid":"http:\/\/dev.claret.cat\/editorial\/alba-editorial\/","menu_order":0,"post_type":"editorial","post_mime_type":"","comment_count":"0","filter":"raw"}],"autores-libros":[{"ID":5198,"post_author":"3","post_date":"2022-07-28 17:16:52","post_date_gmt":"2022-07-28 15:16:52","post_content":"","post_title":"AA.VV","post_excerpt":"","post_status":"publish","comment_status":"closed","ping_status":"closed","post_password":"","post_name":"aa-vv-2","to_ping":"","pinged":"","post_modified":"2022-07-28 17:16:52","post_modified_gmt":"2022-07-28 15:16:52","post_content_filtered":"","post_parent":0,"guid":"http:\/\/dev.claret.cat\/autor\/aa-vv-2\/","menu_order":0,"post_type":"autor","post_mime_type":"","comment_count":"0","filter":"raw"}]},"aioseo_notices":[],"_links":{"self":[{"href":"https:\/\/www.claret.cat\/es\/wp-json\/wp\/v2\/product\/265781","targetHints":{"allow":["GET"]}}],"collection":[{"href":"https:\/\/www.claret.cat\/es\/wp-json\/wp\/v2\/product"}],"about":[{"href":"https:\/\/www.claret.cat\/es\/wp-json\/wp\/v2\/types\/product"}],"wp:featuredmedia":[{"embeddable":true,"href":"https:\/\/www.claret.cat\/es\/wp-json\/wp\/v2\/media\/265782"}],"wp:attachment":[{"href":"https:\/\/www.claret.cat\/es\/wp-json\/wp\/v2\/media?parent=265781"}],"wp:term":[{"taxonomy":"product_brand","embeddable":true,"href":"https:\/\/www.claret.cat\/es\/wp-json\/wp\/v2\/product_brand?post=265781"},{"taxonomy":"product_cat","embeddable":true,"href":"https:\/\/www.claret.cat\/es\/wp-json\/wp\/v2\/product_cat?post=265781"},{"taxonomy":"product_tag","embeddable":true,"href":"https:\/\/www.claret.cat\/es\/wp-json\/wp\/v2\/product_tag?post=265781"}],"curies":[{"name":"wp","href":"https:\/\/api.w.org\/{rel}","templated":true}]}}