{"id":265844,"date":"2022-12-01T12:39:17","date_gmt":"2022-12-01T11:39:17","guid":{"rendered":"http:\/\/dev.claret.cat\/producte\/un-un-sol-recipient-receptes-facils\/"},"modified":"2024-01-31T16:30:39","modified_gmt":"2024-01-31T15:30:39","slug":"un-un-sol-recipient-receptes-facils-9788466429757","status":"publish","type":"product","link":"https:\/\/www.claret.cat\/es\/libro\/un-un-sol-recipient-receptes-facils-9788466429757\/","title":{"rendered":"UN: UN SOL RECIPIENT. RECEPTES F\u00c0CILS"},"content":{"rendered":"<p>Els \u00e0pats r\u00e0pids i f\u00e0cils s\u00f3n encara m\u00e9s senzills quan nom\u00e9s necessites una sola olla o paella per fer-los. Encara resulta m\u00e9s f\u00e0cil si les receptes tenen un m\u00e0xim de vuit ingredients i requereixen una preparaci\u00f3 m\u00ednima.<br \/> Un est\u00e0 ple de plats econ\u00f2mics que es poden preparar en qualsevol moment: dinars deliciosos a casa, sopars r\u00e0pids que encantaran a tota la fam\u00edlia, \u00e0pats perqu\u00e8 els cuiners novells s&#8217;inici\u00efn amb resultats meravellosos&#8230;<br \/> Amb m\u00e9s de 100 receptes que us ensenyaran t\u00e8cniques senzilles d&#8217;una sola paella: els cap\u00edtols inclouen del\u00edcies vegetals, pollastre de celebraci\u00f3, pasta a la paella, postres i pastissos. Hi ha moltes receptes saboroses i sense complicacions que converteixen aquest llibre en un imprescindible, un llibre que ha d&#8217;estar a totes les cuines.<\/p>\n<p> El gran Jamie Oliver per primera vegada en catal\u00e0 amb el seu llibre de receptes m\u00e9s f\u00e0clis i saboroses<\/p>\n","protected":false},"excerpt":{"rendered":"<p>OLIVER, JAMIE<\/p>\n","protected":false},"featured_media":265845,"template":"","meta":{"_acf_changed":false,"om_disable_all_campaigns":false,"rs_blank_template":"","rs_page_bg_color":"","slide_template_v7":"","inline_featured_image":false,"_monsterinsights_skip_tracking":false,"_monsterinsights_sitenote_active":false,"_monsterinsights_sitenote_note":"","_monsterinsights_sitenote_category":0},"product_brand":[],"product_cat":[553,103],"product_tag":[],"class_list":{"0":"post-265844","1":"product","2":"type-product","3":"status-publish","4":"has-post-thumbnail","6":"product_cat-cocina","7":"product_cat-cuina","9":"first","10":"instock","11":"taxable","12":"shipping-taxable","13":"purchasable","14":"product-type-simple"},"acf":{"autor":"OLIVER, JAMIE","codart":"846642975","libros-coleccion":"FORA DE COL.LECCI\u00d3","ediciones":"1","encuadernacion":"Carton\u00e9","fecha_de_publicacion":"01\/11\/2022","novedad":"1","paginas":"312","subtitulo":"","orden":"0","portada":"0","idioma":"cat","editorial":[{"ID":6166,"post_author":"3","post_date":"2022-07-28 17:46:19","post_date_gmt":"2022-07-28 15:46:19","post_content":"","post_title":"Columna CAT","post_excerpt":"","post_status":"publish","comment_status":"closed","ping_status":"closed","post_password":"","post_name":"columna-cat","to_ping":"","pinged":"","post_modified":"2022-07-28 17:46:19","post_modified_gmt":"2022-07-28 15:46:19","post_content_filtered":"","post_parent":0,"guid":"http:\/\/dev.claret.cat\/editorial\/columna-cat\/","menu_order":0,"post_type":"editorial","post_mime_type":"","comment_count":"0","filter":"raw"}],"autores-libros":[{"ID":158450,"post_author":"3","post_date":"2022-10-14 15:36:57","post_date_gmt":"2022-10-14 13:36:57","post_content":"","post_title":"JAMIE OLIVER","post_excerpt":"","post_status":"publish","comment_status":"closed","ping_status":"closed","post_password":"","post_name":"jamie-oliver","to_ping":"","pinged":"","post_modified":"2022-10-14 15:36:57","post_modified_gmt":"2022-10-14 13:36:57","post_content_filtered":"","post_parent":0,"guid":"http:\/\/dev.claret.cat\/autor\/jamie-oliver\/","menu_order":0,"post_type":"autor","post_mime_type":"","comment_count":"0","filter":"raw"}]},"aioseo_notices":[],"_links":{"self":[{"href":"https:\/\/www.claret.cat\/es\/wp-json\/wp\/v2\/product\/265844","targetHints":{"allow":["GET"]}}],"collection":[{"href":"https:\/\/www.claret.cat\/es\/wp-json\/wp\/v2\/product"}],"about":[{"href":"https:\/\/www.claret.cat\/es\/wp-json\/wp\/v2\/types\/product"}],"wp:featuredmedia":[{"embeddable":true,"href":"https:\/\/www.claret.cat\/es\/wp-json\/wp\/v2\/media\/265845"}],"wp:attachment":[{"href":"https:\/\/www.claret.cat\/es\/wp-json\/wp\/v2\/media?parent=265844"}],"wp:term":[{"taxonomy":"product_brand","embeddable":true,"href":"https:\/\/www.claret.cat\/es\/wp-json\/wp\/v2\/product_brand?post=265844"},{"taxonomy":"product_cat","embeddable":true,"href":"https:\/\/www.claret.cat\/es\/wp-json\/wp\/v2\/product_cat?post=265844"},{"taxonomy":"product_tag","embeddable":true,"href":"https:\/\/www.claret.cat\/es\/wp-json\/wp\/v2\/product_tag?post=265844"}],"curies":[{"name":"wp","href":"https:\/\/api.w.org\/{rel}","templated":true}]}}