{"id":265892,"date":"2022-12-01T12:40:31","date_gmt":"2022-12-01T11:40:31","guid":{"rendered":"http:\/\/dev.claret.cat\/producte\/postres-realfooding\/"},"modified":"2023-10-06T07:09:29","modified_gmt":"2023-10-06T05:09:29","slug":"postres-realfooding-9788449340109","status":"publish","type":"product","link":"https:\/\/www.claret.cat\/es\/libro\/postres-realfooding-9788449340109\/","title":{"rendered":"POSTRES REALFOODING"},"content":{"rendered":"<p>\u00bfA qui\u00e9n no le gusta disfrutar ocasionalmente de un postre delicioso y saludable?<br \/> Luc\u00eda Mart\u00ednez, del equipo Realfooding\u00ae, presenta un recetario con el que no solo prepararemos muchos postres, sino que tambi\u00e9n vamos a aprender sobre ellos. Descubriremos qu\u00e9 funci\u00f3n tiene cada ingrediente, qu\u00e9 sustituciones podemos hacer y cu\u00e1les son los mejores endulzantes, adem\u00e1s de otras claves para crear muchos m\u00e1s postres con tan solo algunos cambios en cada receta.<br \/> Un libro imprescindible para toda cocina realfooder.<\/p>\n","protected":false},"excerpt":{"rendered":"<p>MART\u00cdNEZ, LUC\u00cdA<\/p>\n","protected":false},"featured_media":265893,"template":"","meta":{"_acf_changed":false,"om_disable_all_campaigns":false,"rs_blank_template":"","rs_page_bg_color":"","slide_template_v7":"","inline_featured_image":false,"_monsterinsights_skip_tracking":false,"_monsterinsights_sitenote_active":false,"_monsterinsights_sitenote_note":"","_monsterinsights_sitenote_category":0},"product_brand":[],"product_cat":[553],"product_tag":[],"class_list":{"0":"post-265892","1":"product","2":"type-product","3":"status-publish","4":"has-post-thumbnail","6":"product_cat-cocina","8":"first","9":"instock","10":"taxable","11":"shipping-taxable","12":"purchasable","13":"product-type-simple"},"acf":{"autor":"MART\u00cdNEZ, LUC\u00cdA","codart":"844934010","libros-coleccion":"FORA DE COL.LECCI\u00d3","ediciones":"1","encuadernacion":"R\u00fastica","fecha_de_publicacion":"01\/11\/2022","novedad":"1","paginas":"140","subtitulo":"50 RECETAS F\u00c1CILES Y DELICIOSAS","orden":"0","portada":"0","idioma":"spa","editorial":[{"ID":6206,"post_author":"3","post_date":"2022-07-28 17:47:08","post_date_gmt":"2022-07-28 15:47:08","post_content":"","post_title":"Ediciones Paid\u00f3s","post_excerpt":"","post_status":"publish","comment_status":"closed","ping_status":"closed","post_password":"","post_name":"ediciones-paidos","to_ping":"","pinged":"","post_modified":"2022-07-28 17:47:08","post_modified_gmt":"2022-07-28 15:47:08","post_content_filtered":"","post_parent":0,"guid":"http:\/\/dev.claret.cat\/editorial\/ediciones-paidos\/","menu_order":0,"post_type":"editorial","post_mime_type":"","comment_count":"0","filter":"raw"}],"autores-libros":[{"ID":5746,"post_author":"3","post_date":"2022-07-28 17:30:35","post_date_gmt":"2022-07-28 15:30:35","post_content":"","post_title":"LUC\u00cdA MART\u00cdNEZ","post_excerpt":"","post_status":"publish","comment_status":"closed","ping_status":"closed","post_password":"","post_name":"lucia-martinez","to_ping":"","pinged":"","post_modified":"2022-07-28 17:30:35","post_modified_gmt":"2022-07-28 15:30:35","post_content_filtered":"","post_parent":0,"guid":"http:\/\/dev.claret.cat\/autor\/lucia-martinez\/","menu_order":0,"post_type":"autor","post_mime_type":"","comment_count":"0","filter":"raw"}]},"aioseo_notices":[],"_links":{"self":[{"href":"https:\/\/www.claret.cat\/es\/wp-json\/wp\/v2\/product\/265892","targetHints":{"allow":["GET"]}}],"collection":[{"href":"https:\/\/www.claret.cat\/es\/wp-json\/wp\/v2\/product"}],"about":[{"href":"https:\/\/www.claret.cat\/es\/wp-json\/wp\/v2\/types\/product"}],"wp:featuredmedia":[{"embeddable":true,"href":"https:\/\/www.claret.cat\/es\/wp-json\/wp\/v2\/media\/265893"}],"wp:attachment":[{"href":"https:\/\/www.claret.cat\/es\/wp-json\/wp\/v2\/media?parent=265892"}],"wp:term":[{"taxonomy":"product_brand","embeddable":true,"href":"https:\/\/www.claret.cat\/es\/wp-json\/wp\/v2\/product_brand?post=265892"},{"taxonomy":"product_cat","embeddable":true,"href":"https:\/\/www.claret.cat\/es\/wp-json\/wp\/v2\/product_cat?post=265892"},{"taxonomy":"product_tag","embeddable":true,"href":"https:\/\/www.claret.cat\/es\/wp-json\/wp\/v2\/product_tag?post=265892"}],"curies":[{"name":"wp","href":"https:\/\/api.w.org\/{rel}","templated":true}]}}