{"id":265922,"date":"2022-12-01T12:41:19","date_gmt":"2022-12-01T11:41:19","guid":{"rendered":"http:\/\/dev.claret.cat\/producte\/100-protagonistes-de-la-historia-de-la-ciencia\/"},"modified":"2023-10-06T07:02:39","modified_gmt":"2023-10-06T05:02:39","slug":"100-protagonistes-de-la-historia-de-la-ciencia-9788413562278","status":"publish","type":"product","link":"https:\/\/www.claret.cat\/es\/libro\/100-protagonistes-de-la-historia-de-la-ciencia-9788413562278\/","title":{"rendered":"100 PROTAGONISTES DE LA HIST\u00d2RIA DE LA CI\u00c8NCIA"},"content":{"rendered":"<p>La ci\u00e8ncia \u00e9s una empresa col\u00b7laborativa, un proc\u00e9s cooperatiu que ha necessitat prop de 25 segles i milers de contribucions per arribar on \u00e9s ara. Fins i tot figures genials presumptament solit\u00e0ries, com el mateix Newton, van recon\u00e8ixer que &#8216;si hi he vist m\u00e9s lluny, \u00e9s per haver-me enfilat a espatlles de gegants&#8217;. El m\u00e9s dif\u00edcil, doncs, no \u00e9s escollir 100 personalitats cient\u00edfiques, sin\u00f3 descartar-ne moltes m\u00e9s. AQUEST LLIBRE, M\u00c9S QUE UNA LLISTA DEFINITIVA I INQU?ESTIONABLE DE NOMS INCONNEXES, NEIX AMB LA VOLUNTAT DE SER UN RECORREGUT AM\u00c8 I ORIGINAL PER M\u00c9S DE 3.000 ANYS D&#8221;HIST\u00d2RIA DEL PENSAMENT CIENT\u00cdFIC. A partir de les biografies de dones i homes que van dedicar la seva vida a provar d&#8221;entendre el m\u00f3n, veurem com es va anar gestant un m\u00e8tode que ha demostrat ser el m\u00e9s \u00fatil mai creat per l&#8221;esp\u00e8cie humana amb aquesta finalitat epistemol\u00f2gica.   * Segons l&#8221;autor, &#8216;el m\u00e9s dif\u00edcil a l&#8221;hora d&#8221;elaborar la llista dels cient\u00edfics i cient\u00edfiques, no ha estat haver d&#8221;escollir-ne 100, sin\u00f3 haver-ne de descartar molts d&#8221;altres&#8217;.  * Amb aquest llibre, Llorente vol posar en valor el paper de la dona, que durant aquests segles no nom\u00e9s s&#8221;han hagut de fer un lloc en el m\u00f3n cient\u00edfic, sin\u00f3 tamb\u00e9 combatre el masclisme, la incomprensi\u00f3 i els prejudicis.<\/p>\n","protected":false},"excerpt":{"rendered":"<p>LLORENTE BRIONES, IGNASI<\/p>\n","protected":false},"featured_media":370735,"template":"","meta":{"_acf_changed":false,"om_disable_all_campaigns":false,"rs_blank_template":"","rs_page_bg_color":"","slide_template_v7":"","inline_featured_image":false,"_monsterinsights_skip_tracking":false,"_monsterinsights_sitenote_active":false,"_monsterinsights_sitenote_note":"","_monsterinsights_sitenote_category":0},"product_brand":[],"product_cat":[152],"product_tag":[],"class_list":{"0":"post-265922","1":"product","2":"type-product","3":"status-publish","4":"has-post-thumbnail","6":"product_cat-el-mon-actual","8":"first","9":"instock","10":"taxable","11":"shipping-taxable","12":"purchasable","13":"product-type-simple"},"acf":{"autor":"LLORENTE BRIONES, IGNASI","codart":"841356227","libros-coleccion":"De 100 en 100","ediciones":"1","encuadernacion":"R\u00fastica","fecha_de_publicacion":"01\/11\/2022","novedad":"1","paginas":"125","subtitulo":"","orden":"0","portada":"0","idioma":"cat","editorial":[{"ID":6171,"post_author":"3","post_date":"2022-07-28 17:46:25","post_date_gmt":"2022-07-28 15:46:25","post_content":"","post_title":"COSSETANIA EDICIONS","post_excerpt":"","post_status":"publish","comment_status":"closed","ping_status":"closed","post_password":"","post_name":"cossetania-edicions","to_ping":"","pinged":"","post_modified":"2022-07-28 17:46:25","post_modified_gmt":"2022-07-28 15:46:25","post_content_filtered":"","post_parent":0,"guid":"http:\/\/dev.claret.cat\/editorial\/cossetania-edicions\/","menu_order":0,"post_type":"editorial","post_mime_type":"","comment_count":"0","filter":"raw"}],"autores-libros":[{"ID":157804,"post_author":"3","post_date":"2022-10-14 15:31:46","post_date_gmt":"2022-10-14 13:31:46","post_content":"","post_title":"IGNASI LLORENTE BRIONES","post_excerpt":"","post_status":"publish","comment_status":"closed","ping_status":"closed","post_password":"","post_name":"ignasi-llorente-briones","to_ping":"","pinged":"","post_modified":"2022-10-14 15:31:46","post_modified_gmt":"2022-10-14 13:31:46","post_content_filtered":"","post_parent":0,"guid":"http:\/\/dev.claret.cat\/autor\/ignasi-llorente-briones\/","menu_order":0,"post_type":"autor","post_mime_type":"","comment_count":"0","filter":"raw"}]},"aioseo_notices":[],"_links":{"self":[{"href":"https:\/\/www.claret.cat\/es\/wp-json\/wp\/v2\/product\/265922","targetHints":{"allow":["GET"]}}],"collection":[{"href":"https:\/\/www.claret.cat\/es\/wp-json\/wp\/v2\/product"}],"about":[{"href":"https:\/\/www.claret.cat\/es\/wp-json\/wp\/v2\/types\/product"}],"wp:featuredmedia":[{"embeddable":true,"href":"https:\/\/www.claret.cat\/es\/wp-json\/wp\/v2\/media\/370735"}],"wp:attachment":[{"href":"https:\/\/www.claret.cat\/es\/wp-json\/wp\/v2\/media?parent=265922"}],"wp:term":[{"taxonomy":"product_brand","embeddable":true,"href":"https:\/\/www.claret.cat\/es\/wp-json\/wp\/v2\/product_brand?post=265922"},{"taxonomy":"product_cat","embeddable":true,"href":"https:\/\/www.claret.cat\/es\/wp-json\/wp\/v2\/product_cat?post=265922"},{"taxonomy":"product_tag","embeddable":true,"href":"https:\/\/www.claret.cat\/es\/wp-json\/wp\/v2\/product_tag?post=265922"}],"curies":[{"name":"wp","href":"https:\/\/api.w.org\/{rel}","templated":true}]}}