{"id":265952,"date":"2022-12-01T12:42:03","date_gmt":"2022-12-01T11:42:03","guid":{"rendered":"http:\/\/dev.claret.cat\/producte\/chica-conoce-chica\/"},"modified":"2023-10-06T07:03:21","modified_gmt":"2023-10-06T05:03:21","slug":"chica-conoce-chica-9788418050312","status":"publish","type":"product","link":"https:\/\/www.claret.cat\/es\/libro\/chica-conoce-chica-9788418050312\/","title":{"rendered":"CHICA CONOCE CHICA"},"content":{"rendered":"<p>Llega el mayor \u00e9xito de Rachael Lippincott, autora superventas de A dos metros de ti.  Una novela fresca y rom\u00e1ntica sobre c\u00f3mo sus dos autoras se conocieron (\u00bfy se enamoraron?) en la universidad. Alex es atrevida, ca\u00f3tica y seductora. Sabe c\u00f3mo hacerse con cualquier  chica&#8230; pero su vida est\u00e1 patas arriba y su novia la acaba de dejar. Molly lo tiene todo bajo control, pero acaba de mudarse a la universidad  y tiene que abrirse al mundo&#8230; Su \u00fanica amiga, hasta el momento, ha sido su madre. Cuando Alex descubre qui\u00e9n es el crush secreto de Molly la noche antes  de que empiecen las clases, deciden formar equipo: Alex ayudar\u00e1 a Molly  a enamorar a la chica de sus sue\u00f1os, y Molly ayudar\u00e1 a Alex a recuperar a su ex. Alex y Molly no se parecen en nada, pero los opuestos se atraen&#8230; \u00bfqu\u00e9 podr\u00eda salir mal?<\/p>\n","protected":false},"excerpt":{"rendered":"<p>LIPPINCOTT, RACHAEL \/ DERRICK, ALYSON<\/p>\n","protected":false},"featured_media":381084,"template":"","meta":{"_acf_changed":false,"om_disable_all_campaigns":false,"rs_blank_template":"","rs_page_bg_color":"","slide_template_v7":"","inline_featured_image":false,"_monsterinsights_skip_tracking":false,"_monsterinsights_sitenote_active":false,"_monsterinsights_sitenote_note":"","_monsterinsights_sitenote_category":0},"product_brand":[],"product_cat":[566,363],"product_tag":[],"class_list":{"0":"post-265952","1":"product","2":"type-product","3":"status-publish","4":"has-post-thumbnail","6":"product_cat-juvenil-3_infantil-juvenil-spa-spa","7":"product_cat-lecturas-por-adolescentes-12-18-anos","9":"first","10":"instock","11":"taxable","12":"shipping-taxable","13":"purchasable","14":"product-type-simple"},"acf":{"autor":"LIPPINCOTT, RACHAEL \/ DERRICK, ALYSON","codart":"8418050312","libros-coleccion":"NUBE DE TINTA","ediciones":"1","encuadernacion":"R\u00fastica","fecha_de_publicacion":"01\/11\/2022","novedad":"1","paginas":"317","subtitulo":"","orden":"0","portada":"0","idioma":"spa","editorial":[{"ID":148591,"post_author":"3","post_date":"2022-10-14 11:59:26","post_date_gmt":"2022-10-14 09:59:26","post_content":"","post_title":"NUBE DE TINTA","post_excerpt":"","post_status":"publish","comment_status":"closed","ping_status":"closed","post_password":"","post_name":"nube-de-tinta","to_ping":"","pinged":"","post_modified":"2022-10-14 11:59:26","post_modified_gmt":"2022-10-14 09:59:26","post_content_filtered":"","post_parent":0,"guid":"http:\/\/dev.claret.cat\/editorial\/nube-de-tinta\/","menu_order":0,"post_type":"editorial","post_mime_type":"","comment_count":"0","filter":"raw"}],"autores-libros":[{"ID":167511,"post_author":"3","post_date":"2022-10-14 18:11:47","post_date_gmt":"2022-10-14 16:11:47","post_content":"","post_title":"RACHAEL LIPPINCOTT","post_excerpt":"","post_status":"publish","comment_status":"closed","ping_status":"closed","post_password":"","post_name":"rachael-lippincott","to_ping":"","pinged":"","post_modified":"2022-10-14 18:11:47","post_modified_gmt":"2022-10-14 16:11:47","post_content_filtered":"","post_parent":0,"guid":"http:\/\/dev.claret.cat\/autor\/rachael-lippincott\/","menu_order":0,"post_type":"autor","post_mime_type":"","comment_count":"0","filter":"raw"},{"ID":263218,"post_author":"3","post_date":"2022-12-01 11:12:45","post_date_gmt":"2022-12-01 10:12:45","post_content":"","post_title":"ALYSON DERRICK","post_excerpt":"","post_status":"publish","comment_status":"closed","ping_status":"closed","post_password":"","post_name":"alyson-derrick","to_ping":"","pinged":"","post_modified":"2022-12-01 11:12:45","post_modified_gmt":"2022-12-01 10:12:45","post_content_filtered":"","post_parent":0,"guid":"http:\/\/dev.claret.cat\/autor\/alyson-derrick\/","menu_order":0,"post_type":"autor","post_mime_type":"","comment_count":"0","filter":"raw"}]},"aioseo_notices":[],"_links":{"self":[{"href":"https:\/\/www.claret.cat\/es\/wp-json\/wp\/v2\/product\/265952","targetHints":{"allow":["GET"]}}],"collection":[{"href":"https:\/\/www.claret.cat\/es\/wp-json\/wp\/v2\/product"}],"about":[{"href":"https:\/\/www.claret.cat\/es\/wp-json\/wp\/v2\/types\/product"}],"wp:featuredmedia":[{"embeddable":true,"href":"https:\/\/www.claret.cat\/es\/wp-json\/wp\/v2\/media\/381084"}],"wp:attachment":[{"href":"https:\/\/www.claret.cat\/es\/wp-json\/wp\/v2\/media?parent=265952"}],"wp:term":[{"taxonomy":"product_brand","embeddable":true,"href":"https:\/\/www.claret.cat\/es\/wp-json\/wp\/v2\/product_brand?post=265952"},{"taxonomy":"product_cat","embeddable":true,"href":"https:\/\/www.claret.cat\/es\/wp-json\/wp\/v2\/product_cat?post=265952"},{"taxonomy":"product_tag","embeddable":true,"href":"https:\/\/www.claret.cat\/es\/wp-json\/wp\/v2\/product_tag?post=265952"}],"curies":[{"name":"wp","href":"https:\/\/api.w.org\/{rel}","templated":true}]}}