{"id":265973,"date":"2022-12-01T12:42:35","date_gmt":"2022-12-01T11:42:35","guid":{"rendered":"http:\/\/dev.claret.cat\/producte\/enola-holmes-2-enola-holmes-y-la-prisionera-aristocrata\/"},"modified":"2025-04-07T12:00:01","modified_gmt":"2025-04-07T10:00:01","slug":"enola-holmes-2-enola-holmes-y-la-prisionera-aristocrata-9788427224629","status":"publish","type":"product","link":"https:\/\/www.claret.cat\/es\/libro\/enola-holmes-2-enola-holmes-y-la-prisionera-aristocrata-9788427224629\/","title":{"rendered":"ENOLA HOLMES 2 &#8211; ENOLA HOLMES Y LA PRISIONERA ARIST\u00d3CRATA"},"content":{"rendered":"<p>\u00a1Enola ha vuelto con una nueva y distinguida aventura! La serie superventas internacional y \u00e9xito de Netflix regresa para cautivarnos. En esta entrega, Enola Holmes se ve obligada a garantizar la seguridad  de Lady Cecily, y tambi\u00e9n su libertad. El detestable Sir Eustace Alistair ha encerrado a su hija zurda en su dormitorio. Enola llevar\u00e1 a cabo una arriesgada pero exitosa maniobra de fuga a altas horas de la noche, y acoger\u00e1 a Cecily en su propio alojamiento secreto. Sin embargo, alguien le pisa los talones: \u00a1Sherlock! As\u00ed da comienzo una emocionante aventura. \u00bfC\u00f3mo podr\u00e1 Enola proteger a  Lady Cecily de su padre? \u00bfY qu\u00e9 har\u00e1 Lady Cecily, plantarle cara o regresar a su personalidad diestra y obediente? Rese\u00f1as: \u00abUna chica empoderada, capaz y muy lista. La serie Enola Holmes  transmite el potente mensaje de que puedes hacer lo que quieras si te lo propones. \u00a1Y lo muestra con mucha emoci\u00f3n y grandes dosis de aventura!\u00bb. Millie Bobby Brown \u00abHa pasado una d\u00e9cada desde que Springer escribi\u00f3 el primer caso de  Enola, y este es un excelente puerto de entrada tanto para los ya fans como para los reci\u00e9n llegados. La voz de Enola, con una afici\u00f3n desmesurada por hacer listas, es encantadora: humor\u00edstica y sarc\u00e1stica en su justa medida\u00bb. Kirkus \u00abLa \u00faltima novela contin\u00faa las cr\u00f3nicas de esta joven valiente, capaz, ingeniosa y muy independiente\u00bb. Booklist \u00abEscrita con elegancia y con un argumento en\u00e9rgico, Enola Holmes y el  carruaje negro se ganar\u00e1 a los fans de la pel\u00edcula que buscan  nuevas aventuras con Enola\u00bb. BookPage \u00abSi te gust\u00f3 el libro anterior, este te gustar\u00e1 todav\u00eda m\u00e1s. Si solo has  visto la pel\u00edcula, dale una oportunidad a esta serie. Te conquistar\u00e1\u00bb. Gumshoe Review \u00abSpringer brinda a los nuevos y antiguos lectores de su serie una visi\u00f3n  empoderada y que empodera de Enola, esa descubridora de almas perdidas, justiciera, defensora de los derechos de la mujer y aliada incondicional de los marginados y desfavorecidos, consiguiendo una lectura esencial y muy oportuna. El juego est\u00e1 servido de nuevo\u00bb. Charleston Post &amp; Courier \u00abEnola es una joven encantadora, orgullosa y feminista, que no reh\u00faye su  naturaleza delicada si la ocasi\u00f3n lo requiere. Este personaje me fascina porque no tiene miedo a ser ella misma, por muy tempestuosa, mandona y poco convencional que sea\u00bb. Hypable \u00abUn misterio victoriano entretenido y muy bien escrito\u00bb. The Buffalo News \u00abTan pronto como empec\u00e9 a leerlo, supe que no solo tendr\u00eda que ver la  pel\u00edcula de Netflix, sino tambi\u00e9n que iba a leerme los otros libros\u00bb. Books Are Magic Too Blog \u00abEnola Holmes es una hero\u00edna intr\u00e9pida, y leer sus aventuras supone diversi\u00f3n a raudales. \u00a1Esperemos que haya m\u00e1s!\u00bb. BookLoons Blog \u00abRecomiendo fervientemente este libro. \u00bfSe puede a\u00f1adir una estrella de m\u00e1s por humor? \u00a1Porque este libro la merece!\u00bb. Tales Untagled Blog \u00abMe enamor\u00e9 inmediatamente. Con esta nueva historia llena de humor sobre  el misterioso caso de una desaparici\u00f3n, Springer rejuvenece el g\u00e9nero del whodunit victoriano\u00bb. After the Final Page Blog<\/p>\n","protected":false},"excerpt":{"rendered":"<p>SPRINGER, NANCY<\/p>\n","protected":false},"featured_media":265974,"template":"","meta":{"_acf_changed":false,"om_disable_all_campaigns":false,"rs_blank_template":"","rs_page_bg_color":"","slide_template_v7":"","inline_featured_image":false,"_monsterinsights_skip_tracking":false,"_monsterinsights_sitenote_active":false,"_monsterinsights_sitenote_note":"","_monsterinsights_sitenote_category":0},"product_brand":[],"product_cat":[133,363],"product_tag":[],"class_list":{"0":"post-265973","1":"product","2":"type-product","3":"status-publish","4":"has-post-thumbnail","6":"product_cat-lectures-per-adolescents-12-18-anys","7":"product_cat-lecturas-por-adolescentes-12-18-anos","9":"first","10":"instock","11":"taxable","12":"shipping-taxable","13":"purchasable","14":"product-type-simple"},"acf":{"autor":"SPRINGER, NANCY","codart":"842722462","libros-coleccion":"FORA DE COL.LECCI\u00d3","ediciones":"1","encuadernacion":"R\u00fastica","fecha_de_publicacion":"01\/11\/2022","novedad":"1","paginas":"220","subtitulo":"","orden":"0","portada":"0","idioma":"spa","editorial":[{"ID":6346,"post_author":"3","post_date":"2022-07-28 17:50:13","post_date_gmt":"2022-07-28 15:50:13","post_content":"","post_title":"RBA Molino","post_excerpt":"","post_status":"publish","comment_status":"closed","ping_status":"closed","post_password":"","post_name":"rba-molino","to_ping":"","pinged":"","post_modified":"2022-07-28 17:50:13","post_modified_gmt":"2022-07-28 15:50:13","post_content_filtered":"","post_parent":0,"guid":"http:\/\/dev.claret.cat\/editorial\/rba-molino\/","menu_order":0,"post_type":"editorial","post_mime_type":"","comment_count":"0","filter":"raw"}],"autores-libros":[{"ID":165615,"post_author":"3","post_date":"2022-10-14 17:56:35","post_date_gmt":"2022-10-14 15:56:35","post_content":"","post_title":"NANCY SPRINGER","post_excerpt":"","post_status":"publish","comment_status":"closed","ping_status":"closed","post_password":"","post_name":"nancy-springer","to_ping":"","pinged":"","post_modified":"2022-10-14 17:56:35","post_modified_gmt":"2022-10-14 15:56:35","post_content_filtered":"","post_parent":0,"guid":"http:\/\/dev.claret.cat\/autor\/nancy-springer\/","menu_order":0,"post_type":"autor","post_mime_type":"","comment_count":"0","filter":"raw"}]},"aioseo_notices":[],"_links":{"self":[{"href":"https:\/\/www.claret.cat\/es\/wp-json\/wp\/v2\/product\/265973","targetHints":{"allow":["GET"]}}],"collection":[{"href":"https:\/\/www.claret.cat\/es\/wp-json\/wp\/v2\/product"}],"about":[{"href":"https:\/\/www.claret.cat\/es\/wp-json\/wp\/v2\/types\/product"}],"wp:featuredmedia":[{"embeddable":true,"href":"https:\/\/www.claret.cat\/es\/wp-json\/wp\/v2\/media\/265974"}],"wp:attachment":[{"href":"https:\/\/www.claret.cat\/es\/wp-json\/wp\/v2\/media?parent=265973"}],"wp:term":[{"taxonomy":"product_brand","embeddable":true,"href":"https:\/\/www.claret.cat\/es\/wp-json\/wp\/v2\/product_brand?post=265973"},{"taxonomy":"product_cat","embeddable":true,"href":"https:\/\/www.claret.cat\/es\/wp-json\/wp\/v2\/product_cat?post=265973"},{"taxonomy":"product_tag","embeddable":true,"href":"https:\/\/www.claret.cat\/es\/wp-json\/wp\/v2\/product_tag?post=265973"}],"curies":[{"name":"wp","href":"https:\/\/api.w.org\/{rel}","templated":true}]}}