{"id":265976,"date":"2022-12-01T12:42:39","date_gmt":"2022-12-01T11:42:39","guid":{"rendered":"http:\/\/dev.claret.cat\/producte\/mes-contes-de-sempre-2\/"},"modified":"2026-03-24T17:12:45","modified_gmt":"2026-03-24T16:12:45","slug":"mes-contes-de-sempre-9788418288456","status":"publish","type":"product","link":"https:\/\/www.claret.cat\/es\/libro\/mes-contes-de-sempre-9788418288456\/","title":{"rendered":"M\u00c9S CONTES DE SEMPRE"},"content":{"rendered":"<p>IL\u00b7LUSTRACIONS DE ROSER CAPDEVILA AMB AQUEST SEGON VOLUM, ES COMPLETA LA COL\u00b7LECCI\u00d3 DE CONTES CL\u00c0SSICS QUE VAN CREAR LES DUES AUTORES.  Al 1985 Roser Capdevila i Merc\u00e8 Company van iniciar la col\u00b7lecci\u00f3 de Les Tres Bessones i els contes cl\u00e0ssics. Aleshores, no es podien imaginar que Les Tres Bessones es convertirien en uns dels personatges m\u00e9s populars i estimats del nostre pa\u00eds. En aquest segon recull hi trobareu quatre contes de la col\u00b7lecci\u00f3 original:   * En Polzet  * La Blancaneu i els Set Nans  * La Princesa i el P\u00e8sol  * El Flautista d&#8217;Hamel\u00edn  Gaudiu de les meravelloses il\u00b7lustracions de la Roser Capdevila i de l&#8217;enginy narratiu de la Merc\u00e8 Company. Uns preciosos contes que a alguns us faran tornar a la inf\u00e0ncia i a d&#8217;altres embadalirvos amb la m\u00e0gia de Les Tres Bessones i la Bruixa Avorrida. Amb aquest volum i _Els contes de Sempre_ completareu la col\u00b7lecci\u00f3.   * Roser Capdevila va rebre la Medalla d&#8217;Or de la Generalitat de Catalunya, el 2022.<\/p>\n","protected":false},"excerpt":{"rendered":"<p>COMPANY GONZ\u00c1LEZ, MERC\u00c8<\/p>\n","protected":false},"featured_media":375947,"template":"","meta":{"_acf_changed":false,"om_disable_all_campaigns":false,"rs_blank_template":"","rs_page_bg_color":"","slide_template_v7":"","inline_featured_image":false,"_monsterinsights_skip_tracking":false,"_monsterinsights_sitenote_active":false,"_monsterinsights_sitenote_note":"","_monsterinsights_sitenote_category":0},"product_brand":[],"product_cat":[132,362],"product_tag":[],"class_list":{"0":"post-265976","1":"product","2":"type-product","3":"status-publish","4":"has-post-thumbnail","6":"product_cat-lectures-per-preadolescents-6-12-anys","7":"product_cat-libros-preadolescentes-6-12-anos","9":"first","10":"instock","11":"taxable","12":"shipping-taxable","13":"purchasable","14":"product-type-simple"},"acf":{"autor":"COMPANY GONZ\u00c1LEZ, MERC\u00c8","codart":"841828845","libros-coleccion":"FORA DE COL.LECCI\u00d3","ediciones":"1","encuadernacion":"Carton\u00e9","fecha_de_publicacion":"01\/11\/2022","novedad":"1","paginas":"140","subtitulo":"LES TRES BESSONES","orden":"0","portada":"0","idioma":"cat","editorial":[{"ID":6145,"post_author":"3","post_date":"2022-07-28 17:45:51","post_date_gmt":"2022-07-28 15:45:51","post_content":"","post_title":"BINDI BOOKS","post_excerpt":"","post_status":"publish","comment_status":"closed","ping_status":"closed","post_password":"","post_name":"bindi-books","to_ping":"","pinged":"","post_modified":"2022-07-28 17:45:51","post_modified_gmt":"2022-07-28 15:45:51","post_content_filtered":"","post_parent":0,"guid":"http:\/\/dev.claret.cat\/editorial\/bindi-books\/","menu_order":0,"post_type":"editorial","post_mime_type":"","comment_count":"0","filter":"raw"}],"autores-libros":[{"ID":164690,"post_author":"3","post_date":"2022-10-14 17:49:06","post_date_gmt":"2022-10-14 15:49:06","post_content":"","post_title":"MERC\u00c8 COMPANY GONZ\u00c1LEZ","post_excerpt":"","post_status":"publish","comment_status":"closed","ping_status":"closed","post_password":"","post_name":"merce-company-gonzalez","to_ping":"","pinged":"","post_modified":"2022-10-14 17:49:06","post_modified_gmt":"2022-10-14 15:49:06","post_content_filtered":"","post_parent":0,"guid":"http:\/\/dev.claret.cat\/autor\/merce-company-gonzalez\/","menu_order":0,"post_type":"autor","post_mime_type":"","comment_count":"0","filter":"raw"}],"booktrailer":"","resenas":""},"aioseo_notices":[],"_links":{"self":[{"href":"https:\/\/www.claret.cat\/es\/wp-json\/wp\/v2\/product\/265976","targetHints":{"allow":["GET"]}}],"collection":[{"href":"https:\/\/www.claret.cat\/es\/wp-json\/wp\/v2\/product"}],"about":[{"href":"https:\/\/www.claret.cat\/es\/wp-json\/wp\/v2\/types\/product"}],"wp:featuredmedia":[{"embeddable":true,"href":"https:\/\/www.claret.cat\/es\/wp-json\/wp\/v2\/media\/375947"}],"wp:attachment":[{"href":"https:\/\/www.claret.cat\/es\/wp-json\/wp\/v2\/media?parent=265976"}],"wp:term":[{"taxonomy":"product_brand","embeddable":true,"href":"https:\/\/www.claret.cat\/es\/wp-json\/wp\/v2\/product_brand?post=265976"},{"taxonomy":"product_cat","embeddable":true,"href":"https:\/\/www.claret.cat\/es\/wp-json\/wp\/v2\/product_cat?post=265976"},{"taxonomy":"product_tag","embeddable":true,"href":"https:\/\/www.claret.cat\/es\/wp-json\/wp\/v2\/product_tag?post=265976"}],"curies":[{"name":"wp","href":"https:\/\/api.w.org\/{rel}","templated":true}]}}