{"id":266024,"date":"2022-12-01T12:43:52","date_gmt":"2022-12-01T11:43:52","guid":{"rendered":"http:\/\/dev.claret.cat\/producte\/no-sabes-lo-que-es-la-guerra\/"},"modified":"2023-10-06T07:00:40","modified_gmt":"2023-10-06T05:00:40","slug":"no-sabes-lo-que-es-la-guerra-9788423362110","status":"publish","type":"product","link":"https:\/\/www.claret.cat\/es\/libro\/no-sabes-lo-que-es-la-guerra-9788423362110\/","title":{"rendered":"NO SABES LO QUE ES LA GUERRA"},"content":{"rendered":"<p>\u00abTodo el mundo conoce la palabra guerra, pero muy poca gente sabe lo que realmente significa. Se puede decir que es horrible y aterradora, pero nadie conoce la verdadera magnitud del miedo que provoca cuando la tienes delante. Y por eso, cuando de repente te encuentras que tienes que enfrentarte a ella, te sientes totalmente perdido, amurallado por el miedo y desesperaci\u00f3n. Todos tus planes se ven interrumpidos sin previo aviso por la destrucci\u00f3n. Hasta que no has estado all\u00ed, no sabes lo que es la guerra.\u00bb<\/p>\n","protected":false},"excerpt":{"rendered":"<p>SKALIETSKA, YEVA<\/p>\n","protected":false},"featured_media":266025,"template":"","meta":{"_acf_changed":false,"om_disable_all_campaigns":false,"rs_blank_template":"","rs_page_bg_color":"","slide_template_v7":"","inline_featured_image":false,"_monsterinsights_skip_tracking":false,"_monsterinsights_sitenote_active":false,"_monsterinsights_sitenote_note":"","_monsterinsights_sitenote_category":0},"product_brand":[],"product_cat":[357],"product_tag":[],"class_list":{"0":"post-266024","1":"product","2":"type-product","3":"status-publish","4":"has-post-thumbnail","6":"product_cat-novela-contemporanea","8":"first","9":"instock","10":"taxable","11":"shipping-taxable","12":"purchasable","13":"product-type-simple"},"acf":{"autor":"SKALIETSKA, YEVA","codart":"842336211","libros-coleccion":"Imago Mundi","ediciones":"1","encuadernacion":"R\u00fastica","fecha_de_publicacion":"01\/11\/2022","novedad":"1","paginas":"256","subtitulo":"EL DIARIO DE UNA JOVEN UCRANIANA","orden":"0","portada":"0","idioma":"spa","editorial":[{"ID":6182,"post_author":"3","post_date":"2022-07-28 17:46:40","post_date_gmt":"2022-07-28 15:46:40","post_content":"","post_title":"DESTINO, S.L.","post_excerpt":"","post_status":"publish","comment_status":"closed","ping_status":"closed","post_password":"","post_name":"destino-s-l","to_ping":"","pinged":"","post_modified":"2022-07-28 17:46:40","post_modified_gmt":"2022-07-28 15:46:40","post_content_filtered":"","post_parent":0,"guid":"http:\/\/dev.claret.cat\/editorial\/destino-s-l\/","menu_order":0,"post_type":"editorial","post_mime_type":"","comment_count":"0","filter":"raw"}],"autores-libros":[{"ID":263973,"post_author":"3","post_date":"2022-12-01 11:22:37","post_date_gmt":"2022-12-01 10:22:37","post_content":"","post_title":"YEVA SKALIETSKA","post_excerpt":"","post_status":"publish","comment_status":"closed","ping_status":"closed","post_password":"","post_name":"yeva-skalietska","to_ping":"","pinged":"","post_modified":"2022-12-01 11:22:37","post_modified_gmt":"2022-12-01 10:22:37","post_content_filtered":"","post_parent":0,"guid":"http:\/\/dev.claret.cat\/autor\/yeva-skalietska\/","menu_order":0,"post_type":"autor","post_mime_type":"","comment_count":"0","filter":"raw"}]},"aioseo_notices":[],"_links":{"self":[{"href":"https:\/\/www.claret.cat\/es\/wp-json\/wp\/v2\/product\/266024","targetHints":{"allow":["GET"]}}],"collection":[{"href":"https:\/\/www.claret.cat\/es\/wp-json\/wp\/v2\/product"}],"about":[{"href":"https:\/\/www.claret.cat\/es\/wp-json\/wp\/v2\/types\/product"}],"wp:featuredmedia":[{"embeddable":true,"href":"https:\/\/www.claret.cat\/es\/wp-json\/wp\/v2\/media\/266025"}],"wp:attachment":[{"href":"https:\/\/www.claret.cat\/es\/wp-json\/wp\/v2\/media?parent=266024"}],"wp:term":[{"taxonomy":"product_brand","embeddable":true,"href":"https:\/\/www.claret.cat\/es\/wp-json\/wp\/v2\/product_brand?post=266024"},{"taxonomy":"product_cat","embeddable":true,"href":"https:\/\/www.claret.cat\/es\/wp-json\/wp\/v2\/product_cat?post=266024"},{"taxonomy":"product_tag","embeddable":true,"href":"https:\/\/www.claret.cat\/es\/wp-json\/wp\/v2\/product_tag?post=266024"}],"curies":[{"name":"wp","href":"https:\/\/api.w.org\/{rel}","templated":true}]}}