{"id":266243,"date":"2022-12-01T12:49:31","date_gmt":"2022-12-01T11:49:31","guid":{"rendered":"http:\/\/dev.claret.cat\/producte\/los-muertos-2\/"},"modified":"2023-10-06T07:00:08","modified_gmt":"2023-10-06T05:00:08","slug":"los-muertos-9788418800399","status":"publish","type":"product","link":"https:\/\/www.claret.cat\/es\/libro\/los-muertos-9788418800399\/","title":{"rendered":"LOS MUERTOS"},"content":{"rendered":"<p>Una aut\u00e9ntica obra maestra de la narrativa corta contempor\u00e1nea.<\/p>\n<p>La velada navide\u00f1a en casa de las se\u00f1oritas Morkan es el acontecimiento anual por excelencia. El hogar se llena de risas, m\u00fasica y baile para gran disfrute de los invitados y sus anfitrionas. Pero tambi\u00e9n del quedo silencio de los que ya no est\u00e1n. La memoria de los que nos dejaron llevar\u00e1 a los personajes a recorrer caminos largo tiempo olvidados.<\/p>\n<p>El lector, de la mano de Gabriel Conroy, perdido en el reflejo de la noche blanca dublinesa, asistir\u00e1 a una epifan\u00eda, ya inmortal en los anales de la literatura, que anticipa las t\u00e9cnicas renovadoras que emple\u00f3 Joyce en Retrato del artista adolescente y Ulises.<\/p>\n","protected":false},"excerpt":{"rendered":"<p>JOYCE, JAMES<\/p>\n","protected":false},"featured_media":266244,"template":"","meta":{"_acf_changed":false,"om_disable_all_campaigns":false,"rs_blank_template":"","rs_page_bg_color":"","slide_template_v7":"","inline_featured_image":false,"_monsterinsights_skip_tracking":false,"_monsterinsights_sitenote_active":false,"_monsterinsights_sitenote_note":"","_monsterinsights_sitenote_category":0},"product_brand":[],"product_cat":[354],"product_tag":[],"class_list":{"0":"post-266243","1":"product","2":"type-product","3":"status-publish","4":"has-post-thumbnail","6":"product_cat-clasica","8":"first","9":"instock","10":"taxable","11":"shipping-taxable","12":"purchasable","13":"product-type-simple"},"acf":{"autor":"JOYCE, JAMES","codart":"841880039","libros-coleccion":"Catedral","ediciones":"1","encuadernacion":"Carton\u00e9","fecha_de_publicacion":"01\/11\/2022","novedad":"1","paginas":"128","subtitulo":"CUENTO DE UNA NOCHE DE NAVIDAD","orden":"0","portada":"0","idioma":"spa","editorial":[{"ID":147610,"post_author":"3","post_date":"2022-10-14 11:51:54","post_date_gmt":"2022-10-14 09:51:54","post_content":"","post_title":"Catedral","post_excerpt":"","post_status":"publish","comment_status":"closed","ping_status":"closed","post_password":"","post_name":"catedral","to_ping":"","pinged":"","post_modified":"2022-10-14 11:51:54","post_modified_gmt":"2022-10-14 09:51:54","post_content_filtered":"","post_parent":0,"guid":"http:\/\/dev.claret.cat\/editorial\/catedral\/","menu_order":0,"post_type":"editorial","post_mime_type":"","comment_count":"0","filter":"raw"}],"autores-libros":[{"ID":5567,"post_author":"3","post_date":"2022-07-28 17:26:45","post_date_gmt":"2022-07-28 15:26:45","post_content":"","post_title":"JAMES JOYCE","post_excerpt":"","post_status":"publish","comment_status":"closed","ping_status":"closed","post_password":"","post_name":"james-joyce","to_ping":"","pinged":"","post_modified":"2022-07-28 17:26:45","post_modified_gmt":"2022-07-28 15:26:45","post_content_filtered":"","post_parent":0,"guid":"http:\/\/dev.claret.cat\/autor\/james-joyce\/","menu_order":0,"post_type":"autor","post_mime_type":"","comment_count":"0","filter":"raw"}]},"aioseo_notices":[],"_links":{"self":[{"href":"https:\/\/www.claret.cat\/es\/wp-json\/wp\/v2\/product\/266243","targetHints":{"allow":["GET"]}}],"collection":[{"href":"https:\/\/www.claret.cat\/es\/wp-json\/wp\/v2\/product"}],"about":[{"href":"https:\/\/www.claret.cat\/es\/wp-json\/wp\/v2\/types\/product"}],"wp:featuredmedia":[{"embeddable":true,"href":"https:\/\/www.claret.cat\/es\/wp-json\/wp\/v2\/media\/266244"}],"wp:attachment":[{"href":"https:\/\/www.claret.cat\/es\/wp-json\/wp\/v2\/media?parent=266243"}],"wp:term":[{"taxonomy":"product_brand","embeddable":true,"href":"https:\/\/www.claret.cat\/es\/wp-json\/wp\/v2\/product_brand?post=266243"},{"taxonomy":"product_cat","embeddable":true,"href":"https:\/\/www.claret.cat\/es\/wp-json\/wp\/v2\/product_cat?post=266243"},{"taxonomy":"product_tag","embeddable":true,"href":"https:\/\/www.claret.cat\/es\/wp-json\/wp\/v2\/product_tag?post=266243"}],"curies":[{"name":"wp","href":"https:\/\/api.w.org\/{rel}","templated":true}]}}