{"id":266255,"date":"2022-12-01T12:49:50","date_gmt":"2022-12-01T11:49:50","guid":{"rendered":"http:\/\/dev.claret.cat\/producte\/sin-fallos\/"},"modified":"2023-10-06T07:04:39","modified_gmt":"2023-10-06T05:04:39","slug":"sin-fallos-9788412580334","status":"publish","type":"product","link":"https:\/\/www.claret.cat\/es\/libro\/sin-fallos-9788412580334\/","title":{"rendered":"SIN FALLOS"},"content":{"rendered":"<p>Se acerca el invierno y a Jack Reacher lo buscan desde el coraz\u00f3n mismo del poder: el Servicio Secreto de los Estados Unidos lo necesita. La misi\u00f3n es tan secreta como urgente, y el m\u00e1s m\u00ednimo fallo puede poner en riesgo la democracia m\u00e1s s\u00f3lida del planeta.<br \/> Entre pistas ambiguas, profundas desconfianzas y la presencia fantasmal de su hermano, Reacher deber\u00e1 afinar al extremo sus sentidos y mantener su cabeza despejada \u2013si su coraz\u00f3n se lo permite\u2013 para investigar las intrigas de Washington y de las fuerzas de seguridad. Una mil\u00e9sima de segundo puede resultar fatal, y de \u00e9l y de su h\u00e1bil colega Neagley depender\u00e1 el \u00e9xito de la misi\u00f3n.<br \/> Fiel a su estilo, Reacher deber\u00e1 garantizar la seguridad del vicepresidente electo, descubrir el foco del peligro y responder a las agresiones sin fallos.<\/p>\n<p> \u201cLee Child sigue siendo el mejor.\u201d Stephen King<br \/> \u201cLee Child: el recurso perfecto para devolverles el gusto por la lectura a quienes nunca lo perdieron.\u201d C\u00e9sar Aira<\/p>\n","protected":false},"excerpt":{"rendered":"<p>CHILD, LEE<\/p>\n","protected":false},"featured_media":266256,"template":"","meta":{"_acf_changed":false,"om_disable_all_campaigns":false,"rs_blank_template":"","rs_page_bg_color":"","slide_template_v7":"","inline_featured_image":false,"_monsterinsights_skip_tracking":false,"_monsterinsights_sitenote_active":false,"_monsterinsights_sitenote_note":"","_monsterinsights_sitenote_category":0},"product_brand":[],"product_cat":[357],"product_tag":[],"class_list":{"0":"post-266255","1":"product","2":"type-product","3":"status-publish","4":"has-post-thumbnail","6":"product_cat-novela-contemporanea","8":"first","9":"instock","10":"taxable","11":"shipping-taxable","12":"purchasable","13":"product-type-simple"},"acf":{"autor":"CHILD, LEE","codart":"841258033","libros-coleccion":"","ediciones":"1","encuadernacion":"R\u00fastica","fecha_de_publicacion":"01\/11\/2022","novedad":"1","paginas":"464","subtitulo":"UNA NOVELA DE JACK REACHER","orden":"0","portada":"0","idioma":"spa","editorial":[{"ID":147551,"post_author":"3","post_date":"2022-10-14 11:51:26","post_date_gmt":"2022-10-14 09:51:26","post_content":"","post_title":"Blatt & R\u00edos","post_excerpt":"","post_status":"publish","comment_status":"closed","ping_status":"closed","post_password":"","post_name":"blatt-rios","to_ping":"","pinged":"","post_modified":"2022-10-14 11:51:26","post_modified_gmt":"2022-10-14 09:51:26","post_content_filtered":"","post_parent":0,"guid":"http:\/\/dev.claret.cat\/editorial\/blatt-rios\/","menu_order":0,"post_type":"editorial","post_mime_type":"","comment_count":"0","filter":"raw"}],"autores-libros":[{"ID":162076,"post_author":"3","post_date":"2022-10-14 17:28:10","post_date_gmt":"2022-10-14 15:28:10","post_content":"","post_title":"LEE CHILD","post_excerpt":"","post_status":"publish","comment_status":"closed","ping_status":"closed","post_password":"","post_name":"lee-child","to_ping":"","pinged":"","post_modified":"2022-10-14 17:28:10","post_modified_gmt":"2022-10-14 15:28:10","post_content_filtered":"","post_parent":0,"guid":"http:\/\/dev.claret.cat\/autor\/lee-child\/","menu_order":0,"post_type":"autor","post_mime_type":"","comment_count":"0","filter":"raw"}]},"aioseo_notices":[],"_links":{"self":[{"href":"https:\/\/www.claret.cat\/es\/wp-json\/wp\/v2\/product\/266255","targetHints":{"allow":["GET"]}}],"collection":[{"href":"https:\/\/www.claret.cat\/es\/wp-json\/wp\/v2\/product"}],"about":[{"href":"https:\/\/www.claret.cat\/es\/wp-json\/wp\/v2\/types\/product"}],"wp:featuredmedia":[{"embeddable":true,"href":"https:\/\/www.claret.cat\/es\/wp-json\/wp\/v2\/media\/266256"}],"wp:attachment":[{"href":"https:\/\/www.claret.cat\/es\/wp-json\/wp\/v2\/media?parent=266255"}],"wp:term":[{"taxonomy":"product_brand","embeddable":true,"href":"https:\/\/www.claret.cat\/es\/wp-json\/wp\/v2\/product_brand?post=266255"},{"taxonomy":"product_cat","embeddable":true,"href":"https:\/\/www.claret.cat\/es\/wp-json\/wp\/v2\/product_cat?post=266255"},{"taxonomy":"product_tag","embeddable":true,"href":"https:\/\/www.claret.cat\/es\/wp-json\/wp\/v2\/product_tag?post=266255"}],"curies":[{"name":"wp","href":"https:\/\/api.w.org\/{rel}","templated":true}]}}