{"id":266258,"date":"2022-12-01T12:49:54","date_gmt":"2022-12-01T11:49:54","guid":{"rendered":"http:\/\/dev.claret.cat\/producte\/el-rosa-i-el-verd\/"},"modified":"2025-01-08T16:55:16","modified_gmt":"2025-01-08T15:55:16","slug":"el-rosa-i-el-verd-9788412585612","status":"publish","type":"product","link":"https:\/\/www.claret.cat\/es\/libro\/el-rosa-i-el-verd-9788412585612\/","title":{"rendered":"EL ROSA I EL VERD"},"content":{"rendered":"<p>Mina Wanghen \u00e9s la protagonista d&#8217;El rosa i el verd&#8217;. Filla d&#8217;un banquer alemany, vol allunyar-se del mercantilisme prussi\u00e0 i somia amb el Par\u00eds que ha llegit als llibres. Mina i Julien Sorel s\u00f3n les dues cares d una mateixa moneda. Si el protagonista d&#8221;El roig i el negre&#8217; ho ambiciona tot i acaba sent v\u00edctima de les seves ambicions, Wanghen no ambiciona res i es troba al centre de les ambicions dels altres.<\/p>\n","protected":false},"excerpt":{"rendered":"<p>STENDHAL<\/p>\n","protected":false},"featured_media":266259,"template":"","meta":{"_acf_changed":false,"om_disable_all_campaigns":false,"rs_blank_template":"","rs_page_bg_color":"","slide_template_v7":"","inline_featured_image":false,"_monsterinsights_skip_tracking":false,"_monsterinsights_sitenote_active":false,"_monsterinsights_sitenote_note":"","_monsterinsights_sitenote_category":0},"product_brand":[],"product_cat":[354,123],"product_tag":[],"class_list":{"0":"post-266258","1":"product","2":"type-product","3":"status-publish","4":"has-post-thumbnail","6":"product_cat-clasica","7":"product_cat-classica","9":"first","10":"instock","11":"taxable","12":"shipping-taxable","13":"purchasable","14":"product-type-simple"},"acf":{"autor":"STENDHAL","codart":"841258561","libros-coleccion":"FORA DE COL.LECCI\u00d3","ediciones":"1","encuadernacion":"R\u00fastica","fecha_de_publicacion":"01\/11\/2022","novedad":"1","paginas":"189","subtitulo":"","orden":"0","portada":"0","idioma":"cat","editorial":[{"ID":147582,"post_author":"3","post_date":"2022-10-14 11:51:40","post_date_gmt":"2022-10-14 09:51:40","post_content":"","post_title":"Cal Carr\u00e9. Editorial Artesana.","post_excerpt":"","post_status":"publish","comment_status":"closed","ping_status":"closed","post_password":"","post_name":"cal-carre-editorial-artesana","to_ping":"","pinged":"","post_modified":"2022-10-14 11:51:40","post_modified_gmt":"2022-10-14 09:51:40","post_content_filtered":"","post_parent":0,"guid":"http:\/\/dev.claret.cat\/editorial\/cal-carre-editorial-artesana\/","menu_order":0,"post_type":"editorial","post_mime_type":"","comment_count":"0","filter":"raw"}],"autores-libros":[{"ID":169793,"post_author":"3","post_date":"2022-10-14 22:30:04","post_date_gmt":"2022-10-14 20:30:04","post_content":"","post_title":"STENDHAL","post_excerpt":"","post_status":"publish","comment_status":"closed","ping_status":"closed","post_password":"","post_name":"stendhal","to_ping":"","pinged":"","post_modified":"2022-10-14 22:30:04","post_modified_gmt":"2022-10-14 20:30:04","post_content_filtered":"","post_parent":0,"guid":"http:\/\/dev.claret.cat\/autor\/stendhal\/","menu_order":0,"post_type":"autor","post_mime_type":"","comment_count":"0","filter":"raw"}]},"aioseo_notices":[],"_links":{"self":[{"href":"https:\/\/www.claret.cat\/es\/wp-json\/wp\/v2\/product\/266258","targetHints":{"allow":["GET"]}}],"collection":[{"href":"https:\/\/www.claret.cat\/es\/wp-json\/wp\/v2\/product"}],"about":[{"href":"https:\/\/www.claret.cat\/es\/wp-json\/wp\/v2\/types\/product"}],"wp:featuredmedia":[{"embeddable":true,"href":"https:\/\/www.claret.cat\/es\/wp-json\/wp\/v2\/media\/266259"}],"wp:attachment":[{"href":"https:\/\/www.claret.cat\/es\/wp-json\/wp\/v2\/media?parent=266258"}],"wp:term":[{"taxonomy":"product_brand","embeddable":true,"href":"https:\/\/www.claret.cat\/es\/wp-json\/wp\/v2\/product_brand?post=266258"},{"taxonomy":"product_cat","embeddable":true,"href":"https:\/\/www.claret.cat\/es\/wp-json\/wp\/v2\/product_cat?post=266258"},{"taxonomy":"product_tag","embeddable":true,"href":"https:\/\/www.claret.cat\/es\/wp-json\/wp\/v2\/product_tag?post=266258"}],"curies":[{"name":"wp","href":"https:\/\/api.w.org\/{rel}","templated":true}]}}