{"id":266261,"date":"2022-12-01T12:49:59","date_gmt":"2022-12-01T11:49:59","guid":{"rendered":"http:\/\/dev.claret.cat\/producte\/enigmes-detectius-a-domicili-5-misteris-terrorifics\/"},"modified":"2023-10-06T07:04:30","modified_gmt":"2023-10-06T05:04:30","slug":"enigmes-detectius-a-domicili-5-misteris-terrorifics-9788412586121","status":"publish","type":"product","link":"https:\/\/www.claret.cat\/es\/libro\/enigmes-detectius-a-domicili-5-misteris-terrorifics-9788412586121\/","title":{"rendered":"ENIGMES. DETECTIUS A DOMICILI 5. MISTERIS TERROR\u00cdFICS"},"content":{"rendered":"<p>El cinqu\u00e8 volum de la col\u00b7lecci\u00f3 d&#8221;\u00e8xit &#8221;Enigmes. Detectius a domicili&#8221; arriba carregat de nous misteris, aquesta vegada aut\u00e8ntics misteris terror\u00edfics: vampirs, homes-llop, monstres, extraterrestres, robots malvats i joguines posse\u00efdes ompliran hores i hores d&#8221;entreteniment per als infants de m\u00e9s de m\u00e9s de 7 anys. Un llibre-joc interactiu i ple de sorpreses que posar\u00e0 a prova tots els teus dots detectivescos. Demostra el teu enginy i resol dotze casos diferents.<\/p>\n<p> Comen\u00e7a la teva investigaci\u00f3 doblegant les p\u00e0gines del llibre per observar amb deteniment l&#8221;interior i l&#8221;exterior dels diferents escenaris del crim, minuciosament il\u00b7lustrats. Llegeix amb atenci\u00f3 els relats de v\u00edctimes, testimonis i sospitosos, segueix totes les pistes i posa a prova la teva capacitat de deducci\u00f3 per trobar el culpable de cada cas. T&#8221;esperen hores i hores de diversi\u00f3!<\/p>\n<p> Aquesta \u00e9s la cinquena entrega d&#8221;una col\u00b7lecci\u00f3 fant\u00e0stica que pret\u00e9n fomentar el gust per la lectura, el raonament l\u00f2gic i la capacitat d&#8221;observaci\u00f3 de nens i nenes. T&#8221;has quedat amb ganes de m\u00e9s? No et perdis &#8221;Enigmes. Detectius a domicili 1&#8221;, &#8221;Enigmes. Detectius a domicili 2&#8221;, &#8221;Enigmes. Detectius a domicili 3 i Enigmes. Detectius a domicili 4. A Par\u00eds&#8221;<\/p>\n","protected":false},"excerpt":{"rendered":"<p>MARTIN, PAUL<\/p>\n","protected":false},"featured_media":541010,"template":"","meta":{"_acf_changed":false,"om_disable_all_campaigns":false,"rs_blank_template":"","rs_page_bg_color":"","slide_template_v7":"","inline_featured_image":false,"_monsterinsights_skip_tracking":false,"_monsterinsights_sitenote_active":false,"_monsterinsights_sitenote_note":"","_monsterinsights_sitenote_category":0},"product_brand":[],"product_cat":[132],"product_tag":[],"class_list":{"0":"post-266261","1":"product","2":"type-product","3":"status-publish","4":"has-post-thumbnail","6":"product_cat-lectures-per-preadolescents-6-12-anys","8":"first","9":"instock","10":"taxable","11":"shipping-taxable","12":"purchasable","13":"product-type-simple"},"acf":{"autor":"MARTIN, PAUL","codart":"841258612","libros-coleccion":"Imagina","ediciones":"1","encuadernacion":"R\u00fastica","fecha_de_publicacion":"01\/11\/2022","novedad":"1","paginas":"64","subtitulo":"","orden":"0","portada":"0","idioma":"cat","editorial":[{"ID":6286,"post_author":"3","post_date":"2022-07-28 17:48:56","post_date_gmt":"2022-07-28 15:48:56","post_content":"","post_title":"Librooks Barcelona","post_excerpt":"","post_status":"publish","comment_status":"closed","ping_status":"closed","post_password":"","post_name":"librooks-barcelona","to_ping":"","pinged":"","post_modified":"2022-07-28 17:48:56","post_modified_gmt":"2022-07-28 15:48:56","post_content_filtered":"","post_parent":0,"guid":"http:\/\/dev.claret.cat\/editorial\/librooks-barcelona\/","menu_order":0,"post_type":"editorial","post_mime_type":"","comment_count":"0","filter":"raw"}],"autores-libros":[{"ID":166742,"post_author":"3","post_date":"2022-10-14 18:05:41","post_date_gmt":"2022-10-14 16:05:41","post_content":"","post_title":"PAUL MARTIN","post_excerpt":"","post_status":"publish","comment_status":"closed","ping_status":"closed","post_password":"","post_name":"paul-martin","to_ping":"","pinged":"","post_modified":"2022-10-14 18:05:41","post_modified_gmt":"2022-10-14 16:05:41","post_content_filtered":"","post_parent":0,"guid":"http:\/\/dev.claret.cat\/autor\/paul-martin\/","menu_order":0,"post_type":"autor","post_mime_type":"","comment_count":"0","filter":"raw"}]},"aioseo_notices":[],"_links":{"self":[{"href":"https:\/\/www.claret.cat\/es\/wp-json\/wp\/v2\/product\/266261","targetHints":{"allow":["GET"]}}],"collection":[{"href":"https:\/\/www.claret.cat\/es\/wp-json\/wp\/v2\/product"}],"about":[{"href":"https:\/\/www.claret.cat\/es\/wp-json\/wp\/v2\/types\/product"}],"wp:featuredmedia":[{"embeddable":true,"href":"https:\/\/www.claret.cat\/es\/wp-json\/wp\/v2\/media\/541010"}],"wp:attachment":[{"href":"https:\/\/www.claret.cat\/es\/wp-json\/wp\/v2\/media?parent=266261"}],"wp:term":[{"taxonomy":"product_brand","embeddable":true,"href":"https:\/\/www.claret.cat\/es\/wp-json\/wp\/v2\/product_brand?post=266261"},{"taxonomy":"product_cat","embeddable":true,"href":"https:\/\/www.claret.cat\/es\/wp-json\/wp\/v2\/product_cat?post=266261"},{"taxonomy":"product_tag","embeddable":true,"href":"https:\/\/www.claret.cat\/es\/wp-json\/wp\/v2\/product_tag?post=266261"}],"curies":[{"name":"wp","href":"https:\/\/api.w.org\/{rel}","templated":true}]}}