{"id":266264,"date":"2022-12-01T12:50:04","date_gmt":"2022-12-01T11:50:04","guid":{"rendered":"http:\/\/dev.claret.cat\/producte\/enigmas-detectives-a-domicilio-5-misterios-terrorificos\/"},"modified":"2023-10-06T07:04:33","modified_gmt":"2023-10-06T05:04:33","slug":"enigmas-detectives-a-domicilio-5-misterios-terrorificos-9788412586138","status":"publish","type":"product","link":"https:\/\/www.claret.cat\/es\/libro\/enigmas-detectives-a-domicilio-5-misterios-terrorificos-9788412586138\/","title":{"rendered":"ENIGMAS. DETECTIVES A DOMICILIO 5. MISTERIOS TERROR\u00cdFICOS"},"content":{"rendered":"<p>El quinto volumen de la colecci\u00f3n de \u00e9xito &#8221;Enigmas. Detectives a domicilio&#8221; llega cargado de nuevos misterios, esta vez aut\u00e9nticos misterios terror\u00edficos: vampiros, hombres-lobo, monstruos, extraterrestres, robots malvados y juguetes pose\u00eddos llenar\u00e1n horas y horas de entretenimiento para los ni\u00f1os y ni\u00f1as de m\u00e1s de 7 a\u00f1os. Un libro-juego interactivo y lleno de sorpresas que pondr\u00e1 a prueba todas tus dotes detectivescas. Demuestra tu ingenio y resuelve doce casos distintos.<\/p>\n<p> Empieza tu investigaci\u00f3n doblando las p\u00e1ginas del libro para observar con detenimiento el interior y el exterior de los distintos escenarios del crimen, minuciosamente ilustrados. Lee con atenci\u00f3n los relatos de v\u00edctimas, testigos y sospechosos, sigue todas las pistas y pone a prueba tu capacidad de deducci\u00f3n para encontrar al culpable de cada caso. \u00a1Te esperan horas y horas de diversi\u00f3n!<\/p>\n<p> \u00c9sta es la quinta entrega de una colecci\u00f3n fant\u00e1stica que pretende fomentar el gusto por la lectura, el razonamiento l\u00f3gico y la capacidad de observaci\u00f3n de ni\u00f1os y ni\u00f1as. \u00bfTe has quedado con ganas de m\u00e1s? No te pierdas &#8221;Enigmas. Detectives a domicilio 1&#8221;, &#8221;Enigmas. Detectives a domicilio 2&#8221;, &#8221;Enigmas. Detectives a domicilio 3 y Enigmas. Detectives a domicilio 4. En Par\u00eds&#8221;<\/p>\n","protected":false},"excerpt":{"rendered":"<p>MARTIN, PAUL<\/p>\n","protected":false},"featured_media":454184,"template":"","meta":{"_acf_changed":false,"om_disable_all_campaigns":false,"rs_blank_template":"","rs_page_bg_color":"","slide_template_v7":"","inline_featured_image":false,"_monsterinsights_skip_tracking":false,"_monsterinsights_sitenote_active":false,"_monsterinsights_sitenote_note":"","_monsterinsights_sitenote_category":0},"product_brand":[],"product_cat":[365,366,362],"product_tag":[],"class_list":{"0":"post-266264","1":"product","2":"type-product","3":"status-publish","4":"has-post-thumbnail","6":"product_cat-entretenimientos","7":"product_cat-juegos-de-estimulacion","8":"product_cat-libros-preadolescentes-6-12-anos","10":"first","11":"instock","12":"taxable","13":"shipping-taxable","14":"purchasable","15":"product-type-simple"},"acf":{"autor":"MARTIN, PAUL","codart":"841258613","libros-coleccion":"Imagina","ediciones":"1","encuadernacion":"R\u00fastica","fecha_de_publicacion":"01\/11\/2022","novedad":"1","paginas":"64","subtitulo":"","orden":"0","portada":"0","idioma":"spa","editorial":[{"ID":6286,"post_author":"3","post_date":"2022-07-28 17:48:56","post_date_gmt":"2022-07-28 15:48:56","post_content":"","post_title":"Librooks Barcelona","post_excerpt":"","post_status":"publish","comment_status":"closed","ping_status":"closed","post_password":"","post_name":"librooks-barcelona","to_ping":"","pinged":"","post_modified":"2022-07-28 17:48:56","post_modified_gmt":"2022-07-28 15:48:56","post_content_filtered":"","post_parent":0,"guid":"http:\/\/dev.claret.cat\/editorial\/librooks-barcelona\/","menu_order":0,"post_type":"editorial","post_mime_type":"","comment_count":"0","filter":"raw"}],"autores-libros":[{"ID":166742,"post_author":"3","post_date":"2022-10-14 18:05:41","post_date_gmt":"2022-10-14 16:05:41","post_content":"","post_title":"PAUL MARTIN","post_excerpt":"","post_status":"publish","comment_status":"closed","ping_status":"closed","post_password":"","post_name":"paul-martin","to_ping":"","pinged":"","post_modified":"2022-10-14 18:05:41","post_modified_gmt":"2022-10-14 16:05:41","post_content_filtered":"","post_parent":0,"guid":"http:\/\/dev.claret.cat\/autor\/paul-martin\/","menu_order":0,"post_type":"autor","post_mime_type":"","comment_count":"0","filter":"raw"}]},"aioseo_notices":[],"_links":{"self":[{"href":"https:\/\/www.claret.cat\/es\/wp-json\/wp\/v2\/product\/266264","targetHints":{"allow":["GET"]}}],"collection":[{"href":"https:\/\/www.claret.cat\/es\/wp-json\/wp\/v2\/product"}],"about":[{"href":"https:\/\/www.claret.cat\/es\/wp-json\/wp\/v2\/types\/product"}],"wp:featuredmedia":[{"embeddable":true,"href":"https:\/\/www.claret.cat\/es\/wp-json\/wp\/v2\/media\/454184"}],"wp:attachment":[{"href":"https:\/\/www.claret.cat\/es\/wp-json\/wp\/v2\/media?parent=266264"}],"wp:term":[{"taxonomy":"product_brand","embeddable":true,"href":"https:\/\/www.claret.cat\/es\/wp-json\/wp\/v2\/product_brand?post=266264"},{"taxonomy":"product_cat","embeddable":true,"href":"https:\/\/www.claret.cat\/es\/wp-json\/wp\/v2\/product_cat?post=266264"},{"taxonomy":"product_tag","embeddable":true,"href":"https:\/\/www.claret.cat\/es\/wp-json\/wp\/v2\/product_tag?post=266264"}],"curies":[{"name":"wp","href":"https:\/\/api.w.org\/{rel}","templated":true}]}}